{"id":1038,"date":"2015-06-10T15:05:47","date_gmt":"2015-06-10T14:05:47","guid":{"rendered":"http:\/\/www.jacques-pain.fr\/jpwp\/?page_id=1038"},"modified":"2015-10-16T15:40:56","modified_gmt":"2015-10-16T13:40:56","slug":"parutions","status":"publish","type":"page","link":"http:\/\/www.jacques-pain.fr\/jpwp\/parutions\/","title":{"rendered":"Parutions"},"content":{"rendered":"<h2>\u00a0des livres de nos amis<\/h2>\n<p>&nbsp;<\/p>\n<figure id=\"attachment_1039\" class=\"wp-caption alignright\" style=\"max-width: 155px\"><a href=\"http:\/\/www.jacques-pain.fr\/jpwp\/wp-content\/uploads\/2015\/06\/Ricardo_Seville.jpg\"><img loading=\"lazy\" decoding=\"async\" class=\"wp-image-1039\" title=\"Ricardo Martinez pr\u00e9parant la soutenance de sa th\u00e8se sur&quot;Les conduites \u00e0 risques&quot; \u00e0 S\u00e9ville (2006)\" src=\"http:\/\/www.jacques-pain.fr\/jpwp\/wp-content\/uploads\/2015\/06\/Ricardo_Seville.jpg\" alt=\"Ricardo_Seville\" width=\"155\" height=\"193\" \/><\/a><figcaption class=\"wp-caption-text\"><span style=\"font-size: 10.6667px; line-height: 17.0667px;\">Ricardo Martinez pr\u00e9parant la soutenance de sa th\u00e8se \u00e0 S\u00e9ville (2006)<\/span><\/figcaption><\/figure>\n<p style=\"text-align: justify;\">\u00a0Nous faisons part ici des publications de groupes et de personnes de nos r\u00e9seaux, ou li\u00e9s \u00e0 nos r\u00e9seaux. Bien s\u00fbr cela ne nous prive en rien de tous les autres livres. D\u2019ailleurs nous renvoyons ici \u00e0 la rubrique \u00ab<a href=\"http:\/\/www.jacques-pain.fr\/jacques-pain\/Lectures_Encarts.html\" target=\"_blank\">Notes de lecture<\/a>\u00bb et par ailleurs nous pensons \u00e0 \u00e9largir notre seuil de lecture et de critique par \u00abnos amis\u00bb et connaisances.<\/p>\n<p>&nbsp;<\/p>\n<p>&nbsp;<\/p>\n<p>&nbsp;<\/p>\n<p>&#8230;&#8230;&#8230;&#8230;&#8230;&#8230;&#8230;&#8230;&#8230;&#8230;&#8230;&#8230;&#8230;..<\/p>\n<p class=\"paragraph_style_16\" style=\"text-align: center;\"><a class=\"class1\" title=\"10_Parution_(47)__Apprendre_a_vivre_ensemble._Des_jeux_pour_eduquer_a_lempathie.html\" href=\"http:\/\/jacques-pain.fr\/jacques-pain\/Quoi_de_neuf\/Entrees\/2015\/9\/10_Parution_%2847%29__Apprendre_a_vivre_ensemble._Des_jeux_pour_eduquer_a_lempathie.html\">Apprendre \u00e0 vivre ensemble en classe <br \/> Des jeux pour \u00e9duquer \u00e0 l\u2019empathie<br \/> <\/a><span class=\"style_2\">O. Zanna<br \/> Dunod, 2015<br \/> <\/span>&#8230;&#8230;&#8230;&#8230;&#8230;&#8230;&#8230;&#8230;&#8230;&#8230;&#8230;&#8230;&#8230;&#8230;&#8230;&#8230;<\/p>\n<div class=\"text-content graphic_textbox_layout_style_default_External_508_122\" style=\"text-align: center;\">\n<div id=\"id10\" class=\"style_SkipStroke_5 shape-with-text\">\n<div class=\"text-content graphic_textbox_layout_style_default_External_504_353\">\n<div class=\"graphic_textbox_layout_style_default\">\n<p class=\"paragraph_style_16\"><a class=\"class34\" title=\"..\/2\/9_Parution_(42)__2_revues_chez_ERES.html\" href=\"http:\/\/www.jacques-pain.fr\/jacques-pain\/Quoi_de_neuf\/Entrees\/2015\/2\/9_Parution_%2842%29__2_revues_chez_ERES.html\">2 Revues chez \u00c9r\u00e9s:<\/a><span class=\"style_6\"><br \/> <\/span><span class=\"style_8\">Pr\u00e9vention et gestion de la violence <br \/> <\/span>Les Cahiers dynamiques (PJJ)<span class=\"style_9\"> <br \/> <\/span><span class=\"style_9\">Psychoth\u00e9rapie et institutions<br \/> <\/span>Empan\u00a0Janvier 2015<br \/> &#8230;&#8230;&#8230;&#8230;&#8230;&#8230;&#8230;&#8230;&#8230;&#8230;&#8230;&#8230;&#8230;&#8230;&#8230;.<br \/> <a class=\"class35\" title=\"7_Parution_(46)__Des_innovations_pedagogiques_de_crise.html\" href=\"http:\/\/www.jacques-pain.fr\/jacques-pain\/Quoi_de_neuf\/Entrees\/2015\/6\/7_Parution_%2846%29__Des_innovations_pedagogiques_de_crise.html\">Des innovations p\u00e9dagogiques et \u00e9ducatives <br \/> en r\u00e9ponse \u00e0 la crise de l\u2019\u00e9cole<br \/> <\/a>M.A. Hugon, B. Robbes<br \/> Presses Universitaires d\u2019Artois, 2015<br \/> &#8230;&#8230;&#8230;&#8230;&#8230;&#8230;&#8230;&#8230;&#8230;&#8230;&#8230;&#8230;&#8230;&#8230;&#8230;.<br \/> <a class=\"class36\" title=\"7_Parution_(45)__La_violence_en_institution.html\" href=\"http:\/\/www.jacques-pain.fr\/jacques-pain\/Quoi_de_neuf\/Entrees\/2015\/6\/7_Parution_%2845%29__La_violence_en_institution.html\">La violence en institution<br \/> <\/a>R\u00e9mi Casanova, S\u00e9bastien Pesce<br \/> Presses Universitaires de Rennes, 2015<br \/> &#8230;&#8230;&#8230;&#8230;&#8230;&#8230;&#8230;&#8230;&#8230;&#8230;&#8230;&#8230;&#8230;&#8230;.<\/p>\n<\/div>\n<\/div>\n<\/div>\n<\/div>\n<p style=\"text-align: center;\"><a class=\"class29\" title=\"..\/2\/2_Publication__Christine_Vander_Borght.html\" href=\"http:\/\/www.jacques-pain.fr\/jacques-pain\/Quoi_de_neuf\/Entrees\/2015\/2\/2_Publication__Christine_Vander_Borght.html\">Travailler ensemble en institution<\/a><br \/> Christine Vander Borght<br \/> Yapaka.be 2015<br \/> &#8230;&#8230;&#8230;&#8230;&#8230;&#8230;&#8230;&#8230;&#8230;&#8230;&#8230;&#8230;&#8230;&#8230;<a class=\"class30\" style=\"line-height: 1.5;\" title=\"..\/2\/4_Parution_(41)__Linclusion_scolaireMarta_Helena_Burity_SerpaRosane_Gumiero_Dias_da_Silva.html\" href=\"http:\/\/www.jacques-pain.fr\/jacques-pain\/Quoi_de_neuf\/Entrees\/2015\/2\/4_Parution_%2841%29__Linclusion_scolaireMarta_Helena_Burity_SerpaRosane_Gumiero_Dias_da_Silva.html\"><br \/> <\/a><a class=\"class32\" title=\"..\/2\/16_Parution_(43)__Omar_ZanaLe_corps_dans_la_relation_aux_autres.html\" href=\"http:\/\/www.jacques-pain.fr\/jacques-pain\/Quoi_de_neuf\/Entrees\/2015\/2\/16_Parution_%2843%29__Omar_ZanaLe_corps_dans_la_relation_aux_autres.html\">Le corps dans la relation aux autres<br \/> <\/a><span class=\"style_6\" style=\"line-height: 1.5;\">Omar Zana<br \/> <\/span><span class=\"style_6\" style=\"line-height: 1.5;\">PUR 2015<a class=\"class30\" style=\"line-height: 1.5;\" title=\"..\/2\/4_Parution_(41)__Linclusion_scolaireMarta_Helena_Burity_SerpaRosane_Gumiero_Dias_da_Silva.html\" href=\"http:\/\/www.jacques-pain.fr\/jacques-pain\/Quoi_de_neuf\/Entrees\/2015\/2\/4_Parution_%2841%29__Linclusion_scolaireMarta_Helena_Burity_SerpaRosane_Gumiero_Dias_da_Silva.html\"><br \/> <\/a><\/span><a class=\"class30\" style=\"line-height: 1.5;\" title=\"..\/2\/4_Parution_(41)__Linclusion_scolaireMarta_Helena_Burity_SerpaRosane_Gumiero_Dias_da_Silva.html\" href=\"http:\/\/www.jacques-pain.fr\/jacques-pain\/Quoi_de_neuf\/Entrees\/2015\/2\/4_Parution_%2841%29__Linclusion_scolaireMarta_Helena_Burity_SerpaRosane_Gumiero_Dias_da_Silva.html\">&#8230;&#8230;&#8230;&#8230;&#8230;&#8230;&#8230;&#8230;&#8230;&#8230;&#8230;&#8230;&#8230;&#8230;&#8230;&#8230;..<br \/> L\u2019inclusion scolaire en temps de violence.\u00a0<br \/> <\/a>Contribution de la psychoth\u00e9rapie et de la p\u00e9dagogie institutionnelles<br \/> Marta Helena Burity Serpa, Rosane Gumiero Dias da Silva<br \/> Campina grande EDUFCG 2014<\/p>\n<div class=\"text-content graphic_textbox_layout_style_default_External_508_122\" style=\"text-align: center;\">\n<div class=\"graphic_textbox_layout_style_default\">&#8230;&#8230;&#8230;&#8230;&#8230;&#8230;&#8230;&#8230;&#8230;&#8230;&#8230;&#8230;.<\/div>\n<div id=\"id10\" class=\"style_SkipStroke_5 shape-with-text\">\n<div class=\"text-content graphic_textbox_layout_style_default_External_504_353\">\n<div class=\"graphic_textbox_layout_style_default\">\n<p class=\"paragraph_style_16\"><a class=\"class31\" title=\"..\/2\/16_Parution_(44)__Olivier_BritoTourisme_international_et_reinvention_de_la_mendicite.html\" href=\"http:\/\/www.jacques-pain.fr\/jacques-pain\/Quoi_de_neuf\/Entrees\/2015\/2\/16_Parution_%2844%29__Olivier_BritoTourisme_international_et_reinvention_de_la_mendicite.html\">Tourisme international et r\u00e9invention de la mendicit\u00e9<br \/> <\/a>Olivier Brito<br \/> L\u2019Harmattan 2014<br \/> &#8230;&#8230;&#8230;&#8230;&#8230;&#8230;&#8230;&#8230;&#8230;&#8230;..<\/p>\n<\/div>\n<\/div>\n<\/div>\n<\/div>\n<p style=\"text-align: center;\"><a class=\"class1\" title=\"..\/..\/2014\/5\/19_Parution_(38)__Lecole,_le_desir_et_la_loi_Fernand_Oury_et_la_pedagogie_institutionnelle_Raymond_Benevent,_Claude_Mouchet_Champ_social,_Matrice._2014_493_pages_et_un_album_photos.html\" href=\"http:\/\/www.jacques-pain.fr\/jacques-pain\/Quoi_de_neuf\/Entrees\/2014\/5\/19_Parution_%2838%29__Lecole,_le_desir_et_la_loi_Fernand_Oury_et_la_pedagogie_institutionnelle_Raymond_Benevent,_Claude_Mouchet_Champ_social,_Matrice._2014_493_pages_et_un_album_photos.html\">L\u2019\u00e9cole, le d\u00e9sir et la loi. Fernand Oury et la p\u00e9dagogie institutionnelle. <br \/> Histoire, concepts, pratiques<br \/> <\/a>Raymond B\u00e9n\u00e9vent, Claude Mouchet<br \/> Champ social Matrice. 2014<br \/> &#8230;&#8230;&#8230;&#8230;&#8230;&#8230;&#8230;&#8230;&#8230;&#8230;&#8230;<br \/> <a class=\"class2\" title=\"..\/..\/2014\/5\/19_Parution_(36)__Les_inegalites_dans_lunion_europeenne_et_ailleurs._Et_si_on_osait_Gabriel_Langouet,_LHarmattan_2014.html\" href=\"http:\/\/www.jacques-pain.fr\/jacques-pain\/Quoi_de_neuf\/Entrees\/2014\/5\/19_Parution_%2836%29__Les_inegalites_dans_lunion_europeenne_et_ailleurs._Et_si_on_osait_Gabriel_Langouet,_LHarmattan_2014.html\">Les in\u00e9galit\u00e9s dans l\u2019union europ\u00e9enne et ailleurs. Et si on osait?<br \/> <\/a>Gabriel Langou\u00ebt<br \/> L\u2019Harmattan. 2014<br \/> &#8230;&#8230;&#8230;&#8230;&#8230;&#8230;&#8230;&#8230;&#8230;&#8230;&#8230;<br \/> <a class=\"class3\" title=\"..\/..\/2013\/8\/20_Parution_(35)_.html\" href=\"http:\/\/www.jacques-pain.fr\/jacques-pain\/Quoi_de_neuf\/Entrees\/2013\/8\/20_Parution_%2835%29_.html\">Une \u00e9ducation martiale contre la violence. Du coeur au corps.<\/a><br \/> St\u00e9phane Dervaux<br \/> Champ social. Matrice, 2013<br \/> &#8230;&#8230;&#8230;&#8230;&#8230;&#8230;&#8230;&#8230;&#8230;&#8230;&#8230;<br \/> <a class=\"class4\" title=\"..\/..\/2013\/8\/3_Parution_(34)__Inconsciente_e_educacao.html\" href=\"http:\/\/www.jacques-pain.fr\/jacques-pain\/Quoi_de_neuf\/Entrees\/2013\/8\/3_Parution_%2834%29__Inconsciente_e_educacao.html\">Inconsciente e educa\u00e7\u00e0o<br \/> <\/a>Iriquitan de Oliveira Caminha Organizador<br \/> Editora CRV, Curitiba, Brasil, 2012 <br \/> &#8230;&#8230;&#8230;&#8230;&#8230;&#8230;&#8230;&#8230;&#8230;&#8230;&#8230;&#8230;&#8230;.. <br \/> <a class=\"class5\" title=\"..\/..\/2013\/7\/27_Parution_(33)__La_formation_aux_questions_dautoriteRevue_Recherche_et_Formation.html\" href=\"http:\/\/www.jacques-pain.fr\/jacques-pain\/Quoi_de_neuf\/Entrees\/2013\/7\/27_Parution_%2833%29__La_formation_aux_questions_dautoriteRevue_Recherche_et_Formation.html\">La formation aux questions d\u2019autorit\u00e9<br \/> <\/a>Recherche et Formation n\u00b0 7<br \/> ENS Lyon \u00e9ditions 2012<br \/> &#8230;&#8230;&#8230;&#8230;&#8230;&#8230;&#8230;&#8230;&#8230;&#8230;&#8230;&#8230;&#8230;&#8230;<br \/> La Borde et la psychoth\u00e9rapie institutionnelle: <br \/> <a class=\"class6\" title=\"..\/..\/2013\/3\/24_La_Borde__les_publications.html\" href=\"http:\/\/www.jacques-pain.fr\/jacques-pain\/Quoi_de_neuf\/Entrees\/2013\/3\/24_La_Borde__les_publications.html\">les publications de La Borde. 2013<\/a><br \/> &#8230;&#8230;&#8230;&#8230;&#8230;&#8230;&#8230;&#8230;&#8230;&#8230;&#8230;&#8230;&#8230;&#8230;<br \/> <a class=\"class7\" title=\"..\/..\/2013\/3\/20_Parution_(31)__Former_les_elites_autrement.html\" href=\"http:\/\/www.jacques-pain.fr\/jacques-pain\/Quoi_de_neuf\/Entrees\/2013\/3\/20_Parution_%2831%29__Former_les_elites_autrement.html\">Former les \u00e9lites autrement<br \/> <\/a>Catherine Nafti-Malherbe<br \/> ST L\u00e9ger \u00e9ditions (2013)<br \/> &#8230;&#8230;&#8230;&#8230;&#8230;&#8230;&#8230;&#8230;&#8230;&#8230;&#8230;&#8230;&#8230;&#8230;.<br \/> <a class=\"class8\" title=\"..\/..\/2013\/3\/15_Parution_(30)__Lentre-corps.html\" href=\"http:\/\/www.jacques-pain.fr\/jacques-pain\/Quoi_de_neuf\/Entrees\/2013\/3\/15_Parution_%2830%29__Lentre-corps.html\">L\u2019entre-corps<br \/> <\/a>La symbiose partielle dans l\u2019approche de la psychose<span class=\"style_3\"><br \/> <\/span>Catherine de Luca Bernier<br \/> MJW F\u00e9dition (2013)<br \/> &#8230;&#8230;&#8230;&#8230;&#8230;&#8230;&#8230;&#8230;&#8230;&#8230;&#8230;&#8230;&#8230;&#8230;.<br \/> <a class=\"class9\" title=\"..\/..\/2013\/3\/12_Parution_(29)__Le_sujet_handicape.html\" href=\"http:\/\/www.jacques-pain.fr\/jacques-pain\/Quoi_de_neuf\/Entrees\/2013\/3\/12_Parution_%2829%29__Le_sujet_handicape.html\">Le sujet handicap\u00e9. <br \/> <\/a><a class=\"class10\" title=\"..\/..\/2013\/3\/12_Parution_(29)__Le_sujet_handicape.html\" href=\"http:\/\/www.jacques-pain.fr\/jacques-pain\/Quoi_de_neuf\/Entrees\/2013\/3\/12_Parution_%2829%29__Le_sujet_handicape.html\">Evocations du lien psychique et du lien social<br \/> <\/a>Jean-S\u00e9bastien Morvan<br \/> L\u2019Harmattan (2013)<br \/> &#8230;&#8230;&#8230;&#8230;&#8230;&#8230;&#8230;&#8230;&#8230;&#8230;&#8230;&#8230;&#8230;&#8230;..<br \/> <a class=\"class11\" title=\"..\/..\/2013\/2\/19_Parution_(26)__Le_plaisir_daller_a_lecole._Ouvrir_lecole,_creer_des_reseaux..html\" href=\"http:\/\/www.jacques-pain.fr\/jacques-pain\/Quoi_de_neuf\/Entrees\/2013\/2\/19_Parution_%2826%29__Le_plaisir_daller_a_lecole._Ouvrir_lecole,_creer_des_reseaux..html\">Le plaisir d\u2019aller \u00e0 l\u2019\u00e9cole.<br \/> <\/a><a class=\"class12\" title=\"..\/..\/2013\/2\/19_Parution_(26)__Le_plaisir_daller_a_lecole._Ouvrir_lecole,_creer_des_reseaux..html\" href=\"http:\/\/www.jacques-pain.fr\/jacques-pain\/Quoi_de_neuf\/Entrees\/2013\/2\/19_Parution_%2826%29__Le_plaisir_daller_a_lecole._Ouvrir_lecole,_creer_des_reseaux..html\">Ouvrir l\u2019\u00e9cole, cr\u00e9er des r\u00e9seaux<br \/> <\/a>Claire Heber-Suffrin (sous la direction de)<br \/> Chroniques sociales (2013)<br \/> &#8230;&#8230;&#8230;&#8230;&#8230;&#8230;&#8230;&#8230;&#8230;&#8230;&#8230;&#8230;&#8230;&#8230;..<br \/> <a class=\"class13\" title=\"..\/..\/2012\/12\/22_Parutions_(27)__Le_jazz__un_modele_pour_apprendre,_de_la_musique_a_une_construction_de_soi.html\" href=\"http:\/\/www.jacques-pain.fr\/jacques-pain\/Quoi_de_neuf\/Entrees\/2012\/12\/22_Parutions_%2827%29__Le_jazz__un_modele_pour_apprendre,_de_la_musique_a_une_construction_de_soi.html\">Le jazz: un mod\u00e8le pour apprendre. <br \/> De la musique \u00e0 une construction de soi<br \/> <\/a>Charles Calamel<br \/> L\u2019Harmattan (2012)<br \/> &#8230;&#8230;&#8230;&#8230;&#8230;&#8230;&#8230;&#8230;&#8230;&#8230;&#8230;&#8230;&#8230;&#8230;..<br \/> <a class=\"class14\" title=\"..\/..\/2012\/12\/7_Parutions_(26)__nos_amis_Quebecois.html\" href=\"http:\/\/www.jacques-pain.fr\/jacques-pain\/Quoi_de_neuf\/Entrees\/2012\/12\/7_Parutions_%2826%29__nos_amis_Quebecois.html\">Trois publications qu\u00e9becoises \u00e0 propos de l\u2019\u00e9cole, de la p\u00e9dagogie, <br \/> et du d\u00e9crochage, du raccrochage<br \/> <\/a>Danielle Desmarais, G\u00e9rald Boutin, et les co-auteurs, 2012<br \/> &#8230;&#8230;&#8230;&#8230;&#8230;&#8230;&#8230;&#8230;&#8230;&#8230;&#8230;&#8230;&#8230;&#8230;&#8230;&#8230;.<br \/> <a class=\"class15\" title=\"..\/..\/2012\/10\/6_Parution_(25)__La_personnalisation_des_apprentissages._Agir_face_a_lheterogeneite,_a_lecole_et_au_college.html\" href=\"http:\/\/www.jacques-pain.fr\/jacques-pain\/Quoi_de_neuf\/Entrees\/2012\/10\/6_Parution_%2825%29__La_personnalisation_des_apprentissages._Agir_face_a_lheterogeneite,_a_lecole_et_au_college.html\">La personnalisation des apprentissages. <br \/> Agir face \u00e0 l\u2019h\u00e9t\u00e9g\u00e9ron\u00e9it\u00e9, \u00e0 l\u2019\u00e9cole et au coll\u00e8ge<br \/> <\/a>Sylvain Connac<br \/> ESF (2012)<br \/> &#8230;&#8230;&#8230;&#8230;&#8230;&#8230;&#8230;&#8230;&#8230;&#8230;&#8230;&#8230;&#8230;&#8230;&#8230;&#8230;&#8230;&#8230;<br \/> <a class=\"class16\" title=\"..\/..\/2011\/7\/16_Parution_(14)_Mondialisation__lEducation_fera_la_difference.html\" href=\"http:\/\/www.jacques-pain.fr\/jacques-pain\/Quoi_de_neuf\/Entrees\/2011\/7\/16_Parution_%2814%29_Mondialisation__lEducation_fera_la_difference.html\">Mondialisation: l\u2019\u00e9ducation fera la diff\u00e9rence<\/a> <br \/> Jacques Pain<br \/> L\u2019\u00e0part \u00e9ditions (2011)<br \/> &#8230;&#8230;&#8230;&#8230;&#8230;&#8230;&#8230;&#8230;&#8230;&#8230;&#8230;&#8230;&#8230;&#8230;&#8230;.<br \/> <a title=\"..\/..\/2012\/6\/29_Parution_(24)__Escolas__Faces_da_violencia,_faces_de_paz.html\" href=\"http:\/\/www.jacques-pain.fr\/jacques-pain\/Quoi_de_neuf\/Entrees\/2012\/6\/29_Parution_%2824%29__Escolas__Faces_da_violencia,_faces_de_paz.html\">Escolas: Faces de violencia, faces de paz<\/a><br \/> Fernando Andrade, organizador<br \/> Editions de l\u2019Universit\u00e9 F\u00e9d\u00e9rale de Paraiba (2012)<br \/> &#8230;&#8230;&#8230;&#8230;&#8230;&#8230;&#8230;&#8230;&#8230;&#8230;&#8230;&#8230;&#8230;&#8230;&#8230;&#8230;&#8230;<br \/> <a title=\"..\/..\/2012\/6\/11_Parution_(23)__La_reussite_educative,_une_experimentation_sociale_a_Romans-sur-Isere.html\" href=\"http:\/\/www.jacques-pain.fr\/jacques-pain\/Quoi_de_neuf\/Entrees\/2012\/6\/11_Parution_%2823%29__La_reussite_educative,_une_experimentation_sociale_a_Romans-sur-Isere.html\">La r\u00e9ussite \u00e9ducative: une exp\u00e9rimentation sociale \u00e0 Romans sur Is\u00e8re<br \/> <\/a>Herv\u00e9 Cellier<br \/> ESF (2012)<br \/> &#8230;&#8230;&#8230;&#8230;&#8230;&#8230;&#8230;&#8230;&#8230;&#8230;&#8230;&#8230;&#8230;&#8230;&#8230;&#8230;..<br \/> <a title=\"..\/..\/2012\/5\/20_Parution_(22)__Les_alliances_educatives_pour_lutter_contre_le_decrochage_scolaire.html\" href=\"http:\/\/www.jacques-pain.fr\/jacques-pain\/Quoi_de_neuf\/Entrees\/2012\/5\/20_Parution_%2822%29__Les_alliances_educatives_pour_lutter_contre_le_decrochage_scolaire.html\">Les alliances \u00e9ducatives pour lutter contre le d\u00e9crochage scolaire<\/a><br \/> Jean-Luc Gilles, Pierre Potvin, Chantal Ti\u00e8che Cristinat<br \/> PETER LANG (2012)<br \/> &#8230;&#8230;&#8230;&#8230;&#8230;&#8230;&#8230;&#8230;&#8230;&#8230;&#8230;&#8230;&#8230;&#8230;&#8230;&#8230;.<br \/> <a title=\"..\/..\/2012\/5\/20_Parution_(20)__Quest-ce_qui_fait_autorite_dans_les_institutions_medico-sociales_Autorites,_pouvoirs,_decisions,_responsabilites.html\" href=\"http:\/\/www.jacques-pain.fr\/jacques-pain\/Quoi_de_neuf\/Entrees\/2012\/5\/20_Parution_%2820%29__Quest-ce_qui_fait_autorite_dans_les_institutions_medico-sociales_Autorites,_pouvoirs,_decisions,_responsabilites.html\">Qu\u2019est-ce qui fait autorit\u00e9 dans les institutions m\u00e9dico-sociales? <br \/> Autorit\u00e9s, pouvoirs, d\u00e9cisions, responsabilit\u00e9s<\/a><br \/> Christine Vander Borght, Murielle Meynckens-Fourez<br \/> \u00c9R\u00c8S (201<br \/> &#8230;&#8230;&#8230;&#8230;&#8230;&#8230;&#8230;&#8230;&#8230;&#8230;&#8230;&#8230;&#8230;&#8230;&#8230;.<br \/> <a title=\"..\/..\/2012\/3\/12_Parution_(20)__Apprendre_a_penser_complexe.html\" href=\"http:\/\/www.jacques-pain.fr\/jacques-pain\/Quoi_de_neuf\/Entrees\/2012\/3\/12_Parution_%2820%29__Apprendre_a_penser_complexe.html\">Apprendre \u00e0 penser complexe<\/a><br \/> 1- Se relier au monde 2- Reliances humaines et personnelles<br \/> Jean-Marc Fert<br \/> ODIN ( 2011 )<br \/> &#8230;&#8230;&#8230;&#8230;&#8230;&#8230;&#8230;&#8230;&#8230;&#8230;&#8230;&#8230;&#8230;&#8230;&#8230;&#8230;..<br \/> <a class=\"class17\" title=\"..\/..\/2011\/11\/22_Parution_(19)__Apprendre_avec_les_pedagogies_cooperatives.html\" href=\"http:\/\/www.jacques-pain.fr\/jacques-pain\/Quoi_de_neuf\/Entrees\/2011\/11\/22_Parution_%2819%29__Apprendre_avec_les_pedagogies_cooperatives.html\">Apprendre avec les p\u00e9dagogies coop\u00e9ratives. <br \/> D\u00e9marches et outils pour l\u2019\u00e9cole.<br \/> <\/a>Sylvain Connac<br \/> ESF (2009)<br \/> &#8230;&#8230;&#8230;&#8230;&#8230;&#8230;&#8230;&#8230;&#8230;&#8230;&#8230;&#8230;&#8230;&#8230;&#8230;.<br \/> <a class=\"class18\" title=\"..\/..\/2011\/10\/1_Parution_(18)__Pedagogues_de_lextreme.Leducabilite_a_lepreuve_du_reel..html\" href=\"http:\/\/www.jacques-pain.fr\/jacques-pain\/Quoi_de_neuf\/Entrees\/2011\/10\/1_Parution_%2818%29__Pedagogues_de_lextreme.Leducabilite_a_lepreuve_du_reel..html\">P\u00e9dagogues de l\u2019extr\u00eame. L\u2019\u00e9ducabilit\u00e9 \u00e0 l\u2019\u00e9preuve du r\u00e9el.<br \/> <\/a>sous la direction de R\u00e9mi Casanova et S\u00e9bastien Pesce<br \/> ESF (2011) <br \/> &#8230;&#8230;&#8230;&#8230;&#8230;&#8230;&#8230;&#8230;&#8230;&#8230;&#8230;&#8230;&#8230;&#8230;&#8230;&#8230;<br \/> <a class=\"class19\" title=\"..\/..\/2011\/9\/8_Parution_(16)__Vers_une_ecole_sans_exclusion.html\" href=\"http:\/\/www.jacques-pain.fr\/jacques-pain\/Quoi_de_neuf\/Entrees\/2011\/9\/8_Parution_%2816%29__Vers_une_ecole_sans_exclusion.html\">Vers une \u00e9cole sans exclusion<\/a><br \/> Jean-Luc Tilmant<br \/> Matrice (2011)<br \/> &#8230;&#8230;&#8230;&#8230;&#8230;&#8230;&#8230;&#8230;&#8230;&#8230;&#8230;&#8230;&#8230;&#8230;..<br \/> <a class=\"class20\" title=\"..\/..\/2011\/9\/12_Parution_(17)__Eduquer_et_soigner_en_equipe.html\" href=\"http:\/\/www.jacques-pain.fr\/jacques-pain\/Quoi_de_neuf\/Entrees\/2011\/9\/12_Parution_%2817%29__Eduquer_et_soigner_en_equipe.html\">Eduquer et soigner en \u00e9quipe<\/a><br \/> sous la direction de Muriel Meynckens-Fourez, <br \/> Christine Vander Borght, Philippe Kinoo<br \/> De Boeck (2011) <br \/> &#8230;&#8230;&#8230;&#8230;&#8230;&#8230;&#8230;&#8230;&#8230;&#8230;&#8230;&#8230;&#8230;&#8230;..<br \/> <a class=\"class21\" title=\"..\/..\/2011\/9\/6_Parution_(15)__Identifier_des_besoins_dapprentissages_(2011),_Troubles_cognitifs_et_mediations_dapprentissage_(2011),_LHarmattan.html\" href=\"http:\/\/www.jacques-pain.fr\/jacques-pain\/Quoi_de_neuf\/Entrees\/2011\/9\/6_Parution_%2815%29__Identifier_des_besoins_dapprentissages_%282011%29,_Troubles_cognitifs_et_mediations_dapprentissage_%282011%29,_LHarmattan.html\"><span class=\"style_4\">Identifier des besoins d\u2019apprentissage<\/span><\/a><br \/> Val\u00e9rie Barry<br \/> <a class=\"class22\" title=\"..\/..\/2011\/9\/6_Parution_(15)__Identifier_des_besoins_dapprentissages_(2011),_Troubles_cognitifs_et_mediations_dapprentissage_(2011),_LHarmattan.html\" href=\"http:\/\/www.jacques-pain.fr\/jacques-pain\/Quoi_de_neuf\/Entrees\/2011\/9\/6_Parution_%2815%29__Identifier_des_besoins_dapprentissages_%282011%29,_Troubles_cognitifs_et_mediations_dapprentissage_%282011%29,_LHarmattan.html\">Troubles cognitifs et m\u00e9diations d\u2019apprentissage<br \/> <\/a>Val\u00e9rie Barry, Ann Palmier<br \/> L\u2019Harmattan (2011)<br \/> &#8230;&#8230;&#8230;&#8230;&#8230;&#8230;&#8230;&#8230;&#8230;&#8230;&#8230;&#8230;&#8230;&#8230;..<br \/> <a class=\"class23\" title=\"..\/..\/2011\/6\/1_Parution_(13)_Transformer_la_violence_des_eleves_(2007),_Cessons_de_demotiver_les_eleves_(2010),_Dunod.html\" href=\"http:\/\/www.jacques-pain.fr\/jacques-pain\/Quoi_de_neuf\/Entrees\/2011\/6\/1_Parution_%2813%29_Transformer_la_violence_des_eleves_%282007%29,_Cessons_de_demotiver_les_eleves_%282010%29,_Dunod.html\">Transformer la violence des \u00e9l\u00e8ves <br \/> <\/a><a class=\"class24\" title=\"..\/..\/2011\/6\/1_Parution_(13)_Transformer_la_violence_des_eleves_(2007),_Cessons_de_demotiver_les_eleves_(2010),_Dunod.html\" href=\"http:\/\/www.jacques-pain.fr\/jacques-pain\/Quoi_de_neuf\/Entrees\/2011\/6\/1_Parution_%2813%29_Transformer_la_violence_des_eleves_%282007%29,_Cessons_de_demotiver_les_eleves_%282010%29,_Dunod.html\">Cessons de d\u00e9motiver les \u00e9l\u00e8ves <br \/> <\/a>Daniel Favre<br \/> Dunod (2007 et 2011)<br \/> <span class=\"style_4\">&#8230;&#8230;&#8230;&#8230;&#8230;&#8230;&#8230;&#8230;&#8230;&#8230;&#8230;&#8230;&#8230;&#8230;&#8230;..<br \/> <\/span><a class=\"class25\" title=\"..\/..\/2011\/5\/27_Parution_(12)_Adolescents_delinquants_et_leurs_parents.html\" href=\"http:\/\/www.jacques-pain.fr\/jacques-pain\/Quoi_de_neuf\/Entrees\/2011\/5\/27_Parution_%2812%29_Adolescents_delinquants_et_leurs_parents.html\">Adolescents d\u00e9linquants et leurs parents<\/a><br \/> Bandes et violences en groupe<br \/> Bernard Gaillard, Sylvie Hamel, Ren\u00e9-Andr\u00e9 Brisebois<br \/> L\u2019harmattan (2011)<br \/> &#8230;&#8230;&#8230;&#8230;&#8230;&#8230;&#8230;&#8230;&#8230;&#8230;&#8230;&#8230;&#8230;&#8230;&#8230;.<br \/> <a class=\"class26\" title=\"..\/..\/2011\/5\/26_Parution_(11)_Dans_le_vent_violent_de_lhistoire,_parcours_dun_enfant_de_la_revolution_hongroise.html\" href=\"http:\/\/www.jacques-pain.fr\/jacques-pain\/Quoi_de_neuf\/Entrees\/2011\/5\/26_Parution_%2811%29_Dans_le_vent_violent_de_lhistoire,_parcours_dun_enfant_de_la_revolution_hongroise.html\">Dans le vent violent de l\u2019histoire<br \/> <\/a>Parcours d\u2019un enfant de la r\u00e9volution hongroise<br \/> Zoltan Veres<br \/> Les \u00e9ditions de Paris Marc Chaleil<\/p>\n","protected":false},"excerpt":{"rendered":"<p>\u00a0des livres de nos amis &nbsp; \u00a0Nous faisons part ici des publications de groupes et de personnes de nos r\u00e9seaux, ou li\u00e9s \u00e0 nos r\u00e9seaux. Bien s\u00fbr cela ne nous prive en rien de tous les autres livres. D\u2019ailleurs nous renvoyons ici \u00e0 la rubrique \u00abNotes de lecture\u00bb et par ailleurs nous pensons \u00e0 \u00e9largir [&hellip;]<\/p>\n","protected":false},"author":1,"featured_media":0,"parent":0,"menu_order":1,"comment_status":"closed","ping_status":"closed","template":"","meta":{"footnotes":""},"_links":{"self":[{"href":"http:\/\/www.jacques-pain.fr\/jpwp\/wp-json\/wp\/v2\/pages\/1038"}],"collection":[{"href":"http:\/\/www.jacques-pain.fr\/jpwp\/wp-json\/wp\/v2\/pages"}],"about":[{"href":"http:\/\/www.jacques-pain.fr\/jpwp\/wp-json\/wp\/v2\/types\/page"}],"author":[{"embeddable":true,"href":"http:\/\/www.jacques-pain.fr\/jpwp\/wp-json\/wp\/v2\/users\/1"}],"replies":[{"embeddable":true,"href":"http:\/\/www.jacques-pain.fr\/jpwp\/wp-json\/wp\/v2\/comments?post=1038"}],"version-history":[{"count":16,"href":"http:\/\/www.jacques-pain.fr\/jpwp\/wp-json\/wp\/v2\/pages\/1038\/revisions"}],"predecessor-version":[{"id":1501,"href":"http:\/\/www.jacques-pain.fr\/jpwp\/wp-json\/wp\/v2\/pages\/1038\/revisions\/1501"}],"wp:attachment":[{"href":"http:\/\/www.jacques-pain.fr\/jpwp\/wp-json\/wp\/v2\/media?parent=1038"}],"curies":[{"name":"wp","href":"https:\/\/api.w.org\/{rel}","templated":true}]}}