{"id":1072,"date":"2015-06-12T17:22:55","date_gmt":"2015-06-12T16:22:55","guid":{"rendered":"http:\/\/www.jacques-pain.fr\/jpwp\/?page_id=1072"},"modified":"2017-09-02T17:41:49","modified_gmt":"2017-09-02T15:41:49","slug":"recherches-et-pratiques-de-recherche","status":"publish","type":"page","link":"http:\/\/www.jacques-pain.fr\/jpwp\/recherches-et-pratiques-de-recherche\/","title":{"rendered":"Recherches et pratiques de recherche"},"content":{"rendered":"<h2 style=\"text-align: left;\"><img loading=\"lazy\" decoding=\"async\" class=\" size-full wp-image-1076 alignleft\" src=\"http:\/\/www.jacques-pain.fr\/jpwp\/wp-content\/uploads\/2015\/06\/Recherches.jpg\" alt=\"Recherches\" width=\"136\" height=\"147\" \/><\/h2>\n<h2 style=\"text-align: left;\">\u00a0<\/h2>\n<h2 style=\"text-align: left;\">Recherches actives et pratiques de recherche active\u00a0<\/h2>\n<p>&nbsp;<\/p>\n<h3 style=\"text-align: left;\">\u00a0<\/h3>\n<h3 style=\"text-align: left;\">\u00a0Des \u00e9tudes et \u00e9valuations<\/h3>\n<p><a class=\"class1\" title=\"Les_Bourseaux.html\" href=\"http:\/\/www.jacques-pain.fr\/jacques-pain\/Les_Bourseaux.html\"><span class=\"style_3\">Devenir des anciens \u00e9l\u00e8ves de l\u2019\u00e9cole publique active des Bourseaux.<\/span><\/a> Olivier Brito <span class=\"style_4\">(<\/span><span class=\"style_5\">T)<\/span><\/p>\n<p><a class=\"class2\" title=\"Courcouronnes.html\" href=\"http:\/\/www.jacques-pain.fr\/jacques-pain\/Courcouronnes.html\">Le dispositif \u00abAlternative suspension\u00bb de Courcouronnes<\/a>. <span class=\"style_6\">Olivier Brito<\/span><\/p>\n<p><a class=\"class3\" title=\"Rech_Violences_a_lecole.html\" href=\"http:\/\/www.jacques-pain.fr\/jacques-pain\/Rech_Violences_a_lecole.html\"><span class=\"style_3\">Violences \u00e0 l\u2019\u00e9cole. Allemagne, Angleterre, France.<\/span> Une \u00e9tude comparative europ\u00e9enne de 12 \u00e9tablissements secondaires. <\/a>Jacques Pain<span class=\"style_4\"> (<\/span><span class=\"style_5\">T)<\/span><\/p>\n<p><a class=\"class4\" title=\"Rech_De_lautre_cote_de_la_sanction.html\" href=\"http:\/\/www.jacques-pain.fr\/jacques-pain\/Rech_De_lautre_cote_de_la_sanction.html\"><span class=\"style_3\">De l\u2019autre c\u00f4t\u00e9 de la sanction<\/span>.<\/a> Alain Vulbeau, Jacques Pain <span class=\"style_4\">(<\/span><span class=\"style_5\">T)<\/span><\/p>\n<h3 class=\"paragraph_style_8\">Des projets europ\u00e9ens<\/h3>\n<p class=\"paragraph_style_8\"><a class=\"class5\" title=\"Rech_De_laventure_au_travail.html\" href=\"http:\/\/www.jacques-pain.fr\/jacques-pain\/Rech_De_laventure_au_travail.html\"><span class=\"style_3\">Da aventura ao trabalho. De l\u2019aventure au travail.<\/span><\/a><span class=\"style_3\">\u00a0\u00a0<\/span><img decoding=\"async\" src=\"http:\/\/www.jacques-pain.fr\/jacques-pain\/Recherches_et_evaluations_files\/120px-Flag_of_Portugal.svg.jpg\" alt=\"\" \/><br \/>\n <span class=\"style_7\">Vers des activit\u00e9s \u00e0 risques contr\u00f4l\u00e9s.<\/span> Ricardo Martinez <span class=\"style_4\">(<\/span><span class=\"style_5\">T)<\/p>\n<p> <\/span><span class=\"style_8\"><a href=\"http:\/\/www.jacques-pain.fr\/jpwp\/le-projet-arpi-activites-a-risqques-et-pedagogie-institutionnelle\/\" target=\"_blank\" rel=\"noopener\">\u00a0Projet europ\u00e9en ARPI<\/a> (2012-2015) :<br \/>\n \u00a0<\/span><span class=\"style_7\">Atividades de Risco e Pedagogias de Interven\u00e7\u00e3o (ARPI)<\/span>,<br \/>\n <a class=\"class6\" title=\"http:\/\/issuu.com\/pedagogie_institutionnelle\/docs\/rapp_arpi_def_de_def.docx\/1\" href=\"http:\/\/issuu.com\/pedagogie_institutionnelle\/docs\/rapp_arpi_def_de_def.docx\/1\">\u00a0lire le rapport d\u00e9finitif &#8211; 2015 &#8211; (en Portugais et en Fran\u00e7ais dans le texte)<\/a><\/p>\n<p class=\"paragraph_style_8\"><a href=\"http:\/\/www.jacques-pain.fr\/jpwp\/ecole-de-la-foret-palmela-2017\/\">Projet europ\u00e9en ESCOLA DA FLORESTA <\/a>\u00a0(2015-2017)<\/p>\n<p><a class=\"class6\" title=\"http:\/\/www.calameo.com\/read\/0001620586442865b3a69\" href=\"http:\/\/www.calameo.com\/read\/0001620586442865b3a69\"><span class=\"style_7\">Travailler avec les enfants des rues au Portugal\u00a0: <\/span><\/a><a class=\"class7\" title=\"http:\/\/www.calameo.com\/read\/0001620586442865b3a69\" href=\"http:\/\/www.calameo.com\/read\/0001620586442865b3a69\">Le projet \u201cQuestion d\u2019Equilibre\u201d<\/a>.\u00a0 <span class=\"style_6\">Ricardo Martinez \u00a0<img decoding=\"async\" src=\"http:\/\/www.jacques-pain.fr\/jacques-pain\/Recherches_et_evaluations_files\/120px-Flag_of_Portugal.svg_1.jpg\" alt=\"\" \/><\/span><\/p>\n<p>&nbsp;<\/p>\n<p><a class=\"class8\" title=\"Rech_Pedagogie_Freinet_et_recherche.html\" href=\"http:\/\/www.jacques-pain.fr\/jacques-pain\/Rech_Pedagogie_Freinet_et_recherche.html\"><span class=\"style_3\">P\u00e9dagogie Freinet et recherche<\/span><\/a>. Olivier Francomme <span class=\"style_4\">(<\/span><span class=\"style_5\">T)<br \/>\n <\/span><\/p>\n<p>&nbsp;<\/p>\n<h3>\u00a0S\u00e9minaire de th\u00e8ses Paris Ouest Nanterre La D\u00e9fense, secteur Crise , Sciences de l\u2019\u00c9ducation.<\/h3>\n<p><a class=\"class9\" title=\"Rech_Methodo_La_theorie_ancree.html\" href=\"http:\/\/www.jacques-pain.fr\/jacques-pain\/Rech_Methodo_La_theorie_ancree.html\"><span class=\"style_7\">La \u00abGrounded Theory\u00bb<\/span><\/a>, par Olivier Brito <span class=\"style_4\">(<\/span><span class=\"style_5\">T) <\/span>&#8211; Vid\u00e9o. \u00c9valuer autrement !<\/p>\n<p>Une page \u00ab\u00a0M\u00e9thodo\u00a0\u00bb est conscr\u00e9e aux travaux d&rsquo;Olivier Brito, PARIS 10 &#8211; NANTERRE. <br \/>\n<a href=\"http:\/\/www.jacques-pain.fr\/jpwp\/wp-admin\/post.php?post=3218&amp;action=edit\">La consulter<\/a><\/p>\n<p>&nbsp;<\/p>\n<h2 class=\"paragraph_style_14\" style=\"text-align: left;\"><a class=\"class10\" title=\"http:\/\/dl.dropbox.com\/u\/81889257\/index.html\" href=\"http:\/\/www.jacques-pain.fr\/jpwp\/?page_id=1655&amp;preview=true\" target=\"_blank\" rel=\"noopener\">\u00abLes Cahiers de l\u2019\u00c9cole\u00bb<br \/>\n <\/a><a class=\"class11\" title=\"http:\/\/www.ed-139.com\/\" href=\"http:\/\/www.jacques-pain.fr\/jpwp\/les-cahiers-de-lecole-doctorale\/\">Ecole doctorale\u00a0 \u00ab\u00a0Connaissance, langage, mod\u00e9lisation\u00a0\u00bb<br \/>\n <\/a><\/h2>\n<p class=\"paragraph_style_15\">\u00a0<\/p>\n<p class=\"paragraph_style_10\"><a class=\"class23\" title=\"Carrefours_concepts.html\" href=\"http:\/\/www.jacques-pain.fr\/jacques-pain\/Carrefours_concepts.html\">Consulter aussi les travaux de Sylvie Canat<\/a><\/p>\n","protected":false},"excerpt":{"rendered":"<p>\u00a0 Recherches actives et pratiques de recherche active\u00a0 &nbsp; \u00a0 \u00a0Des \u00e9tudes et \u00e9valuations Devenir des anciens \u00e9l\u00e8ves de l\u2019\u00e9cole publique active des Bourseaux. Olivier Brito (T) Le dispositif \u00abAlternative suspension\u00bb de Courcouronnes. Olivier Brito Violences \u00e0 l\u2019\u00e9cole. Allemagne, Angleterre, France. Une \u00e9tude comparative europ\u00e9enne de 12 \u00e9tablissements secondaires. Jacques Pain (T) De l\u2019autre c\u00f4t\u00e9 [&hellip;]<\/p>\n","protected":false},"author":2,"featured_media":0,"parent":0,"menu_order":0,"comment_status":"closed","ping_status":"closed","template":"","meta":{"footnotes":""},"_links":{"self":[{"href":"http:\/\/www.jacques-pain.fr\/jpwp\/wp-json\/wp\/v2\/pages\/1072"}],"collection":[{"href":"http:\/\/www.jacques-pain.fr\/jpwp\/wp-json\/wp\/v2\/pages"}],"about":[{"href":"http:\/\/www.jacques-pain.fr\/jpwp\/wp-json\/wp\/v2\/types\/page"}],"author":[{"embeddable":true,"href":"http:\/\/www.jacques-pain.fr\/jpwp\/wp-json\/wp\/v2\/users\/2"}],"replies":[{"embeddable":true,"href":"http:\/\/www.jacques-pain.fr\/jpwp\/wp-json\/wp\/v2\/comments?post=1072"}],"version-history":[{"count":17,"href":"http:\/\/www.jacques-pain.fr\/jpwp\/wp-json\/wp\/v2\/pages\/1072\/revisions"}],"predecessor-version":[{"id":3233,"href":"http:\/\/www.jacques-pain.fr\/jpwp\/wp-json\/wp\/v2\/pages\/1072\/revisions\/3233"}],"wp:attachment":[{"href":"http:\/\/www.jacques-pain.fr\/jpwp\/wp-json\/wp\/v2\/media?parent=1072"}],"curies":[{"name":"wp","href":"https:\/\/api.w.org\/{rel}","templated":true}]}}