{"id":1114,"date":"2015-06-22T16:49:03","date_gmt":"2015-06-22T15:49:03","guid":{"rendered":"http:\/\/www.jacques-pain.fr\/jpwp\/?page_id=1114"},"modified":"2018-02-22T18:08:59","modified_gmt":"2018-02-22T16:08:59","slug":"la-pratique-de-linstitutionnel","status":"publish","type":"page","link":"http:\/\/www.jacques-pain.fr\/jpwp\/la-pratique-de-linstitutionnel\/","title":{"rendered":"Publications \u00ab\u00a0Pratique de l&rsquo;institutionnel\u00a0\u00bb : des rep\u00e8res de lecture"},"content":{"rendered":"<p style=\"text-align: center;\"><strong>Introduction \u00e0 la pratique de l&rsquo;institutionnel<\/strong>\u00a0<\/p>\n<table style=\"height: 1403px; width: 1001px;\">\n<tbody>\n<tr style=\"height: 1389px;\">\n<td style=\"width: 114px; height: 1389px;\">\n<p class=\"p1\"><span class=\"s1\" style=\"font-size: 10pt;\">Nous prenons ici appui sur l\u2019organisation de nos cours \u00e0 Paris 10 &#8211; Nanterre, entre 1974 et 2008. <\/span><\/p>\n<p class=\"p1\"><span class=\"s1\" style=\"font-size: 10pt;\">Elle continue de structurer nos actuelles interventions et conf\u00e9rences.<\/span><\/p>\n<p class=\"p2\"><span class=\"s1\" style=\"font-size: 10pt;\"><i><span class=\"Apple-converted-space\">\u00a0 \u00a0 <\/span>L\u2019Institutionnel<\/i><\/span><span class=\"s1\" style=\"font-size: 10pt;\"><i><span class=\"Apple-converted-space\">\u00a0<\/span>La Violence<br \/>\n <\/i><\/span><span class=\"s1\" style=\"font-size: 10pt;\"><i><span class=\"Apple-converted-space\">\u00a0<\/span>La Formation et l\u2019Intervention<\/i><\/span><\/p>\n<\/td>\n<td style=\"width: 428px; height: 1389px;\">\n<p class=\"paragraph_style_4\"><span class=\"s1\">Sensibilisation \u00e0 la <\/span><span class=\"s1\">Pratique de l\u2019Institutionnel<br \/>\n ( Introduction organis\u00e9e)<i><\/i><\/span><\/p>\n<p><span class=\"s1\"><i>P\u00e9dagogie institutionnelle,<span class=\"Apple-converted-space\">\u00a0 <\/span>les d\u00e9finitions:<\/i><\/span><span class=\"s1\"><i><br \/>\n <\/i><\/span><a class=\"class1\" title=\"Definition_PI.html\" href=\"http:\/\/www.jacques-pain.fr\/jacques-pain\/Definition_PI.html\">P\u00e9dagogie institutionnelle<\/a>,\u00a0 les d\u00e9finitions:\u00a0<a class=\"class2\" title=\"Definition_Pedagogie.html\" href=\"http:\/\/www.jacques-pain.fr\/jacques-pain\/Definition_Pedagogie.html\">la p\u00e9dagogie<\/a>, la p\u00e9dagogie institutionnelle &#8211; <a class=\"class3\" title=\"Definition_PI.html\" href=\"http:\/\/www.jacques-pain.fr\/jacques-pain\/Definition_PI.html\">en fran\u00e7ais<\/a> &#8211;<a class=\"class4\" title=\"Definition_IP_anglais.html\" href=\"http:\/\/www.jacques-pain.fr\/jacques-pain\/Definition_IP_anglais.html\"> en anglais<\/a>, le <a class=\"class5\" title=\"Definition_PI__le_PIctionnaire.html\" href=\"http:\/\/www.jacques-pain.fr\/jacques-pain\/Definition_PI__le_PIctionnaire.html\">\u00abPI-ctionnaire\u00bb<\/a><\/p>\n<p class=\"paragraph_style_5\"><a class=\"class6\" title=\"Few_elements.html\" href=\"http:\/\/www.jacques-pain.fr\/jacques-pain\/Few_elements.html\">Le lien PI-Violence<\/a><\/p>\n<p class=\"p2\"><span class=\"s1\"><i><a href=\"http:\/\/www.calameo.com\/read\/000162058e32e28b5362e\">La p\u00e9dagogie institutionnelle de Fernand Oury<\/a><\/i><\/span><\/p>\n<p><a href=\"http:\/\/www.calameo.com\/read\/000162058690ed9ee403b\"><i><span class=\"style_3\">\u00c9couter<\/span>: <\/i><\/a><i><a class=\"class8\" title=\"Docs_Audios_Videos\/Entrees\/2010\/3\/30_Une_autre_ecole_reste_a_faire.La_pedagogie_Freinet_une_pedagogie_institutionnelle_du_politique..html\" href=\"http:\/\/www.jacques-pain.fr\/jacques-pain\/Docs_Audios_Videos\/Entrees\/2010\/3\/30_Une_autre_ecole_reste_a_faire.La_pedagogie_Freinet_une_pedagogie_institutionnelle_du_politique..html\">Une autre \u00e9cole reste \u00e0 faire. P\u00e9dagogie Freinet et P\u00e9dagogie institutionnelle<\/a><\/i><\/p>\n<p><span class=\"s1\"><a href=\"http:\/\/www.calameo.com\/read\/00016205807391b78197a\"><i>Les invariants<br \/>\n <\/i><\/a><\/span><span class=\"s1\"><a href=\"http:\/\/www.calameo.com\/read\/000162058ab055a137ed3\"><i>L\u2019institution de la parole<br \/>\n <\/i><\/a><\/span><span class=\"s1\"><a href=\"http:\/\/www.calameo.com\/read\/0001620588ca341ccd8c0\"><i>L\u2019institution psychique:<br \/>\n <\/i><\/a><\/span><span class=\"s1\"><a href=\"http:\/\/www.calameo.com\/read\/0001620588ca341ccd8c0\"><i>violences et ins\u00e9curit\u00e9 institutionnelles<br \/>\n <\/i><\/a><\/span><span class=\"s1\"><a href=\"http:\/\/fr.calameo.com\/books\/000162058b66adffcbf83\"><i>La transversalit\u00e9, une \u00e9pist\u00e9mologie du d\u00e9sir\u00a0?<\/i><\/a><\/span><\/p>\n<p class=\"p4\"><span class=\"s1\"><i>L\u2019Humain des sciences humaines:<br \/>\n <\/i><\/span><span class=\"s1\"><a href=\"http:\/\/issuu.com\/pedagogie_institutionnelle\/docs\/pedagogie_institutionnelle_hors_ecole?mode=a_p\"><i>La p\u00e9dagogie institutionnelle<span class=\"Apple-converted-space\">\u00a0 <\/span>\u00ab\u00a0hors l\u2019\u00e9cole\u00a0\u00bb\u00a0?<br \/>\n <\/i><\/a><\/span><span class=\"s1\"><a href=\"http:\/\/issuu.com\/pedagogie_institutionnelle\/docs\/pedagogie_institutionnelle_hors_ecole?mode=a_p\"><i>Elle aussi a de l\u2019avenir\u00a0! La transposition <br \/>\n <\/i><\/a><\/span><span class=\"s1\"><a href=\"http:\/\/www.calameo.com\/read\/00016205812b720c28254\"><i>Vivre ensemble. Un exemple <br \/>\n <\/i><\/a><\/span><span class=\"s1\"><a href=\"http:\/\/www.calameo.com\/read\/00016205812b720c28254\"><i>de p\u00e9dagogie institutionnelle en maison d\u2019enfants<br \/>\n <\/i><\/a><\/span><span class=\"s1\"><a href=\"http:\/\/www.calameo.com\/read\/000162058c3e286f82119\"><i>La p\u00e9dagogie institutionnelle en internat<br \/>\n <\/i><\/a><\/span><span class=\"s1\"><a href=\"http:\/\/www.calameo.com\/read\/00016205811ef3e7a4021\"><i>La p\u00e9dagogie institutionnelle adapt\u00e9e<br \/>\n <\/i><\/a><\/span><span class=\"s1\"><a href=\"http:\/\/www.calameo.com\/read\/0001620581c091ea8cd3d\"><i>Participation institutionnelle des mineurs <\/i><\/a><\/span><span class=\"s1\"><a href=\"http:\/\/www.calameo.com\/read\/0001620581c091ea8cd3d\"><i>et pr\u00e9vention de la violence<br \/>\n <\/i><\/a><\/span><span class=\"s1\"><a href=\"http:\/\/www.calameo.com\/read\/000162058089c4ec188af\"><i>Classroom initiatives to reduce violence in school\u00a0: \u00ab\u00a0P\u00e9dagogie institutionnelle\u00a0\u00bb, Establishment pedagogy.<br \/>\n <\/i><i><\/i><\/a><\/span><\/p>\n<p class=\"paragraph_style_5\"><a class=\"class25\" title=\"Art_Entr_Classes_relais.html\" href=\"http:\/\/www.jacques-pain.fr\/jacques-pain\/Art_Entr_Classes_relais.html\">L\u2019\u00e9cole en \u00abclasses\u00bb relais<br \/>\n <\/a><\/p>\n<p class=\"paragraph_style_7\"><a class=\"class26\" title=\"Art_PI_de_projet.html\" href=\"http:\/\/www.jacques-pain.fr\/jacques-pain\/Art_PI_de_projet.html\">Vers une p\u00e9dagogie institutionnelle de projet<br \/>\n <\/a><\/p>\n<p class=\"paragraph_style_8\">\u00c9couter: <a class=\"class27\" title=\"Docs_Audios_Videos\/Entrees\/2010\/9\/26_Inconscient_et_education.html\" href=\"http:\/\/www.jacques-pain.fr\/jacques-pain\/Docs_Audios_Videos\/Entrees\/2010\/9\/26_Inconscient_et_education.html\"><span class=\"style_4\">I<\/span><span class=\"style_5\">nconscient et \u00e9ducation<\/span> <br \/>\n <\/a><\/p>\n<p class=\"paragraph_style_9\">Cf. : Analyse Institutionnelle (encart)<\/p>\n<p class=\"p4\"><a style=\"font-family: inherit; font-size: 0.9375em; line-height: 1.5;\" href=\"http:\/\/www.calameo.com\/read\/00016205804f2b3f6cf3e\"><i>L\u2019analyse institutionnelle comme politique de vie:<\/i><\/a><\/p>\n<p class=\"p3\"><span class=\"s1\"><a href=\"http:\/\/www.calameo.com\/read\/00016205804f2b3f6cf3e\"><i>l\u2019institution au<span class=\"Apple-converted-space\">\u00a0 <\/span>jour le jour. Je suis un irr\u00e9ductible<\/i><i><\/i><\/a><\/span><\/p>\n<p class=\"paragraph_style_8\">\u00c9couter: <a class=\"class30\" title=\"Docs_Audios_Videos\/Entrees\/2010\/3\/26_Approches_de_linstitutionnel___les_analyseurs_au_quotidien.html\" href=\"http:\/\/www.jacques-pain.fr\/jacques-pain\/Docs_Audios_Videos\/Entrees\/2010\/3\/26_Approches_de_linstitutionnel___les_analyseurs_au_quotidien.html\"><span class=\"style_5\">\u00abApproches de l\u2019Institutionnel, les analyseurs au quotidien\u00bb<\/span><\/a><span class=\"style_5\"> (Jacques Pain)<br \/>\n <\/span><\/p>\n<p class=\"paragraph_style_8\"><a class=\"class31\" title=\"Docs_Audios_Videos\/Entrees\/2013\/4\/14_Individu,_collectif_et_institution.html\" href=\"http:\/\/www.jacques-pain.fr\/jacques-pain\/Docs_Audios_Videos\/Entrees\/2013\/4\/14_Individu,_collectif_et_institution.html\"><span class=\"style_5\">Individu, collectif et institution<\/span><\/a><span class=\"style_5\"><br \/>\n <\/span><\/p>\n<p class=\"paragraph_style_4\"><a title=\"Docs_Audios_Videos\/Entrees\/2012\/8\/5_Le_colloque_dAGDE_de_lInstitut_Cooperatif_de_lEcole_Moderne_de_lHerault_et_de_lassociation_Parcours_Individualise_et_Differencie_des_Apprentissages_et_Pedagogie_Institutionnelle_(31_Mars-_2_Avril_2012).html\" href=\"http:\/\/www.jacques-pain.fr\/jacques-pain\/Docs_Audios_Videos\/Entrees\/2012\/8\/5_Le_colloque_dAGDE_de_lInstitut_Cooperatif_de_lEcole_Moderne_de_lHerault_et_de_lassociation_Parcours_Individualise_et_Differencie_des_Apprentissages_et_Pedagogie_Institutionnelle_%2831_Mars-_2_Avril_2012%29.html\">P\u00e9dagogie coop\u00e9rative et p\u00e9dagogie institutionnelle<\/a><\/p>\n<\/td>\n<td style=\"width: 402px; height: 1389px;\">\n<p class=\"paragraph_style_8\"><a style=\"font-family: inherit; font-size: 0.9375em; line-height: 1.5;\" href=\"http:\/\/www.jacques-pain.fr\/jpwp\/wp-content\/uploads\/2015\/06\/oury-nb-02.jpg\"><img loading=\"lazy\" decoding=\"async\" class=\"alignleft size-medium wp-image-1115\" src=\"http:\/\/www.jacques-pain.fr\/jpwp\/wp-content\/uploads\/2015\/06\/oury-nb-02-205x300.jpg\" alt=\"oury n&amp;b 02\" width=\"205\" height=\"300\" srcset=\"http:\/\/www.jacques-pain.fr\/jpwp\/wp-content\/uploads\/2015\/06\/oury-nb-02-205x300.jpg 205w, http:\/\/www.jacques-pain.fr\/jpwp\/wp-content\/uploads\/2015\/06\/oury-nb-02-700x1024.jpg 700w, http:\/\/www.jacques-pain.fr\/jpwp\/wp-content\/uploads\/2015\/06\/oury-nb-02.jpg 1175w\" sizes=\"(max-width: 205px) 100vw, 205px\" \/><\/a><\/p>\n<p class=\"p1\"><span class=\"s1\"><a href=\"http:\/\/www.jacques-pain.fr\/jpwp\/wp-content\/uploads\/2015\/06\/Image-du-Presse-papiers_2.jpg\"><img loading=\"lazy\" decoding=\"async\" class=\"alignleft  wp-image-1116\" src=\"http:\/\/www.jacques-pain.fr\/jpwp\/wp-content\/uploads\/2015\/06\/Image-du-Presse-papiers_2-298x300.jpg\" alt=\"Image du Presse-papiers_2\" width=\"342\" height=\"344\" srcset=\"http:\/\/www.jacques-pain.fr\/jpwp\/wp-content\/uploads\/2015\/06\/Image-du-Presse-papiers_2-298x300.jpg 298w, http:\/\/www.jacques-pain.fr\/jpwp\/wp-content\/uploads\/2015\/06\/Image-du-Presse-papiers_2-150x150.jpg 150w, http:\/\/www.jacques-pain.fr\/jpwp\/wp-content\/uploads\/2015\/06\/Image-du-Presse-papiers_2.jpg 357w\" sizes=\"(max-width: 342px) 100vw, 342px\" \/><\/a><\/span><\/p>\n<p class=\"p2\"><span style=\"font-family: inherit; font-size: 0.9375em; line-height: 1.5;\"><strong>Compl\u00e9ments<\/strong> :<br \/>\n <\/span><span style=\"font-family: inherit; font-size: 0.9375em; line-height: 1.5;\"><br \/>\n Consulter les livres des <\/span><a class=\"class32\" style=\"font-family: inherit; font-size: 0.9375em; line-height: 1.5;\" title=\"Matrice_catalogue.html\" href=\"http:\/\/www.jacques-pain.fr\/jacques-pain\/Matrice_catalogue.html\">\u00c9ditions Matrice<\/a>,\u00a0<span style=\"font-family: inherit; font-size: 0.9375em; line-height: 1.5;\">en particulier <\/span><span class=\"style_8\" style=\"font-family: inherit; font-size: 0.9375em; line-height: 1.5;\">la collection\u00a0<br \/>\n <\/span><span class=\"style_8\">P\u00e9dagogie Institutionnelle<\/span>,\u00a0<br \/>\n \u00a0<\/p>\n<p class=\"p2\">\u00a0<\/p>\n<p class=\"p2\">\u00a0<\/p>\n<p class=\"p2\">\u00a0<\/p>\n<p class=\"p2\">\u00a0<\/p>\n<p class=\"p2\">et les livres :<br \/>\n <a href=\"http:\/\/www.calameo.com\/read\/0001620581bb154398f6f\">La\u00a0P\u00e9dagogie\u00a0Institutionnelle<\/a><br \/>\n de Fernand Oury, <br \/>\n de Lucien Martin, Philippe Meirieu, Jacques Pain<\/p>\n<p> <a href=\"http:\/\/www.jacques-pain.fr\/jpwp\/le-livre-de-fernand-oury\/\">L&rsquo;\u00e9cole, le d\u00e9sir et la loi<\/a><br \/>\n de Raymond B\u00e9n\u00e9vent, Claude Mouchet<\/p>\n<p class=\"p2\">\n <span style=\"font-family: inherit; font-size: 0.9375em; line-height: 1.5;\">Voir aussi les th\u00e8ses de<\/span><\/p>\n<p class=\"paragraph_style_14\"><a class=\"class35\" title=\"These_S_Canat.html\" href=\"http:\/\/www.jacques-pain.fr\/jacques-pain\/These_S_Canat.html\">Sylvie Canat\u00a0<\/a>(La p\u00e9dagogie institutionnelle adapt\u00e9e),\u00a0<a class=\"class36\" title=\"These_C_Costa.html\" href=\"http:\/\/www.jacques-pain.fr\/jacques-pain\/These_C_Costa.html\">Chantal Costa<\/a>,\u00a0<a class=\"class37\" title=\"These_S_Pesce.html\" href=\"http:\/\/www.jacques-pain.fr\/jacques-pain\/These_S_Pesce.html\">S\u00e9bastien Pesce<br \/>\n <\/a><\/p>\n<p class=\"paragraph_style_18\">\u00c9couter\u00a0 <a class=\"class38\" title=\"Docs_Audios_Videos\/Entrees\/2011\/6\/21_Entretien__Fernand_Oury_en_1975_a_Creteil.html\" href=\"http:\/\/www.jacques-pain.fr\/jacques-pain\/Docs_Audios_Videos\/Entrees\/2011\/6\/21_Entretien__Fernand_Oury_en_1975_a_Creteil.html\">Fernand Oury <\/a>en 1975<\/p>\n<p>&nbsp;<\/p>\n<p>&nbsp;<\/p>\n<p><a href=\"http:\/\/www.jacques-pain.fr\/jpwp\/la-pratique-de-linstitutionnel\/cec-3\/\" rel=\"attachment wp-att-3569\"><img loading=\"lazy\" decoding=\"async\" class=\"wp-image-3569 aligncenter\" src=\"http:\/\/www.jacques-pain.fr\/jpwp\/wp-content\/uploads\/2018\/02\/CEC.png\" alt=\"\" width=\"160\" height=\"222\" \/><\/a><\/p>\n<\/td>\n<\/tr>\n<\/tbody>\n<\/table>\n<p class=\"paragraph_style_13\">\u00a0<\/p>\n","protected":false},"excerpt":{"rendered":"<p>Introduction \u00e0 la pratique de l&rsquo;institutionnel\u00a0 Nous prenons ici appui sur l\u2019organisation de nos cours \u00e0 Paris 10 &#8211; Nanterre, entre 1974 et 2008. Elle continue de structurer nos actuelles interventions et conf\u00e9rences. \u00a0 \u00a0 L\u2019Institutionnel\u00a0La Violence \u00a0La Formation et l\u2019Intervention Sensibilisation \u00e0 la Pratique de l\u2019Institutionnel ( Introduction organis\u00e9e) P\u00e9dagogie institutionnelle,\u00a0 les d\u00e9finitions: P\u00e9dagogie [&hellip;]<\/p>\n","protected":false},"author":1,"featured_media":0,"parent":0,"menu_order":0,"comment_status":"closed","ping_status":"closed","template":"","meta":{"footnotes":""},"_links":{"self":[{"href":"http:\/\/www.jacques-pain.fr\/jpwp\/wp-json\/wp\/v2\/pages\/1114"}],"collection":[{"href":"http:\/\/www.jacques-pain.fr\/jpwp\/wp-json\/wp\/v2\/pages"}],"about":[{"href":"http:\/\/www.jacques-pain.fr\/jpwp\/wp-json\/wp\/v2\/types\/page"}],"author":[{"embeddable":true,"href":"http:\/\/www.jacques-pain.fr\/jpwp\/wp-json\/wp\/v2\/users\/1"}],"replies":[{"embeddable":true,"href":"http:\/\/www.jacques-pain.fr\/jpwp\/wp-json\/wp\/v2\/comments?post=1114"}],"version-history":[{"count":37,"href":"http:\/\/www.jacques-pain.fr\/jpwp\/wp-json\/wp\/v2\/pages\/1114\/revisions"}],"predecessor-version":[{"id":3570,"href":"http:\/\/www.jacques-pain.fr\/jpwp\/wp-json\/wp\/v2\/pages\/1114\/revisions\/3570"}],"wp:attachment":[{"href":"http:\/\/www.jacques-pain.fr\/jpwp\/wp-json\/wp\/v2\/media?parent=1114"}],"curies":[{"name":"wp","href":"https:\/\/api.w.org\/{rel}","templated":true}]}}