{"id":1127,"date":"2015-06-23T08:06:11","date_gmt":"2015-06-23T07:06:11","guid":{"rendered":"http:\/\/www.jacques-pain.fr\/jpwp\/?page_id=1127"},"modified":"2018-12-16T17:38:54","modified_gmt":"2018-12-16T15:38:54","slug":"publications-classees-par-categories","status":"publish","type":"page","link":"http:\/\/www.jacques-pain.fr\/jpwp\/publications-classees-par-categories\/","title":{"rendered":"Publications class\u00e9es par cat\u00e9gories"},"content":{"rendered":"<p><a href=\"http:\/\/www.jacques-pain.fr\/jacques-pain\/Publications_classees.html\"><span style=\"font-size: 18pt;\"><strong>Publications class\u00e9es par cat\u00e9gories<\/strong><\/span><\/a><\/p>\n<p><span style=\"color: #008080;\"><strong>Les Powerpoints et les Vid\u00e9os sont en partie indisponibles en ce moment sur Chrome.<\/strong><\/span><\/p>\n<p>Articles, livres, recherches, th\u00e8ses,<\/p>\n<p><i> des propositions d\u2019organisation pour la lecture<\/i><\/p>\n<table style=\"height: 214px; width: 674.193px;\">\n<tbody>\n<tr>\n<td style=\"width: 139.767px;\">\n<p><b>Recherches actives<\/b><\/p>\n<p><i><a href=\"http:\/\/www.jacques-pain.fr\/jacques-pain\/Recherches_et_evaluations.html\" target=\"_blank\" rel=\"noopener\">Recherches de p\u00e9dagogie active<\/a><\/i><\/p>\n<p><b>Livres <i>en ligne<\/i><\/b><\/p>\n<p><i><a href=\"http:\/\/www.jacques-pain.fr\/jacques-pain\/Livres_en_ligne.html\" target=\"_blank\" rel=\"noopener\">\u00c9ditions Champ social\/Matrice<\/a><\/i><\/p>\n<\/td>\n<td style=\"width: 244.917px;\" valign=\"top\">\n<p>Autres rep\u00e9rages des publications, class\u00e9es par <strong>th\u00e8mes cognitifs,<\/strong> ou autres cat\u00e9gories<\/p>\n<p><i><a href=\"http:\/\/www.jacques-pain.fr\/jacques-pain\/Art_Le_corps_dans_la_relation.html\" target=\"_blank\" rel=\"noopener\">Corps<\/a>, <a href=\"http:\/\/www.jacques-pain.fr\/jacques-pain\/Art_angoisse_et_situation_critique.html\" target=\"_blank\" rel=\"noopener\">angoisse<\/a>, <a href=\"http:\/\/www.jacques-pain.fr\/jacques-pain\/Art_Le_pont_suspendu.html\" target=\"_blank\" rel=\"noopener\">\u00e9motion<\/a><br \/>\n<\/i><i>D\u00e9crocheurs (<a href=\"http:\/\/www.jacques-pain.fr\/jacques-pain\/Art_Problematiser_le_descolarisation.html\" target=\"_blank\" rel=\"noopener\">1<\/a>; <a href=\"http:\/\/www.jacques-pain.fr\/jacques-pain\/Art_Decrochage.html\" target=\"_blank\" rel=\"noopener\">2<\/a>; <a href=\"http:\/\/www.jacques-pain.fr\/jacques-pain\/Art_classes-relais.html\" target=\"_blank\" rel=\"noopener\">3<\/a>; <a href=\"http:\/\/www.jacques-pain.fr\/jacques-pain\/Quoi_de_neuf\/Entrees\/2012\/12\/20_Du_decrochage_au_raccrochage.Un_colloque_Quebecois.html\" target=\"_blank\" rel=\"noopener\">4<\/a>;\u00a0<a href=\"http:\/\/www.jacques-pain.fr\/jacques-pain\/Docs_Audios_Videos\/Entrees\/2012\/9\/28_Revue_Diversite___decrochage_scolaire_(HS14,_septembre_2012).html\" target=\"_blank\" rel=\"noopener\">5<\/a>;\u00a0<a href=\"http:\/\/www.jacques-pain.fr\/jacques-pain\/Quoi_de_neuf\/Entrees\/2013\/2\/19_Decrocheurs,_decroches,_suite.html\" target=\"_blank\" rel=\"noopener\">6<\/a>) et incasables (<a href=\"http:\/\/www.jacques-pain.fr\/jacques-pain\/Art_lindividu_sans_collectif.html\" target=\"_blank\" rel=\"noopener\">1<\/a>;<a href=\"http:\/\/www.jacques-pain.fr\/jacques-pain\/Art_Ladolescent_sans_soc..html\" target=\"_blank\" rel=\"noopener\"> 2<\/a>;<a href=\"http:\/\/www.jacques-pain.fr\/jacques-pain\/Art_La_relation_educative_rel_a_risque.html\" target=\"_blank\" rel=\"noopener\">\u00a03<\/a>; <\/i><i><a href=\"http:\/\/www.jacques-pain.fr\/jacques-pain\/Art_Eleves_tyrans.html\" target=\"_blank\" rel=\"noopener\">4<\/a><\/i><span class=\"s1\"><i>; <\/i><i><a href=\"http:\/\/www.jacques-pain.fr\/jacques-pain\/Art_Assumer_la_violence.html\" target=\"_blank\" rel=\"noopener\">5<\/a><\/i><i>)<br \/>\n<\/i><\/span><span class=\"s1\"><i>Grande violence (<\/i><\/span><span class=\"s2\"><i><a href=\"http:\/\/www.jacques-pain.fr\/jacques-pain\/Art_Grande_violence.html\" target=\"_blank\" rel=\"noopener\">1<\/a><\/i><\/span><span class=\"s1\"><i>; <a href=\"http:\/\/www.jacques-pain.fr\/jacques-pain\/Art_Violence_et_Psychose.html\" target=\"_blank\" rel=\"noopener\">2<\/a>; <\/i><\/span><a href=\"http:\/\/www.jacques-pain.fr\/jacques-pain\/Art_la_violence_reponse.html\" target=\"_blank\" rel=\"noopener\"><span class=\"s2\"><i>3<\/i><\/span><\/a><span class=\"s1\"><i>)<br \/>\n<\/i><\/span><span class=\"s1\"><i>Transversalit\u00e9 (<a href=\"http:\/\/www.jacques-pain.fr\/jacques-pain\/Art_La_transversalite.html\" target=\"_blank\" rel=\"noopener\">1<\/a>; <a href=\"http:\/\/www.jacques-pain.fr\/jacques-pain\/Art_Linstitution_psychique.html\" target=\"_blank\" rel=\"noopener\">2<\/a>; <a href=\"http:\/\/www.jacques-pain.fr\/jacques-pain\/Article_PI_hors_ecole.html\" target=\"_blank\" rel=\"noopener\">3<\/a>)<br \/>\n<\/i><\/span><span class=\"s1\"><i>Vie en institution (<a href=\"http:\/\/www.jacques-pain.fr\/jacques-pain\/Art_Vivre_ensemble.html\" target=\"_blank\" rel=\"noopener\">1<\/a>;<a href=\"http:\/\/www.jacques-pain.fr\/jacques-pain\/Art_La_PI_dinternat.html\" target=\"_blank\" rel=\"noopener\">2<\/a>;<a href=\"http:\/\/www.jacques-pain.fr\/jacques-pain\/Art_La_souffrance_a_lecole.html\" target=\"_blank\" rel=\"noopener\">3<\/a>;<a href=\"http:\/\/www.jacques-pain.fr\/jacques-pain\/Quoi_de_neuf\/Entrees\/2015\/2\/2_Publication__Christine_Vander_Borght.html\" target=\"_blank\" rel=\"noopener\">4)<\/a><\/i><\/span><\/p>\n<p><span class=\"s1\"><i><a href=\"http:\/\/www.jacques-pain.fr\/jpwp\/publications-classees-par-categories\/mafate-la-reunion\/\" rel=\"attachment wp-att-3560\"><img loading=\"lazy\" decoding=\"async\" class=\"alignnone size-full wp-image-3560\" src=\"http:\/\/www.jacques-pain.fr\/jpwp\/wp-content\/uploads\/2018\/02\/Mafate.jpg\" alt=\"\" width=\"473\" height=\"360\" srcset=\"http:\/\/www.jacques-pain.fr\/jpwp\/wp-content\/uploads\/2018\/02\/Mafate.jpg 473w, http:\/\/www.jacques-pain.fr\/jpwp\/wp-content\/uploads\/2018\/02\/Mafate-300x228.jpg 300w\" sizes=\"(max-width: 473px) 100vw, 473px\" \/><\/a><\/i><\/span><\/p>\n<p class=\"p1\"><b>Quelques Powerpoint :<\/b><\/p>\n<p><a href=\"http:\/\/www.jacques-pain.fr\/jpwp\/violence-et-institution-construire-la-parole\/\">Violence et institution<br \/>\n_______<\/a><br \/>\n<a class=\"class6\" title=\"Docs_Audios_Videos\/Entrees\/2012\/12\/7_Situations_violentes__Se_former_a_lanalyse_et_a_lintervention.html\" href=\"http:\/\/www.jacques-pain.fr\/jpwp\/les-situations-violentes\/\">Violences et situations violentes<br \/>\n_______<\/a><br \/>\n<a href=\"http:\/\/www.jacques-pain.fr\/jpwp\/la-violence-institutionnelle-une-sortie-sans-secours\/\">La violence institutionnelle, une sortie sans secours.<\/a><a href=\"http:\/\/www.jacques-pain.fr\/jpwp\/wp-content\/uploads\/2015\/06\/La-violence-institutionnelle-une-sortie-sans-secours.mov\"><br \/>\n_______<\/a><\/p>\n<p class=\"paragraph_style_12\"><a href=\"http:\/\/www.jacques-pain.fr\/jpwp\/introduction-a-la-pedagogie-et-a-la-psychotherapie-institutionnelles\/\">Introduction \u00ab\u00a0aux PI\u00a0\u00bb.<br \/>\n________<\/a><\/p>\n<p>Petite synth\u00e8se d\u00e9crochage 2017<br \/>\nColloque de Palmela :\u00a0<br \/>\n<a href=\"https:\/\/issuu.com\/pedagogie_institutionnelle\/docs\/diapopalmela2017_.pptx\">Diaporama<\/a><br \/>\n<a href=\"https:\/\/issuu.com\/pedagogie_institutionnelle\/docs\/palmela3def_.docx\">Texte<\/a><\/p>\n<p>&nbsp;<\/p>\n<p>&nbsp;<\/p>\n<p class=\"p2\"><b style=\"font-family: inherit; font-size: 0.9375em; line-height: 1.5;\">Quelques conf\u00e9rences et films :<br \/>\n<\/b><\/p>\n<p class=\"paragraph_style_12\"><a class=\"class10\" title=\"Docs_Audios_Videos\/Entrees\/2010\/9\/26_Inconscient_et_education.html\" href=\"http:\/\/www.jacques-pain.fr\/jpwp\/inconscient-et-education\/\">Inconscient et \u00e9ducation<\/a> (2009)<br \/>\n<a class=\"class11\" title=\"Docs_Audios_Videos\/Entrees\/2010\/3\/26_Pratiques_de_classe_et_autorite.html\" href=\"http:\/\/www.jacques-pain.fr\/jpwp\/pratiquer-lautorite\/\">Pratiques de classe et autorit\u00e9<\/a> (2010)<br \/>\n<a class=\"class12\" title=\"Docs_Audios_Videos\/Entrees\/2010\/5\/12_Perception_de_la_violence__permanences_et_variations.html\" href=\"http:\/\/www.jacques-pain.fr\/jpwp\/perception-de-la-violence\/\">Perception de la violence : permanences et variations<\/a> (2010)<br \/>\n<a class=\"class13\" title=\"Docs_Audios_Videos\/Entrees\/2012\/5\/29_Psychotherapie_institutionnelle__Seminaire_sur_le_seminaire_de_JO.html\" href=\"http:\/\/www.jacques-pain.fr\/jpwp\/la-signification-des-comportements-violents-2\/\">La signification des comportements violents<\/a> (2012)<br \/>\n<a class=\"class14\" title=\"Docs_Audios_Videos\/Entrees\/2010\/9\/26_Gerer_les_comportements_et_les_transgressionsLetablissement_scolaire_comme_cadre.html\" href=\"http:\/\/www.jacques-pain.fr\/jpwp\/gerer-les-comportements-et-les-transgressions\/\">G\u00e9rer les comportements et les transgressions<\/a> (2010)<br \/>\n<a href=\"http:\/\/www.jacques-pain.fr\/jpwp\/adolescence-et-jeunesse-dexperiences-singulieres-a-un-espace-citoyen\/\">Espace public et autorit\u00e9<\/a> (2011)<br \/>\n<i style=\"font-family: inherit; font-size: 0.9375em; line-height: 1.5;\">&#8212;&#8212;&#8212;&#8212;&#8212;&#8212;&#8212;&#8212;&#8212;&#8212;<\/i><\/p>\n<p><a href=\"http:\/\/www.jacques-pain.fr\/jpwp\/wp-content\/uploads\/2015\/06\/cerisier3.jpg\"><img loading=\"lazy\" decoding=\"async\" class=\"size-medium wp-image-1131 aligncenter\" src=\"http:\/\/www.jacques-pain.fr\/jpwp\/wp-content\/uploads\/2015\/06\/cerisier3-300x225.jpg\" alt=\"cerisier3\" width=\"300\" height=\"225\" srcset=\"http:\/\/www.jacques-pain.fr\/jpwp\/wp-content\/uploads\/2015\/06\/cerisier3-300x225.jpg 300w, http:\/\/www.jacques-pain.fr\/jpwp\/wp-content\/uploads\/2015\/06\/cerisier3.jpg 1024w\" sizes=\"(max-width: 300px) 100vw, 300px\" \/><\/a><\/p>\n<\/td>\n<td style=\"width: 193.417px;\" valign=\"top\">\n<p class=\"paragraph_style_12\"><span class=\"s1\">Rep\u00e9rage des publications, class\u00e9es <\/span><span class=\"s2\">par <\/span><span class=\"s3\"><b>cat\u00e9gorie conceptuelle<\/b><\/span><span class=\"s2\">,<\/span><\/p>\n<p class=\"p1\"><span class=\"s1\">en fonction de nos trois \u00abclasses\u00bb de pens\u00e9e<br \/>\n<\/span><span class=\"s1\">\u00a0&#8211;\u00a0<\/span><span class=\"s1\"><i>L\u2019Institutionnel<br \/>\n<\/i><\/span><span class=\"s1\"><i>\u00a0&#8211; La Violence<br \/>\n<\/i><\/span><span class=\"s1\"><i>\u00a0&#8211; Formation et Intervention<\/i><\/span><\/p>\n<p class=\"p3\"><span class=\"s2\"><i>Consulter pour explication : Publications,<br \/>\n<\/i><\/span><strong><span class=\"s1\"><i><a href=\"http:\/\/www.jacques-pain.fr\/jpwp\/publications-axiomatique-institutionnelle\/\" target=\"_blank\" rel=\"noopener\">L\u2019axiomatique Institutionnelle<\/a><\/i><\/span><\/strong><\/p>\n<p class=\"p3\">\u00a0<\/p>\n<p class=\"p1\"><span class=\"s1\"><i><strong><a href=\"http:\/\/www.jacques-pain.fr\/jpwp\/la-pratique-de-linstitutionnel\/\">Pratique de l\u2019Institutionnel<\/a><\/strong><br \/>\n<\/i><\/span><span class=\"s1\"><i>P\u00e9dagogie Institutionnelle, Psychoth\u00e9rapie Institutionnelle, Analyse Institutionnelle<\/i><\/span><\/p>\n<p class=\"p2\"><span class=\"s1\"><i><strong><a href=\"http:\/\/www.jacques-pain.fr\/jpwp\/sommaire-des-publications\/violences-des-reperes-de-lecture-2\/\" target=\"_blank\" rel=\"noopener\">Violences<\/a><\/strong><br \/>\n<\/i><\/span><span class=\"s1\"><i>Violences dans le champ \u00e9ducatif et social<br \/>\n<\/i><\/span><span class=\"s1\"><i>Violences institutionnelles<br \/>\n<\/i><\/span><span class=\"s1\"><i>Corps, combat, les arts de la violence<\/i><\/span>\u00a0\u00a0<\/p>\n<p class=\"p1\"><span class=\"s1\"><i><strong><a href=\"http:\/\/www.jacques-pain.fr\/jpwp\/formation-et-intervention-des-reperes-de-lecture\/\" target=\"_blank\" rel=\"noopener\">Formation et intervention<\/a><\/strong><br \/>\n<\/i><\/span><span class=\"s1\"><i>Formation des ma\u00eetres et des \u00e9ducateurs<br \/>\n<\/i><\/span><span class=\"s1\"><i>Intervention dans les organisations et les institutions<\/i><\/span>\u00a0<br \/>\n<a href=\"http:\/\/www.jacques-pain.fr\/jpwp\/wp-content\/uploads\/2015\/06\/Maison-dans-la-for\u00eat.png\"><img loading=\"lazy\" decoding=\"async\" class=\"alignleft size-medium wp-image-1128\" src=\"http:\/\/www.jacques-pain.fr\/jpwp\/wp-content\/uploads\/2015\/06\/Maison-dans-la-for\u00eat-300x288.png\" alt=\"Maison dans la for\u00eat\" width=\"300\" height=\"288\" srcset=\"http:\/\/www.jacques-pain.fr\/jpwp\/wp-content\/uploads\/2015\/06\/Maison-dans-la-for\u00eat-300x288.png 300w, http:\/\/www.jacques-pain.fr\/jpwp\/wp-content\/uploads\/2015\/06\/Maison-dans-la-for\u00eat.png 707w\" sizes=\"(max-width: 300px) 100vw, 300px\" \/><\/a><\/p>\n<p class=\"p3\">\u00a0\u00a0<\/p>\n<p>&nbsp;<\/p>\n<p class=\"p1\"><span class=\"s1\"><b><i><a href=\"http:\/\/www.jacques-pain.fr\/jpwp\/la-question-de-la-loi\/\" target=\"_blank\" rel=\"noopener\">Enfance, adolescence et d\u00e9veloppement : la question de la loi<\/a><br \/>\n<\/i><\/b><\/span><span class=\"s1\">une conf\u00e9rence de <b><i>Jacques Selosse<\/i><\/b>\u00a0\u00a0<\/span><span class=\"s1\">! 1994)<\/span><\/p>\n<p>_________________<\/p>\n<p>Films La Neuville: <a class=\"class15\" title=\"Docs_Audios_Videos\/Entrees\/2010\/3\/26_LEcole_de_La_Neuville.html\" href=\"http:\/\/www.jacques-pain.fr\/jacques-pain\/Docs_Audios_Videos\/Entrees\/2010\/3\/26_LEcole_de_La_Neuville.html\"><span class=\"style_11\">Fran\u00e7oise Dolto et Fernand Oury<\/span><\/a>, marraine et parrain d\u2019\u00e9cole<br \/>\n&#8230;&#8230;&#8230;<br \/>\n<a href=\"http:\/\/www.jacques-pain.fr\/jpwp\/wp-content\/uploads\/2015\/06\/Avant-propos-Dolto.mp4\">Quelques mots de Fran\u00e7oise Dolto<\/a><br \/>\n&#8230;&#8230;&#8230;<br \/>\n<a class=\"class17\" title=\"Docs_Audios_Videos\/Entrees\/2011\/7\/11_Pedagogie_et_psychotherapie_institutionnelles.html\" href=\"http:\/\/www.jacques-pain.fr\/jpwp\/pedagogie-et-psychotherapie-institutionnelles-2\/\">P\u00e9dagogie et psychoth\u00e9rapie institutionnelles<\/a>, une interview de\u00a0<span class=\"style_11\">Jean Oury<\/span> en 2001<\/p>\n<\/td>\n<\/tr>\n<\/tbody>\n<\/table>\n<p class=\"paragraph_style_12\">\u00a0<\/p>\n<p class=\"p2\">\u00a0<\/p>\n<p>&nbsp;<\/p>\n","protected":false},"excerpt":{"rendered":"<p>Publications class\u00e9es par cat\u00e9gories Les Powerpoints et les Vid\u00e9os sont en partie indisponibles en ce moment sur Chrome. Articles, livres, recherches, th\u00e8ses, des propositions d\u2019organisation pour la lecture Recherches actives Recherches de p\u00e9dagogie active Livres en ligne \u00c9ditions Champ social\/Matrice Autres rep\u00e9rages des publications, class\u00e9es par th\u00e8mes cognitifs, ou autres cat\u00e9gories Corps, angoisse, \u00e9motion D\u00e9crocheurs [&hellip;]<\/p>\n","protected":false},"author":1,"featured_media":0,"parent":0,"menu_order":0,"comment_status":"closed","ping_status":"closed","template":"","meta":{"footnotes":""},"_links":{"self":[{"href":"http:\/\/www.jacques-pain.fr\/jpwp\/wp-json\/wp\/v2\/pages\/1127"}],"collection":[{"href":"http:\/\/www.jacques-pain.fr\/jpwp\/wp-json\/wp\/v2\/pages"}],"about":[{"href":"http:\/\/www.jacques-pain.fr\/jpwp\/wp-json\/wp\/v2\/types\/page"}],"author":[{"embeddable":true,"href":"http:\/\/www.jacques-pain.fr\/jpwp\/wp-json\/wp\/v2\/users\/1"}],"replies":[{"embeddable":true,"href":"http:\/\/www.jacques-pain.fr\/jpwp\/wp-json\/wp\/v2\/comments?post=1127"}],"version-history":[{"count":72,"href":"http:\/\/www.jacques-pain.fr\/jpwp\/wp-json\/wp\/v2\/pages\/1127\/revisions"}],"predecessor-version":[{"id":3763,"href":"http:\/\/www.jacques-pain.fr\/jpwp\/wp-json\/wp\/v2\/pages\/1127\/revisions\/3763"}],"wp:attachment":[{"href":"http:\/\/www.jacques-pain.fr\/jpwp\/wp-json\/wp\/v2\/media?parent=1127"}],"curies":[{"name":"wp","href":"https:\/\/api.w.org\/{rel}","templated":true}]}}