{"id":1141,"date":"2015-06-24T16:57:21","date_gmt":"2015-06-24T15:57:21","guid":{"rendered":"http:\/\/www.jacques-pain.fr\/jpwp\/?page_id=1141"},"modified":"2015-06-25T17:59:06","modified_gmt":"2015-06-25T16:59:06","slug":"une-pedagogie-et-un-homme-de-classe","status":"publish","type":"page","link":"http:\/\/www.jacques-pain.fr\/jpwp\/auteurs-biographies-bibliographies\/une-pedagogie-et-un-homme-de-classe\/","title":{"rendered":"Une p\u00e9dagogie et un homme \u00ab\u00a0de classe\u00a0\u00bb"},"content":{"rendered":"<p class=\"p1\" style=\"text-align: center;\"><span class=\"s1\">Une p\u00e9dagogie et un homme \u00abde classe\u00bb <br \/><\/span><span class=\"s1\">reconnus par la ville de Nanterre<\/span><\/p>\n<table style=\"height: 262px;\" width=\"525\">\n<tbody>\n<tr>\n<td>\n<p class=\"p1\">\u00a0<\/p>\n<p class=\"p1\">\u00a0<\/p>\n<p class=\"p1\">\u00a0<\/p>\n<p class=\"p1\">\u00a0<\/p>\n<p class=\"p1\">\u00a0<\/p>\n<p class=\"p1\">\u00a0<\/p>\n<p class=\"p1\">\u00a0<\/p>\n<p class=\"p1\">\u00a0<\/p>\n<p class=\"p1\">\u00a0<\/p>\n<p class=\"p1\"><b><i>Et voil\u00e0! 150 personnes \u00e9taient pr\u00e9sentes pour cette inauguration. L\u2019IME Fernand Oury est ouvert et baptis\u00e9.<\/i><\/b><\/p>\n<p class=\"p1\"><span class=\"s1\"><b><i>Merci \u00e0 la\u00a0<\/i><\/b><\/span><span class=\"s1\"><b><i>ville de Nanterre et \u00e0 la Soci\u00e9t\u00e9 d\u2019Histoire de Nanterre<\/i><\/b><\/span><\/p>\n<p class=\"p1\">\u00a0<\/p>\n<p class=\"p1\">\u00a0<\/p>\n<p class=\"p1\">\u00a0<\/p>\n<p class=\"p1\">\u00a0Patrick Jarry, Denise Papiau,\u00a0<br \/>prirent la parole, <br \/>et Jean Oury conclut la c\u00e9r\u00e9monie de fondation.<\/p>\n<p class=\"p1\"><a href=\"http:\/\/www.jacques-pain.fr\/jpwp\/wp-content\/uploads\/2015\/06\/JO.png\"><img loading=\"lazy\" decoding=\"async\" class=\"alignleft wp-image-1143 size-full\" src=\"http:\/\/www.jacques-pain.fr\/jpwp\/wp-content\/uploads\/2015\/06\/JO-e1435161400483.png\" alt=\"JO\" width=\"66\" height=\"102\" \/><\/a><\/p>\n<\/td>\n<td>\n<p class=\"p1\" style=\"text-align: center;\"><b><i><\/i><\/b><strong> <span class=\"s1\">Un IME Fernand Oury <\/span><span class=\"s1\">\u00e0 Nanterre\u00a0<\/span><\/strong><\/p>\n<p class=\"p1\" style=\"text-align: center;\">Samedi 30 avril 2011<a style=\"font-family: inherit; font-size: 0.9375em; line-height: 1.5;\" href=\"http:\/\/www.jacques-pain.fr\/jpwp\/wp-content\/uploads\/2015\/06\/IME-FO-Affiche.png\"><br \/><img loading=\"lazy\" decoding=\"async\" class=\" size-medium wp-image-1142 aligncenter\" src=\"http:\/\/www.jacques-pain.fr\/jpwp\/wp-content\/uploads\/2015\/06\/IME-FO-Affiche-225x300.png\" alt=\"IME FO Affiche\" width=\"225\" height=\"300\" srcset=\"http:\/\/www.jacques-pain.fr\/jpwp\/wp-content\/uploads\/2015\/06\/IME-FO-Affiche-225x300.png 225w, http:\/\/www.jacques-pain.fr\/jpwp\/wp-content\/uploads\/2015\/06\/IME-FO-Affiche.png 256w\" sizes=\"(max-width: 225px) 100vw, 225px\" \/><\/a><\/p>\n<figure id=\"attachment_1146\" class=\"wp-caption alignright\" style=\"max-width: 231px\"><a href=\"http:\/\/www.jacques-pain.fr\/jpwp\/wp-content\/uploads\/2015\/06\/FO-1960-copie.png\"><img loading=\"lazy\" decoding=\"async\" class=\"  wp-image-1146\" src=\"http:\/\/www.jacques-pain.fr\/jpwp\/wp-content\/uploads\/2015\/06\/FO-1960-copie-300x181.png\" alt=\"FO 1960 copie\" width=\"231\" height=\"142\" \/><\/a><figcaption class=\"wp-caption-text\">Fernand Oury en 196<\/figcaption><\/figure>\n<p class=\"p1\" style=\"text-align: center;\">\u00a0<\/p>\n<p class=\"p1\" style=\"text-align: center;\">La Soci\u00e9t\u00e9 d\u2019Histoire de Nanterre, en particulier par Georges Belfais, Alain Bocquet, et Danielle Papiau, et la mairie de Nanterre, a organis\u00e9 le samedi 30 avril 2011 en fin de matin\u00e9e l\u2019inauguration de l\u2019<br \/><span class=\"s1\"><b>IME FERNAND OURY<\/b><\/span><span class=\"s2\"><br \/> <\/span><span class=\"s1\">Ce fut une manifestation municipale, pr\u00e9sid\u00e9e par <b>Patrick Jarry<\/b>, Maire, conseiller g\u00e9n\u00e9ral, En pr\u00e9sence des \u00ab autorit\u00e9s \u00bb locales, dont <b>Jacqueline Fraysse<\/b>, d\u00e9put\u00e9e, <b>Marie-Claude Garel<\/b>, conseill\u00e8re g\u00e9n\u00e9rale du canton, r\u00e9\u00e9luelasemainepass\u00e9e, <b>Julien Sage<\/b> maire adjoint \u00e0 l\u2019\u00e9cologie (le b\u00e2timent est top de ce point de vue), <b>Marc Vignau<\/b> maire adjoint \u00e0 l\u2019urbanisme, <b>Fatna Chouaikh<\/b> maire adjointe \u00e0 la sant\u00e9, <b>Zacharia Ben Amar<\/b> maire adjoint \u00e0 l\u2019enseignement, <b>Christine Bourcet<\/b> maire adjointe au projet \u00e9ducatif local, <b>Danielle Papiau<\/b> pr\u00e9sidente de l\u2019APEINA (assoociation support de l\u2019IME), <b>Laurent El Ghozi<\/b> vice pr\u00e9sident (par ailleurs pr\u00e9sident de l\u2019Association Sant\u00e9 et Territoire, entre autres), <\/span><\/p>\n<p class=\"p1\" style=\"text-align: center;\"><span class=\"s1\"><b>le samedi 30 avril en fin de matin\u00e9e<br \/> sur place rue Paul-Vaillant-Couturier n\u00b0 36<\/b><\/span><\/p>\n<p class=\"p4\"><span class=\"s1\"><b>C<\/b>ette manifestation fut centr\u00e9e au premier chef sur l\u2019engagement de la mandature en ce qui concerne le handicap (discours du maire ; collaboratrice : C\u00e9cile Estay 06 46 45 41 30), et le choix de la ville de soutenir l\u2019APEINA (Danielle Papiau pr\u00e9sidente devrait dire quelques mots sur l\u2019association et les \u00e9tablissements que celle-ci g\u00e8re \u00e0 Nanterre). Elle associe les habitants et acteurs du quartier du Mont-Val\u00e9rien au c\u0153ur duquel est implant\u00e9 le nouvel \u00e9tablissement (\u00e9coles et centres de loisirs, centre social, \u00e9quipement nautique \u00e0 proximit\u00e9) \u00a0Elle associe aussi les personnels, les parents et les jeunes de l\u2019IME (directrice : Laurence Simon qui g\u00e9re l\u2019accueil et la visite des lieux). Enfin, <b>elle honore la m\u00e9moire et le travail de Fernand Oury, dont il a \u00e9t\u00e9 d\u00e9cid\u00e9, \u00e0 l\u2019initiative de la soci\u00e9t\u00e9 d\u2018histoire de Nanterre (et particuli\u00e8rement de Georges Belfais, ancien maire adjoint) de donner le nom \u00e0 l\u2019\u00e9tablissement.<\/b> <\/span><\/p>\n<p class=\"p4\"><span class=\"s1\">Jo\u00eblle Oury, Fran\u00e7ois Oury, Jean Oury, Huguette Oury, et Jacques Pain, \u00e9taient pr\u00e9sents.<\/span><\/p>\n<p class=\"p5\"><span class=\"s1\">Note Infos JP (7\/6\/2011)<\/span><\/p>\n<\/td>\n<\/tr>\n<\/tbody>\n<\/table>\n","protected":false},"excerpt":{"rendered":"<p>Une p\u00e9dagogie et un homme \u00abde classe\u00bb reconnus par la ville de Nanterre \u00a0 \u00a0 \u00a0 \u00a0 \u00a0 \u00a0 \u00a0 \u00a0 \u00a0 Et voil\u00e0! 150 personnes \u00e9taient pr\u00e9sentes pour cette inauguration. L\u2019IME Fernand Oury est ouvert et baptis\u00e9. Merci \u00e0 la\u00a0ville de Nanterre et \u00e0 la Soci\u00e9t\u00e9 d\u2019Histoire de Nanterre \u00a0 \u00a0 \u00a0 \u00a0Patrick Jarry, [&hellip;]<\/p>\n","protected":false},"author":1,"featured_media":0,"parent":1171,"menu_order":0,"comment_status":"closed","ping_status":"closed","template":"","meta":{"footnotes":""},"_links":{"self":[{"href":"http:\/\/www.jacques-pain.fr\/jpwp\/wp-json\/wp\/v2\/pages\/1141"}],"collection":[{"href":"http:\/\/www.jacques-pain.fr\/jpwp\/wp-json\/wp\/v2\/pages"}],"about":[{"href":"http:\/\/www.jacques-pain.fr\/jpwp\/wp-json\/wp\/v2\/types\/page"}],"author":[{"embeddable":true,"href":"http:\/\/www.jacques-pain.fr\/jpwp\/wp-json\/wp\/v2\/users\/1"}],"replies":[{"embeddable":true,"href":"http:\/\/www.jacques-pain.fr\/jpwp\/wp-json\/wp\/v2\/comments?post=1141"}],"version-history":[{"count":8,"href":"http:\/\/www.jacques-pain.fr\/jpwp\/wp-json\/wp\/v2\/pages\/1141\/revisions"}],"predecessor-version":[{"id":1152,"href":"http:\/\/www.jacques-pain.fr\/jpwp\/wp-json\/wp\/v2\/pages\/1141\/revisions\/1152"}],"up":[{"embeddable":true,"href":"http:\/\/www.jacques-pain.fr\/jpwp\/wp-json\/wp\/v2\/pages\/1171"}],"wp:attachment":[{"href":"http:\/\/www.jacques-pain.fr\/jpwp\/wp-json\/wp\/v2\/media?parent=1141"}],"curies":[{"name":"wp","href":"https:\/\/api.w.org\/{rel}","templated":true}]}}