{"id":1171,"date":"2015-06-25T17:10:22","date_gmt":"2015-06-25T16:10:22","guid":{"rendered":"http:\/\/www.jacques-pain.fr\/jpwp\/?page_id=1171"},"modified":"2017-01-26T11:06:11","modified_gmt":"2017-01-26T09:06:11","slug":"auteurs-biographies-bibliographies","status":"publish","type":"page","link":"http:\/\/www.jacques-pain.fr\/jpwp\/auteurs-biographies-bibliographies\/","title":{"rendered":"AUTEURS, biographies, bibliographies"},"content":{"rendered":"<p class=\"p1\" style=\"text-align: center;\"><span class=\"s1\">Nous visons \u00e0 situer ici des biographies et des bibliographies d\u2019auteurs connus et moins connus de nos r\u00e9f\u00e9rences p\u00e9dagogiques.<br \/>\nC\u00e9lestin Freinet, Fernand Oury, Jean Oury, F\u00e9lix Guattari, Fran\u00e7ois Tosquelles.<br \/>\nEt d&rsquo;autres auteurs.<\/span><\/p>\n<p class=\"p1\" style=\"text-align: center;\"><span class=\"s1\">A commencer par nos deux \u00abma\u00eetres\u00bb <br \/>\n<\/span><span class=\"s1\">des \u00abTechniques Freinet \/ P\u00e9dagogie Institutionnelle\u00bb<\/span><\/p>\n<p class=\"p1\" style=\"text-align: center;\"><span class=\"s1\">les \u00ab\u00a0TF-PI\u00a0\u00bb<\/span><\/p>\n<hr \/>\n<p class=\"p1\" style=\"text-align: center;\"><span style=\"color: #000080;\"><strong><span style=\"font-size: 18pt;\">\u00a0C\u00e9lestin Freinet<\/span><\/strong><\/span><\/p>\n<p class=\"p1\" style=\"text-align: center;\">\u00a0<\/p>\n<p class=\"p1\" style=\"text-align: center;\"><span class=\"s1\"><a href=\"http:\/\/www.jacques-pain.fr\/jpwp\/wp-content\/uploads\/2015\/06\/Capture-d\u2019\u00e9cran-2015-06-25-\u00e0-18.08.01.png\"><img loading=\"lazy\" decoding=\"async\" class=\" wp-image-1172 alignnone\" src=\"http:\/\/www.jacques-pain.fr\/jpwp\/wp-content\/uploads\/2015\/06\/Capture-d\u2019\u00e9cran-2015-06-25-\u00e0-18.08.01-300x185.png\" alt=\"Capture d\u2019\u00e9cran 2015-06-25 \u00e0 18.08.01\" width=\"571\" height=\"356\" \/><\/a><\/span><\/p>\n<p class=\"p1\" style=\"text-align: center;\">\u00a0<\/p>\n<hr \/>\n<p class=\"p1\" style=\"text-align: center;\"><span style=\"font-size: 18pt;\"><strong><span style=\"color: #000080;\">Fernand Oury<\/span> <\/strong><\/span><\/p>\n<p class=\"p1\" style=\"text-align: center;\"><span style=\"font-size: 18pt;\"><strong>\u00a0<\/strong><\/span><\/p>\n<p class=\"p1\" style=\"text-align: center;\"><a href=\"http:\/\/www.jacques-pain.fr\/jpwp\/wp-content\/uploads\/2015\/06\/FO.png\"><img loading=\"lazy\" decoding=\"async\" class=\"alignnone  wp-image-1180\" src=\"http:\/\/www.jacques-pain.fr\/jpwp\/wp-content\/uploads\/2015\/06\/FO-300x226.png\" alt=\"FO\" width=\"621\" height=\"470\" \/><\/a><\/p>\n<p class=\"p1\" style=\"text-align: center;\">\u00a0<\/p>\n<hr \/>\n<p class=\"p1\" style=\"text-align: center;\">Mais sans oublier:<\/p>\n<p class=\"p1\" style=\"text-align: center;\"><strong><span style=\"font-size: 18pt;\"><a href=\"http:\/\/www.jacques-pain.fr\/jacques-pain\/Hommages_a_JO_et_FO.html\" target=\"_blank\">Jean Oury<\/a><\/span><\/strong><br \/>\n<a href=\"http:\/\/www.jacques-pain.fr\/jpwp\/en-souvenir-de-felix-guattari\/\"><strong><span style=\"font-size: 18pt;\">F\u00e9lix Guattari<\/span><\/strong><\/a><br \/>\n<strong><span style=\"font-size: 18pt;\"><a href=\"http:\/\/www.jacques-pain.fr\/jpwp\/auteurs-biographies-bibliographies\/francois-tosquelles\/\" target=\"_blank\">Fran\u00e7ois Tosquelles\u00a0<\/a><\/span><\/strong><\/p>\n<p class=\"p1\" style=\"text-align: center;\">\u00a0mais encore:<\/p>\n<p><span style=\"color: #000000;\">Auteurs principaux\u00a0:<\/span><\/p>\n<p><strong><span style=\"color: #000000;\">ALLIONE Claude, ARDOINO Jacques, BARRIER Emilie, BAUDRY Patrick, BERGER Guy, BONCOURT Martine, BOROCCO Nicolle, BOUFERMACHE Azedine, BROHM Jean-marie, CASANOVA R\u00e9mi, CHATENOUD Arnaud, CHAVAROCHE Philippe, CHR\u00c9TIEN Jacques, CLOT Yves, COLOMBIER Claire, CORBILLON Michel, COSTA Chantal, DECOUFL\u00c9 Andr\u00e9-Cl\u00e9ment, DELALANDE Ariane, DELAY Jean-Pierre, DELION Pierre, DERVAUX St\u00e9phane, DOUARD Th\u00e9r\u00e8se, DUBOUCHET Louis, DURNING Paul, HELLBRUNN Richard, HEBER-SUFFRIN Claire, HENRY Yves, HOUSSAYE Jean, IMBERT Francis, LAFFITTE Ren\u00e9, LAGRANGE Claude, MANNONI Pierre, MARTIN Lucien, MEIRIEU Philippe, NATANSON Madeleine, \u00d5 DWYER de MACEDO Heitor, OKADA Kenji, OURY Fernand, OURY Jean, PAIN Jacques, POCHET Catherine, ROBIN Daniel, ROBIN Isabelle, ROCHE Pierre, ROCHEIX Jean-Yves, SALMONA H\u00e9l\u00e8ne, Schwartz Yves, SELOSSE Jacques, SNYDERS Georges, TH\u00c9BAUDIN Fran\u00e7oise, TILMANT Jean-Luc, TOSQUELLES Fran\u00e7ois, VANDER BORGHT Christine, VASQUEZ A\u00efda, VOGT Christian. VULBEAU Alain.<\/span><\/strong><\/p>\n<p><strong><span style=\"color: #000000;\">\u00c9diteur de la Revue Internationale de L\u2019Education Familiale \u00a0; de l\u2019ann\u00e9e de la Recherche en \u00c9ducation (ANDSHA, AFIRSE)\u00a0; de la Revue Sp\u00e9cifiCIT\u00e9S (secteur Crise, Paris Ouest Nanterre).<\/span><\/strong><\/p>\n<h1>(1984\/2011)<\/h1>\n<p class=\"p1\" style=\"text-align: center;\">\u00a0<\/p>\n","protected":false},"excerpt":{"rendered":"<p>Nous visons \u00e0 situer ici des biographies et des bibliographies d\u2019auteurs connus et moins connus de nos r\u00e9f\u00e9rences p\u00e9dagogiques. C\u00e9lestin Freinet, Fernand Oury, Jean Oury, F\u00e9lix Guattari, Fran\u00e7ois Tosquelles. Et d&rsquo;autres auteurs. A commencer par nos deux \u00abma\u00eetres\u00bb des \u00abTechniques Freinet \/ P\u00e9dagogie Institutionnelle\u00bb les \u00ab\u00a0TF-PI\u00a0\u00bb \u00a0C\u00e9lestin Freinet \u00a0 \u00a0 Fernand Oury \u00a0 \u00a0 Mais [&hellip;]<\/p>\n","protected":false},"author":1,"featured_media":0,"parent":0,"menu_order":0,"comment_status":"closed","ping_status":"closed","template":"","meta":{"footnotes":""},"_links":{"self":[{"href":"http:\/\/www.jacques-pain.fr\/jpwp\/wp-json\/wp\/v2\/pages\/1171"}],"collection":[{"href":"http:\/\/www.jacques-pain.fr\/jpwp\/wp-json\/wp\/v2\/pages"}],"about":[{"href":"http:\/\/www.jacques-pain.fr\/jpwp\/wp-json\/wp\/v2\/types\/page"}],"author":[{"embeddable":true,"href":"http:\/\/www.jacques-pain.fr\/jpwp\/wp-json\/wp\/v2\/users\/1"}],"replies":[{"embeddable":true,"href":"http:\/\/www.jacques-pain.fr\/jpwp\/wp-json\/wp\/v2\/comments?post=1171"}],"version-history":[{"count":19,"href":"http:\/\/www.jacques-pain.fr\/jpwp\/wp-json\/wp\/v2\/pages\/1171\/revisions"}],"predecessor-version":[{"id":2106,"href":"http:\/\/www.jacques-pain.fr\/jpwp\/wp-json\/wp\/v2\/pages\/1171\/revisions\/2106"}],"wp:attachment":[{"href":"http:\/\/www.jacques-pain.fr\/jpwp\/wp-json\/wp\/v2\/media?parent=1171"}],"curies":[{"name":"wp","href":"https:\/\/api.w.org\/{rel}","templated":true}]}}