{"id":1197,"date":"2015-06-27T21:01:54","date_gmt":"2015-06-27T19:01:54","guid":{"rendered":"http:\/\/www.jacques-pain.fr\/jpwp\/?page_id=1197"},"modified":"2015-10-12T15:23:57","modified_gmt":"2015-10-12T13:23:57","slug":"en-souvenir-de-felix-guattari","status":"publish","type":"page","link":"http:\/\/www.jacques-pain.fr\/jpwp\/auteurs-biographies-bibliographies\/en-souvenir-de-felix-guattari\/","title":{"rendered":"En souvenir de F\u00e9lix Guattari"},"content":{"rendered":"<p style=\"text-align: center;\"><strong>Monument \u00e0 Guattari<\/strong><\/p>\n<p style=\"text-align: center;\"> Monument \u00e0 Guattari de Fran\u00e7ois Pain, <br \/> sur une id\u00e9e de Jean-Jacques Lebel<\/p>\n<p style=\"text-align: center;\">\u00a0<\/p>\n<table>\n<tbody>\n<tr valign=\"top\">\n<td width=\"30%\">\n<p><img loading=\"lazy\" decoding=\"async\" class=\"alignnone size-full wp-image-1246\" src=\"http:\/\/www.jacques-pain.fr\/jpwp\/wp-content\/uploads\/2015\/06\/Guatt-Deleuze.jpg\" alt=\"Guatt Deleuze\" width=\"267\" height=\"189\" \/><\/p>\n<p><img loading=\"lazy\" decoding=\"async\" class=\"alignnone size-full wp-image-1247\" src=\"http:\/\/www.jacques-pain.fr\/jpwp\/wp-content\/uploads\/2015\/06\/FG.jpg\" alt=\"FG\" width=\"260\" height=\"194\" \/><\/p>\n<\/td>\n<td>\n<p class=\"paragraph_style_3\">Publi\u00e9 le 11 d\u00e9cembre 2009 par \u00ab\u00a0<a class=\"Aucun\" title=\"http:\/\/www.paperblog.fr\/users\/mainsdoeuvres\/\" href=\"http:\/\/www.paperblog.fr\/users\/mainsdoeuvres\/\">Mainsdoeuvres<\/a>\u00ab\u00a0<span class=\"style_1\"><br \/> <\/span><\/p>\n<p class=\"paragraph_style_4\">Projection \u00e0 18h apr\u00e8s la balade de Marie Preston. Ce film a \u00e9t\u00e9 tourn\u00e9 en 1994\/95, \u00e0 l&rsquo;occasion de l&rsquo;exposition \u00ab\u00a0Hors limites. L&rsquo;art et la vie. 1952-1994\u00a0\u00bb au Centre Pompidou, dans et devant la grande machine multim\u00e9dia de Jean-Jacques Lebel intitul\u00e9e Monument \u00e0 Felix Guattari.<\/p>\n<p class=\"paragraph_style_4\"><a href=\"http:\/\/www.jacques-pain.fr\/jpwp\/wp-content\/uploads\/2015\/06\/monument-guattari-francois-pain-sur-idee-jean-L-1.jpg\"><img loading=\"lazy\" decoding=\"async\" class=\"size-medium wp-image-1442 aligncenter\" src=\"http:\/\/www.jacques-pain.fr\/jpwp\/wp-content\/uploads\/2015\/06\/monument-guattari-francois-pain-sur-idee-jean-L-1-300x120.jpg\" alt=\"monument-guattari-francois-pain-sur-idee-jean-L-1\" width=\"300\" height=\"120\" \/><\/a><\/p>\n<p class=\"paragraph_style_6\">18H projection Monument \u00e0 Guattari de Fran\u00e7ois Pain, sur une id\u00e9e de Jean-Jacques Lebel (1995, 90min)<span class=\"style_2\"><br \/> <\/span><\/p>\n<p class=\"paragraph_style_7\">Ont activement particip\u00e9 \u00e0 ce travail collectif un grand nombre de philosophes, d&rsquo;artistes, de psychiatres, de musiciens, de po\u00e8tes, amis et collaborateurs de Guattari. Entre autres : Raymond Bellour \/ Jacqueline Cahen \/ Daniel Caux \/ Pascale Criton \/ Mony Elkaim \/ Paolo Fabbri \/ Robert Fleck \/ Allen Ginsberg \/ Edouard Glissant \/ Ilan Halevy \/ Bernard Heidsieck \/ Jo\u00ebl Hubaut \/ Fran\u00e7oise Janicot \/ Allan Kaprow \/ Jean-Pierre Klein \/ Arnaud Labelle-Rojoux \/ Pierre Levy \/ Made in Eric \/ Val\u00e9rie Marange \/ Ouzi Deckel \/ Christine Piot \/ Serge Pey \/ Jean-Claude Pollack \/ J\u00e9r\u00f4me Rothenberg \/ Oreste Scalzone \/ Ren\u00e9 Scherer \/ Danielle Sivadon. Ils y \u00e9voquent schizoanalyse, antipsychiatrie, r\u00e9volution politique et sociale, les trois \u00e9cologies, l&rsquo;art, la philosophie, la linguistique, le travail de F\u00e9lix Guattari avec Gilles Deleuze &#8230; Incluses dans le montage, de nombreuses interventions film\u00e9es de F\u00e9lix Guattari compl\u00e8tent ce film rhizomatique pr\u00e9figur\u00e9 par le r\u00eave dont il fait lui-m\u00eame le r\u00e9cit de base dans le Monument. Ce Monument \u00e0 F\u00e9lix Guattari est l&rsquo;hommage \u00e0 la fois affectueux et militant, \u00e9mu et collectif rendu par J.-J. Lebel \u00e0 celui qui fut son ami intime, son camarade de combat, son alli\u00e9 fondamental.<\/p>\n<\/td>\n<\/tr>\n<\/tbody>\n<\/table>\n<p class=\"paragraph_style_3\" style=\"text-align: justify;\">\u00a0<\/p>\n","protected":false},"excerpt":{"rendered":"<p>Monument \u00e0 Guattari Monument \u00e0 Guattari de Fran\u00e7ois Pain, sur une id\u00e9e de Jean-Jacques Lebel \u00a0 Publi\u00e9 le 11 d\u00e9cembre 2009 par \u00ab\u00a0Mainsdoeuvres\u00ab\u00a0 Projection \u00e0 18h apr\u00e8s la balade de Marie Preston. Ce film a \u00e9t\u00e9 tourn\u00e9 en 1994\/95, \u00e0 l&rsquo;occasion de l&rsquo;exposition \u00ab\u00a0Hors limites. L&rsquo;art et la vie. 1952-1994\u00a0\u00bb au Centre Pompidou, dans et [&hellip;]<\/p>\n","protected":false},"author":1,"featured_media":0,"parent":1171,"menu_order":5,"comment_status":"closed","ping_status":"closed","template":"","meta":{"footnotes":""},"_links":{"self":[{"href":"http:\/\/www.jacques-pain.fr\/jpwp\/wp-json\/wp\/v2\/pages\/1197"}],"collection":[{"href":"http:\/\/www.jacques-pain.fr\/jpwp\/wp-json\/wp\/v2\/pages"}],"about":[{"href":"http:\/\/www.jacques-pain.fr\/jpwp\/wp-json\/wp\/v2\/types\/page"}],"author":[{"embeddable":true,"href":"http:\/\/www.jacques-pain.fr\/jpwp\/wp-json\/wp\/v2\/users\/1"}],"replies":[{"embeddable":true,"href":"http:\/\/www.jacques-pain.fr\/jpwp\/wp-json\/wp\/v2\/comments?post=1197"}],"version-history":[{"count":11,"href":"http:\/\/www.jacques-pain.fr\/jpwp\/wp-json\/wp\/v2\/pages\/1197\/revisions"}],"predecessor-version":[{"id":1451,"href":"http:\/\/www.jacques-pain.fr\/jpwp\/wp-json\/wp\/v2\/pages\/1197\/revisions\/1451"}],"up":[{"embeddable":true,"href":"http:\/\/www.jacques-pain.fr\/jpwp\/wp-json\/wp\/v2\/pages\/1171"}],"wp:attachment":[{"href":"http:\/\/www.jacques-pain.fr\/jpwp\/wp-json\/wp\/v2\/media?parent=1197"}],"curies":[{"name":"wp","href":"https:\/\/api.w.org\/{rel}","templated":true}]}}