{"id":1333,"date":"2015-08-21T15:19:03","date_gmt":"2015-08-21T14:19:03","guid":{"rendered":"http:\/\/www.jacques-pain.fr\/jpwp\/?page_id=1333"},"modified":"2018-02-26T18:18:06","modified_gmt":"2018-02-26T16:18:06","slug":"carrefour-des-concepts","status":"publish","type":"page","link":"http:\/\/www.jacques-pain.fr\/jpwp\/recherches\/carrefour-des-concepts\/","title":{"rendered":"Carrefour des concepts"},"content":{"rendered":"<h2 class=\"p1\"><span class=\"s1\"><b>Pratiques<\/b><\/span><\/h2>\n<p class=\"paragraph_style_5\" style=\"padding-left: 30px; text-align: justify;\"><a class=\"class2\" title=\"Prat_Latelier_des_gros_mots.html\" href=\"http:\/\/www.jacques-pain.fr\/jacques-pain\/Prat_Latelier_des_gros_mots.html\" target=\"_blank\" rel=\"noopener\">L\u2019atelier des gros mots<br \/>\n<\/a>J-L Tilmant\u00a0\u00a0<\/p>\n<p class=\"paragraph_style_6\" style=\"padding-left: 30px; text-align: justify;\"><a class=\"class3\" title=\"Docs_Audios_Videos\/Entrees\/2011\/6\/21_Une_page_de_journal__dans_la_classe_de_Francoise_Thebaudin.html\" href=\"http:\/\/www.jacques-pain.fr\/jpwp\/les-tf-pi-le-journal-scolaire\/\"><span class=\"style_5\">Une page de journa<\/span><span class=\"style_6\">l<\/span><\/a> (Archives)<br \/>\nF.Th\u00e9baudin<\/p>\n<p class=\"paragraph_style_7\" style=\"padding-left: 30px; text-align: justify;\"><a class=\"class4\" title=\"Docs_Audios_Videos\/Entrees\/2011\/6\/21_jud_box__Boxe_francaise_et_judo.html\" href=\"http:\/\/www.jacques-pain.fr\/jacques-pain\/Docs_Audios_Videos\/Entrees\/2011\/6\/21_jud_box__Boxe_francaise_et_judo.html\" target=\"_blank\" rel=\"noopener\">Jud Box<\/a> (<span class=\"style_7\">Archives<\/span>)<br \/>\nJP Bijok, A Roland<\/p>\n<p class=\"paragraph_style_6\" style=\"padding-left: 30px; text-align: justify;\">D\u00e9crochage et classes-relais<br \/>\n<a class=\"class5\" title=\"Art_Decrochage.html\" href=\"http:\/\/www.jacques-pain.fr\/jacques-pain\/Art_Decrochage.html\" target=\"_blank\" rel=\"noopener\">J.Pain<\/a>,\u00a0<a class=\"class6\" title=\"Docs_Audios_Videos\/Entrees\/2011\/7\/26_Decrochage_et_classes-relais__Faire_autrement!.html\" href=\"http:\/\/www.jacques-pain.fr\/jacques-pain\/Docs_Audios_Videos\/Entrees\/2011\/7\/26_Decrochage_et_classes-relais__Faire_autrement%21.html\" target=\"_blank\" rel=\"noopener\">Fr\u00e9d\u00e9rique Landoeuer<\/a>.<\/p>\n<p class=\"p4\" style=\"padding-left: 30px;\"><i><\/i><span class=\"s1\"><b>&#8230;&#8230;&#8230;&#8230;&#8230;&#8230;&#8230;&#8230;&#8230;&#8230;&#8230;&#8230;&#8230;&#8230;&#8230;&#8230;&#8230;&#8230;&#8230;&#8230;&#8230;&#8230;&#8230;&#8230;&#8230;&#8230;&#8230;&#8230;&#8230;&#8230;&#8230;&#8230;&#8230;&#8230;..<\/b><\/span><\/p>\n<h2 class=\"p7\"><span class=\"s1\"><b>Enseignement <\/b><\/span><\/h2>\n<p class=\"p7\" style=\"padding-left: 30px;\"><span class=\"s1\">La p\u00e9dagogie institutionnelle adapt\u00e9e (Sylvie Canat)<\/span><\/p>\n<p class=\"p7\" style=\"padding-left: 30px;\"><span class=\"s1\">cf <a href=\"https:\/\/youtu.be\/8cqjtYHfqyY\">une conf\u00e9rence sur le sujet de Sylvie Canat<\/a> :<br \/>\n<\/span><span class=\"s1\"><span style=\"font-size: 12pt;\">\u00ab\u00a0Vers une p\u00e9dagogie institutionnelle adapt\u00e9e aux troubles du comportement -Traumatismes progr\u00e9dients et r\u00e9gr\u00e9dients\u00a0\u00bb<\/span><\/span><\/p>\n<p class=\"p7\" style=\"padding-left: 30px;\"><span class=\"s1\"><br \/>\n<\/span><span class=\"s1\"><i>Paul Val\u00e9ry \/ Montpellier 3 : <br \/>\n<\/i><\/span><span class=\"s1\"><b><i>un<span class=\"Apple-converted-space\">\u00a0 <\/span>Master 2<span class=\"Apple-converted-space\">\u00a0 <\/span>de P\u00e9dagogie institutionnelle idapt\u00e9e <\/i><\/b><\/span><\/p>\n<p class=\"p9\" style=\"text-align: justify; padding-left: 60px;\"><span class=\"s1\"><b>UM2<\/b>, sp\u00e9cialit\u00e9 8 du MEF (master enseignement et formation de l&rsquo;IUFM)\/\/UM3- Universit\u00e9 Paul Val\u00e9ry\/INSHEA\/ \u00e0 Montpellier.<\/span><\/p>\n<p class=\"p9\" style=\"text-align: justify; padding-left: 60px;\"><span class=\"s1\"><b>M2<\/b> (pas de M1) ouvert aux enseignants pr\u00e9parant le Capa-SH ou le 2 Cash) option D, E, F ou aux \u00e9tudiants ayant un <b>M1<\/b> en lien avec ce M2 (M1 sciences de l&rsquo;\u00e9ducation, psychanalyse&#8230;) <\/span><\/p>\n<p class=\"p9\" style=\"text-align: justify; padding-left: 90px;\"><span class=\"s1\">(CV et demande \u00e0 adresser \u00e0 Madame Canat Sylvie Universit\u00e9 Paul Val\u00e9ry, Route de Mende 34199 Montpellier cedex 5-France et par courriel <a href=\"mailto:sylvie.canat@univ-montp3.fr\"><span class=\"s3\">sylvie.canat@univ-montp3.fr<\/span><\/a>)<\/span><\/p>\n<p class=\"p9\" style=\"text-align: justify; padding-left: 30px;\"><span class=\"s1\">Proposition de M2 avec Sylvie Canat porteur du projet et responsable de ce M2- avec l&rsquo;IUFM de Montpellier et le soutien important de<span class=\"Apple-converted-space\">\u00a0 <\/span>Monsieur le Directeur de l&rsquo;Iufm de Montpellier, Patrick Demougin &#8211;<span class=\"Apple-converted-space\">\u00a0<\/span>avec Monsieur le R\u00e9dacteur en chef de la nouvelle revue de l&rsquo;adaptation et de la scolarisation de l&rsquo;INSHEA, Herv\u00e9 Benoit &#8211; avec<span class=\"Apple-converted-space\">\u00a0 <\/span>le d\u00e9partement de psychanalyse et l&rsquo;\u00e9quipe CRISES, Mr Bernard Salignon-responsable des masters en psychanalyse et<span class=\"Apple-converted-space\">\u00a0 <\/span>Mr Jean-Daniel Causse, Directeur du d\u00e9partement de psychanalyse- avec le<span class=\"Apple-converted-space\">\u00a0 <\/span>d\u00e9partement des sciences de l&rsquo;\u00e9ducation et principalement Monsieur le Professeur Jean-Bernard Paturet &#8211; Directeur des sciences de l&rsquo;\u00e9ducation \u00e0 l&rsquo;universit\u00e9 Paul Val\u00e9ry &#8211; avec des partenaires du m\u00e9dico-social (principalement l&rsquo;IRTS-IR), du rectorat et de l&rsquo; inspection acad\u00e9mique (Dafpen, inspection de l&rsquo;ASH)-avec le soutien constant et engag\u00e9 d&rsquo;amis de la p\u00e9dagogie institutionnelle, principalement Monsieur le Professeur Jacques Pain &#8211; et des amis du secteur du Handicap, principalement Monsieur le Professeur Charles Gardou (universit\u00e9 Lyon II) et nos amis de l&rsquo;association HSE (Handicap solidarit\u00e9 \u00e9galit\u00e9 Marie-H\u00e9l\u00e8ne Delon, Julia Krist\u00e9va, Charles Gardou&#8230;) et des associations pour les situations de handicap&#8230;<\/span><\/p>\n<p class=\"p10\" style=\"padding-left: 30px;\"><strong><span class=\"s1\">Principales caract\u00e9ristiques du projet et objectifs scientifiques et professionnels de la sp\u00e9cialit\u00e9.<\/span><\/strong><\/p>\n<p class=\"p9\" style=\"padding-left: 30px;\"><span class=\"s1\">Dans une approche interdisciplinaire, entre les partenaires principaux (les d\u00e9partements de sciences de l\u2019\u00e9ducation et de psychanalyse UM3, IUFM\u00a0: UM2, l\u2019INS HEA), ce projet consiste, dans une formation nouvelle, \u00e0 offrir la possibilit\u00e9 aux \u00e9tudiants et aux professionnels d\u2019orienter leurs d\u00e9marches p\u00e9dagogiques, \u00e9ducatives, th\u00e9oriques et pratiques autour de la question devenue fondamentale de<span class=\"Apple-converted-space\">\u00a0 <\/span>l\u2019accompagnement, de l\u2019enseignement, et de la formation des populations \u00e0 besoins \u00e9ducatifs particuliers. Il appara\u00eet n\u00e9cessaire de f\u00e9d\u00e9rer la communaut\u00e9 d\u2019universitaires qui d\u00e9veloppent des formations et des recherches dans le domaine envisag\u00e9, afin d\u2019interroger la culture professionnelle et les pratiques p\u00e9dagogiques des acteurs de l\u2019\u00e9ducation au regard de la vuln\u00e9rabilit\u00e9 de certains publics \u00e0 besoins \u00e9ducatifs particuliers et de leurs difficult\u00e9s scolaires.<\/span><\/p>\n<p class=\"p9\" style=\"padding-left: 30px;\"><span class=\"s1\">La loi d\u2019orientation de 1975<span class=\"Apple-converted-space\">\u00a0 <\/span>avait pr\u00e9conis\u00e9 l\u2019int\u00e9gration scolaire et sociale tout en consolidant le cadre d\u2019\u00e9ducation sp\u00e9cialis\u00e9e\u00a0; la loi de 2005 tente de lever le clivage entre les pratiques de l\u2019\u00e9ducation ordinaire et celles de l\u2019\u00e9ducation sp\u00e9cialis\u00e9e. La loi de 1975 pr\u00e9voyait en effet l\u2019acc\u00e8s \u00e0 l\u2019\u00e9cole ordinaire tout en laissant coexister les deux syst\u00e8mes de l\u2019enseignement scolaire et de l\u2019\u00e9ducation sp\u00e9ciale. Il s\u2019agissait donc d\u2019int\u00e9gration, c\u2019est \u00e0 dire d\u2019assimilation de la diff\u00e9rence \u00e0 la normalit\u00e9, et non pas d\u2019inclusion, qui implique au contraire, sur la base de l\u2019\u00e9ducabilit\u00e9 de tout enfant, l\u2019\u00e9largissement du champ de la norme scolaire, ce que la loi de 2005 r\u00e9alise en r\u00e9unissant les deux voies en une seule\u00a0: le champ de la scolarisation pour tous.<\/span><\/p>\n<p class=\"p9\" style=\"padding-left: 30px;\"><span class=\"s1\">Ce Master 2<span class=\"Apple-converted-space\">\u00a0 <\/span>propose de former les professionnels \u00e0 des pratiques p\u00e9dagogiques et \u00e9ducatives adapt\u00e9es aux besoins \u00e9ducatifs particuliers.<\/span><\/p>\n<p class=\"p8\" style=\"padding-left: 30px;\"><span class=\"s1\"><i>Cliquez ici pour consulter la proposition de Master \u00abPI A\u00bb, et\/ ou la t\u00e9l\u00e9charger : 1, 2, 3.<\/i><\/span><\/p>\n<p class=\"p11\" style=\"text-align: center;\"><span class=\"s1\"><i><span class=\"Apple-converted-space\">\u00a0<\/span><\/i><a href=\"http:\/\/www.calameo.com\/read\/00016205892b53bc4ec07\" target=\"_blank\" rel=\"noopener\"><span class=\"s4\"><i>1 Objet<\/i><\/span><\/a><i><span class=\"Apple-converted-space\">\u00a0 \u00a0 \u00a0<\/span><\/i><a href=\"http:\/\/www.calameo.com\/read\/000162058418dcb15cb9b\" target=\"_blank\" rel=\"noopener\"><span class=\"s4\"><i>2 Contenus<\/i><\/span><\/a><i><span class=\"Apple-converted-space\">\u00a0 \u00a0 \u00a0 \u00a0<\/span><\/i><a href=\"http:\/\/www.calameo.com\/read\/0001620581070a0a26efe\" target=\"_blank\" rel=\"noopener\"><span class=\"s4\"><i>3 Cursus<\/i><\/span><\/a><\/span><\/p>\n<p class=\"p12\"><span class=\"s1\"><b>&#8230;&#8230;&#8230;&#8230;&#8230;&#8230;&#8230;&#8230;&#8230;&#8230;&#8230;&#8230;&#8230;&#8230;&#8230;&#8230;&#8230;&#8230;&#8230;&#8230;&#8230;&#8230;&#8230;&#8230;&#8230;&#8230;&#8230;&#8230;&#8230;&#8230;&#8230;&#8230;&#8230;&#8230;&#8230;..<\/b><\/span><\/p>\n<h2 class=\"p13\"><a href=\"http:\/\/www.jacques-pain.fr\/jpwp\/carrefour-des-concepts\/liste-des-micros-cours\/\"><span class=\"s1\"><b>Les MCC : micro-cours conceptuels<br \/>\n <\/b><\/span><\/a><\/h2>\n<p style=\"padding-left: 30px;\"><a href=\"http:\/\/www.jacques-pain.fr\/jpwp\/carrefour-des-concepts\/liste-des-micros-cours\/\">Cliquer ici<\/a> pour voir la liste<\/p>\n<p class=\"p14\"><a href=\"http:\/\/www.jacques-pain.fr\/jpwp\/category\/liste-des-micro-cours\/\"><b><\/b><span class=\"s1\"><b>&#8230;&#8230;&#8230;&#8230;&#8230;&#8230;&#8230;&#8230;&#8230;&#8230;&#8230;&#8230;&#8230;&#8230;&#8230;&#8230;&#8230;&#8230;&#8230;&#8230;&#8230;&#8230;&#8230;&#8230;&#8230;&#8230;&#8230;&#8230;&#8230;&#8230;&#8230;&#8230;&#8230;&#8230;&#8230;..<\/b><\/span><\/a><\/p>\n<p class=\"p15\"><span class=\"s1\"><b>Archives Jacques Pain : <br \/>\n Le \u00abconservatoire\u00bb &#8211; stockage &#8211;<\/b><\/span><\/p>\n<p class=\"p16\"><span class=\"s1\">2 conf\u00e9rences \u00e0 l\u2019Universit\u00e9 de Gen\u00e8ve, dans les cours de Mireille Cifali.<br \/>\n<\/span><span class=\"s1\"><a href=\"https:\/\/mediaserver.unige.ch\/play\/66063\" target=\"_blank\" rel=\"noopener\">L\u2019angoisse et la violence 10 mars 1988<br \/>\nhttps:\/\/mediaserver.unige.ch\/play\/66063<\/a><\/span><\/p>\n<p class=\"p17\"><span class=\"s1\"><a href=\"https:\/\/mediaserver.unige.ch\/play\/66054\" target=\"_blank\" rel=\"noopener\">La violence 11 juin 1987<br \/>\nhttps:\/\/mediaserver.unige.ch\/play\/66054<\/a><\/span><\/p>\n<p class=\"p17\">&#8230;&#8230;&#8230;&#8230;&#8230;&#8230;&#8230;&#8230;&#8230;&#8230;&#8230;&#8230;&#8230;&#8230;&#8230;&#8230;&#8230;&#8230;&#8230;&#8230;&#8230;&#8230;&#8230;&#8230;&#8230;&#8230;&#8230;&#8230;&#8230;&#8230;&#8230;&#8230;&#8230;&#8230;&#8230;..<\/p>\n<h2 class=\"p16\"><strong><span class=\"s1\">Des fiches de cours de Paris X <\/span><\/strong><\/h2>\n<p class=\"p16\"><strong><span class=\"s1\">retenues par S\u00e9bastien Pesce (y compris manuscrites)<\/span><\/strong><\/p>\n<p class=\"p16\" style=\"padding-left: 30px;\"><span class=\"s1\"><a href=\"http:\/\/www.google.fr\/http:\/\/issuu.com\/pedagogie_institutionnelle\/docs\/l_institution\/1\" target=\"_blank\" rel=\"noopener\">L\u2019institution<\/a><br \/>\n <a href=\"http:\/\/issuu.com\/pedagogie_institutionnelle\/docs\/la_p__dagogie\/1\" target=\"_blank\" rel=\"noopener\"><span class=\"s6\">La p\u00e9dagogie<\/span><\/a><br \/>\n<a href=\"http:\/\/la_p__dagogie_1\" target=\"_blank\" rel=\"noopener\"><span class=\"s6\">L\u2019\u00e9ducation nouvelle<\/span><\/a> 1<br \/>\n<span class=\"s6\">L<a href=\"http:\/\/issuu.com\/pedagogie_institutionnelle\/docs\/institution_3\/1\" target=\"_blank\" rel=\"noopener\">\u2019\u00e9ducation nouvelle<\/a><\/span><span class=\"s6\">\u00a02<\/span><a href=\"http:\/\/issuu.com\/pedagogie_institutionnelle\/docs\/institution_3\/1\" target=\"_blank\" rel=\"noopener\"><span class=\"s6\"><br \/>\n Du d\u00e9sir \u00e0 la loi<\/span><\/a><br \/>\n <a href=\"http:\/\/issuu.com\/pedagogie_institutionnelle\/docs\/apprendre______crire_correctement_f\/1\" target=\"_blank\" rel=\"noopener\"><span class=\"s6\">Apprendre \u00e0 \u00e9crire correctement FO<\/span><\/a><br \/>\n <a href=\"http:\/\/issuu.com\/pedagogie_institutionnelle\/docs\/la_violence__d__finiti\" target=\"_blank\" rel=\"noopener\"><span class=\"s6\">La violence<\/span><\/a><br \/>\n <a href=\"http:\/\/issuu.com\/pedagogie_institutionnelle\/docs\/une_vie_d__terior__e\/1\"><span class=\"s6\">Une vie d\u00e9t\u00e9rior\u00e9e JP<br \/>\n <\/span><\/a><a href=\"http:\/\/issuu.com\/pedagogie_institutionnelle\/docs\/le_conseil_en_pi\/1\" target=\"_blank\" rel=\"noopener\"><span class=\"s6\">le conseil en PI CL<\/span><\/a><br \/>\n <a href=\"http:\/\/issuu.com\/pedagogie_institutionnelle\/docs\/dictionnaire_pi\/1\" target=\"_blank\" rel=\"noopener\"><span class=\"s6\">Le PIctionnaire<\/span><\/a><br \/>\n <a href=\"http:\/\/issuu.com\/pedagogie_institutionnelle\/docs\/j_oury__l_angoisse_et_l___cole\/1\" target=\"_blank\" rel=\"noopener\"><span class=\"s6\">L\u2019angoisse et l\u2019\u00e9cole JO<br \/>\n <\/span><\/a><a href=\"http:\/\/issuu.com\/pedagogie_institutionnelle\/docs\/petite_histoire_de_la_pi\/1\" target=\"_blank\" rel=\"noopener\"><span class=\"s6\">Petite histoire de la PI FO<\/span><\/a><\/span><\/p>\n","protected":false},"excerpt":{"rendered":"<p>Pratiques L\u2019atelier des gros mots J-L Tilmant\u00a0\u00a0 Une page de journal (Archives) F.Th\u00e9baudin Jud Box (Archives) JP Bijok, A Roland D\u00e9crochage et classes-relais J.Pain,\u00a0Fr\u00e9d\u00e9rique Landoeuer. &#8230;&#8230;&#8230;&#8230;&#8230;&#8230;&#8230;&#8230;&#8230;&#8230;&#8230;&#8230;&#8230;&#8230;&#8230;&#8230;&#8230;&#8230;&#8230;&#8230;&#8230;&#8230;&#8230;&#8230;&#8230;&#8230;&#8230;&#8230;&#8230;&#8230;&#8230;&#8230;&#8230;&#8230;.. Enseignement La p\u00e9dagogie institutionnelle adapt\u00e9e (Sylvie Canat) cf une conf\u00e9rence sur le sujet de Sylvie Canat : \u00ab\u00a0Vers une p\u00e9dagogie institutionnelle adapt\u00e9e aux troubles du comportement -Traumatismes progr\u00e9dients et [&hellip;]<\/p>\n","protected":false},"author":1,"featured_media":0,"parent":66,"menu_order":2,"comment_status":"closed","ping_status":"closed","template":"","meta":{"footnotes":""},"_links":{"self":[{"href":"http:\/\/www.jacques-pain.fr\/jpwp\/wp-json\/wp\/v2\/pages\/1333"}],"collection":[{"href":"http:\/\/www.jacques-pain.fr\/jpwp\/wp-json\/wp\/v2\/pages"}],"about":[{"href":"http:\/\/www.jacques-pain.fr\/jpwp\/wp-json\/wp\/v2\/types\/page"}],"author":[{"embeddable":true,"href":"http:\/\/www.jacques-pain.fr\/jpwp\/wp-json\/wp\/v2\/users\/1"}],"replies":[{"embeddable":true,"href":"http:\/\/www.jacques-pain.fr\/jpwp\/wp-json\/wp\/v2\/comments?post=1333"}],"version-history":[{"count":17,"href":"http:\/\/www.jacques-pain.fr\/jpwp\/wp-json\/wp\/v2\/pages\/1333\/revisions"}],"predecessor-version":[{"id":3599,"href":"http:\/\/www.jacques-pain.fr\/jpwp\/wp-json\/wp\/v2\/pages\/1333\/revisions\/3599"}],"up":[{"embeddable":true,"href":"http:\/\/www.jacques-pain.fr\/jpwp\/wp-json\/wp\/v2\/pages\/66"}],"wp:attachment":[{"href":"http:\/\/www.jacques-pain.fr\/jpwp\/wp-json\/wp\/v2\/media?parent=1333"}],"curies":[{"name":"wp","href":"https:\/\/api.w.org\/{rel}","templated":true}]}}