{"id":1342,"date":"2015-08-21T16:06:42","date_gmt":"2015-08-21T15:06:42","guid":{"rendered":"http:\/\/www.jacques-pain.fr\/jpwp\/?page_id=1342"},"modified":"2022-02-13T16:30:02","modified_gmt":"2022-02-13T14:30:02","slug":"liste-des-micros-cours","status":"publish","type":"page","link":"http:\/\/www.jacques-pain.fr\/jpwp\/recherches\/carrefour-des-concepts\/liste-des-micros-cours\/","title":{"rendered":"Les micro-cours : la liste des micros cours"},"content":{"rendered":"<h2><span style=\"color: #000080;\">\u00a0Les micro-cours conceptuels<\/span><\/h2>\n<table style=\"border-collapse: collapse; width: 99.5306%;\">\n<tbody>\n<tr>\n<td style=\"width: 20%;\"><img loading=\"lazy\" decoding=\"async\" src=\"http:\/\/www.jacques-pain.fr\/jacques-pain\/images_files\/image%20sage.jpg\" width=\"230\" height=\"180\" \/><\/td>\n<td style=\"width: 30%;\">\n<p class=\"p1\"><span class=\"s1\"><b><a href=\"http:\/\/www.jacques-pain.fr\/jpwp\/quelques-definitions\/\" target=\"_blank\" rel=\"noopener\">Voir les D\u00e9finitions de base<\/a><\/b><\/span><\/p>\n<p class=\"p2\"><span class=\"s1\">P\u00e9dagogie, <br \/>\np\u00e9dagogie institutionnelle,<br \/>\nviolence, <br \/>\nbanlieues&#8230;<\/span><\/p>\n<\/td>\n<td style=\"width: 50%;\">\n<p class=\"p1\"><span class=\"s1\">UMH Mons\u00a0 2012\u00a0<br \/>\n<span style=\"font-size: 14pt;\"><strong>Cours \u00ab\u00a0Intervention dans les\u00a0organisations <br \/>\net les institutions\u00a0\u00bb (2006-2012)<\/strong><\/span><\/span><\/p>\n<p class=\"p1\"><span class=\"s1\">\u2022 La pratique de l\u2019institutionnel<br \/>\n\u2022 L\u2019analyse institutionnelle<br \/>\n\u2022 L\u2019intervention<br \/>\n\u2022 L\u2019institution<\/span><\/p>\n<p class=\"p2\"><span class=\"s1\"><a href=\"http:\/\/issuu.com\/pedagogie_institutionnelle\/docs\/umh_fichier_cours_j.pain_2012?mode=window&amp;viewMode=doublePage\">Supports de cours<\/a><\/span><\/p>\n<p class=\"p1\"><span class=\"s1\"><a href=\"http:\/\/issuu.com\/pedagogie_institutionnelle\/docs\/umh_fichier_cours_j.pain_2012?mode=window&amp;viewMode=doublePage\">(Syllabus)<\/a><\/span><\/p>\n<\/td>\n<\/tr>\n<\/tbody>\n<\/table>\n<p>Les micro-cours sont con\u00e7us comme des condensations conceptuelles transversales. Elles ne se pr\u00e9tendent pas didactiques, mais analogiques et\/ou abductives. L\u2019essentiel du travail reste \u00e0 faire. Mais pourtant les lignes de structure, reprises de nos cours et conf\u00e9rences &#8211; multiples, sont bien pr\u00e9sentes. Le savoir est une construction subjective revendiqu\u00e9e.<\/p>\n<h2><span style=\"color: #000080; font-size: 24pt;\"><em><strong>Les MCC Micro-Cours Conceptuels<\/strong> <\/em><\/span><\/h2>\n<p style=\"text-align: center;\"><strong>Page en chantier.<\/strong><\/p>\n<h3><span style=\"color: #000080;\"><strong><span style=\"font-size: 18pt;\"><em>La p\u00e9dagogie institutionnelle <\/em><\/span><\/strong><\/span><\/h3>\n<p class=\"paragraph_style_5\" style=\"padding-left: 30px;\">1 &#8211; <a class=\"class1\" title=\"les_MCC__La_Pratique_de_lInstitutionnel.html\" href=\"http:\/\/www.jacques-pain.fr\/jacques-pain\/les_MCC__La_Pratique_de_lInstitutionnel.html\" target=\"_blank\" rel=\"noopener\">La pratique de l\u2019institutionnel <\/a>:\u00a0P\u00e9dagogie et psychoth\u00e9rapie institutionnelles<br \/>\n2 &#8211; <a class=\"class2\" title=\"les_MCC__Les_courants_iels.html\" href=\"http:\/\/www.jacques-pain.fr\/jacques-pain\/les_MCC__Les_courants_iels.html\" target=\"_blank\" rel=\"noopener\">Les courants de pens\u00e9e \u00abinstitutionnalistes\u00bb<br \/>\n<\/a>3 &#8211; <a class=\"class3\" title=\"les_MCC__Le_conseil.html\" href=\"http:\/\/www.jacques-pain.fr\/jacques-pain\/les_MCC__Le_conseil.html\">Le conseil <\/a>dans la p\u00e9dagogie institutionnelle<br \/>\n4 &#8211; <a class=\"class4\" title=\"les_MCC__La_classe_coope_Iee.html\" href=\"http:\/\/www.jacques-pain.fr\/jacques-pain\/les_MCC__La_classe_coope_Iee.html\" target=\"_blank\" rel=\"noopener\">La classe coop\u00e9rative institutionnalis\u00e9e<br \/>\n<\/a>5 &#8211; <a class=\"class5\" title=\"les_MCC__Les_ceintures.html\" href=\"http:\/\/www.jacques-pain.fr\/jacques-pain\/les_MCC__Les_ceintures.html\">Les ceintures<br \/>\n<\/a>6 &#8211; <a class=\"class6\" title=\"les_MCC__Les_analyses_Ielles.html\" href=\"http:\/\/www.jacques-pain.fr\/jacques-pain\/les_MCC__Les_analyses_Ielles.html\" target=\"_blank\" rel=\"noopener\">L\u2019analyse institutionnelle<br \/>\n<\/a>7 &#8211;<a class=\"class7\" title=\"les_MCC__LIel_une_matrice_active.html\" href=\"http:\/\/www.jacques-pain.fr\/jacques-pain\/les_MCC__LIel_une_matrice_active.html\" target=\"_blank\" rel=\"noopener\"> L\u2019institutionnel : une matrice active<\/a><\/p>\n<h3><span style=\"color: #000080;\"><strong><em><span style=\"font-size: 18pt;\">La violence <\/span><\/em><\/strong><\/span><\/h3>\n<p style=\"padding-left: 30px;\"><span style=\"color: #000080;\">1 &#8211; <a href=\"http:\/\/www.jacques-pain.fr\/jacques-pain\/les_MCC__Violence_et_relation.html\" target=\"_blank\" rel=\"noopener\">La Violence dans la relation humaine\u2028 <\/a><\/span><br \/>\n<span style=\"color: #000080;\">2\u00a0<a href=\"http:\/\/www.jacques-pain.fr\/jacques-pain\/les_MCC__Les_fondements_de_la_violence.html\" target=\"_blank\" rel=\"noopener\">&#8211; Les fondements de la violence\u2028<\/a> <\/span><br \/>\n<span style=\"color: #000080;\">3 &#8211;<a href=\"http:\/\/www.jacques-pain.fr\/jacques-pain\/les_MCC__%281%29_La_violence.html\" target=\"_blank\" rel=\"noopener\"> D\u00e9finir la violence. D\u00e9finir les violence<\/a> <\/span><br \/>\n<span style=\"color: #000080;\">4 &#8211;<a href=\"http:\/\/www.jacques-pain.fr\/jacques-pain\/les_MCC__%282%29_La_violence_institutionnelle.html\" target=\"_blank\" rel=\"noopener\"> D\u00e9finir la violence institutionnelle <\/a><\/span><br \/>\n<span style=\"color: #000080;\">5 &#8211;<a href=\"http:\/\/www.jacques-pain.fr\/jacques-pain\/les_MCC__La_situation_violente_%281%29.html\" target=\"_blank\" rel=\"noopener\"> La situation violente ferm\u00e9e <\/a><\/span><br \/>\n<span style=\"color: #000080;\">6 &#8211; <a href=\"http:\/\/www.jacques-pain.fr\/jacques-pain\/les_MCC__La_situation_violente_%282%29.html\" target=\"_blank\" rel=\"noopener\">Les m\u00e9canismes de la situation violente<\/a> <\/span><br \/>\n<span style=\"color: #000080;\">7 &#8211;<a href=\"http:\/\/www.jacques-pain.fr\/jacques-pain\/les_MCC__la_violence_verbale_1.html\" target=\"_blank\" rel=\"noopener\"> La violence verbale. L\u2019injure et ses sp\u00e9cificit\u00e9s<\/a> <\/span><br \/>\n<span style=\"color: #000080;\">8 &#8211; <a href=\"http:\/\/www.jacques-pain.fr\/jacques-pain\/les_MCC__la_violence_verbale_2.html\" target=\"_blank\" rel=\"noopener\">La violence verbale. M\u00e9canismes<\/a><\/span><\/p>\n","protected":false},"excerpt":{"rendered":"<p>\u00a0Les micro-cours conceptuels Voir les D\u00e9finitions de base P\u00e9dagogie, p\u00e9dagogie institutionnelle, violence, banlieues&#8230; UMH Mons\u00a0 2012\u00a0 Cours \u00ab\u00a0Intervention dans les\u00a0organisations et les institutions\u00a0\u00bb (2006-2012) \u2022 La pratique de l\u2019institutionnel \u2022 L\u2019analyse institutionnelle \u2022 L\u2019intervention \u2022 L\u2019institution Supports de cours (Syllabus) Les micro-cours sont con\u00e7us comme des condensations conceptuelles transversales. Elles ne se pr\u00e9tendent pas didactiques, [&hellip;]<\/p>\n","protected":false},"author":2,"featured_media":0,"parent":1333,"menu_order":3,"comment_status":"closed","ping_status":"closed","template":"","meta":{"footnotes":""},"_links":{"self":[{"href":"http:\/\/www.jacques-pain.fr\/jpwp\/wp-json\/wp\/v2\/pages\/1342"}],"collection":[{"href":"http:\/\/www.jacques-pain.fr\/jpwp\/wp-json\/wp\/v2\/pages"}],"about":[{"href":"http:\/\/www.jacques-pain.fr\/jpwp\/wp-json\/wp\/v2\/types\/page"}],"author":[{"embeddable":true,"href":"http:\/\/www.jacques-pain.fr\/jpwp\/wp-json\/wp\/v2\/users\/2"}],"replies":[{"embeddable":true,"href":"http:\/\/www.jacques-pain.fr\/jpwp\/wp-json\/wp\/v2\/comments?post=1342"}],"version-history":[{"count":23,"href":"http:\/\/www.jacques-pain.fr\/jpwp\/wp-json\/wp\/v2\/pages\/1342\/revisions"}],"predecessor-version":[{"id":4376,"href":"http:\/\/www.jacques-pain.fr\/jpwp\/wp-json\/wp\/v2\/pages\/1342\/revisions\/4376"}],"up":[{"embeddable":true,"href":"http:\/\/www.jacques-pain.fr\/jpwp\/wp-json\/wp\/v2\/pages\/1333"}],"wp:attachment":[{"href":"http:\/\/www.jacques-pain.fr\/jpwp\/wp-json\/wp\/v2\/media?parent=1342"}],"curies":[{"name":"wp","href":"https:\/\/api.w.org\/{rel}","templated":true}]}}