{"id":1391,"date":"2015-08-25T16:54:41","date_gmt":"2015-08-25T15:54:41","guid":{"rendered":"http:\/\/www.jacques-pain.fr\/jpwp\/?page_id=1391"},"modified":"2017-09-30T17:38:59","modified_gmt":"2017-09-30T15:38:59","slug":"formation-et-intervention-des-reperes-de-lecture","status":"publish","type":"page","link":"http:\/\/www.jacques-pain.fr\/jpwp\/formation-et-intervention-des-reperes-de-lecture\/","title":{"rendered":"Publications \u00ab\u00a0Formations et interventions\u00a0\u00bb : des rep\u00e8res de lecture"},"content":{"rendered":"<p class=\"paragraph_style_2\" style=\"text-align: center;\"><span style=\"font-size: 14pt;\">Formations et interventions institutionnelles<\/span><\/p>\n<table>\n<tbody>\n<tr>\n<td>\n<div id=\"id4\" class=\"style_SkipStroke_4 shape-with-text\">\n<div class=\"text-content style_External_166_131\">\n<div class=\"style_5\">\n<p class=\"paragraph_style_7\">Nous prenons ici appui sur l\u2019organisation <br \/>\n de nos cours \u00e0 Paris 10 &#8211; Nanterre, <br \/>\n entre 1974 et 2008.<\/p>\n<p class=\"paragraph_style_7\">Elle continue de structurer <br \/>\n nos actuelles interventions et conf\u00e9rences.<\/p>\n<p class=\"paragraph_style_7\">\u00a0\u00a0\u00a0 L\u2019Institutionnel<\/p>\n<p class=\"paragraph_style_7\">\u00a0\u00a0\u00a0 La Violence<\/p>\n<p class=\"paragraph_style_8\">\u00a0\u00a0\u00a0 La Formation et l\u2019Intervention<\/p>\n<\/div>\n<\/div>\n<\/div>\n<\/td>\n<td>\n<div class=\"text-content style_External_388_369\">\n<div class=\"style_2\">\n<p class=\"paragraph_style_2\"><strong>Vie scolaire :<\/strong><\/p>\n<p class=\"paragraph_style_4\"><a class=\"class1\" title=\"http:\/\/www.calameo.com\/read\/000162058927bbe833051\" href=\"http:\/\/www.calameo.com\/read\/000162058927bbe833051\">De la vie scolaire \u00e0 la vie d\u2019\u00e9l\u00e8ve<br \/>\n <\/a><a class=\"class2\" title=\"http:\/\/www.calameo.com\/read\/0001620581c091ea8cd3d\" href=\"http:\/\/www.calameo.com\/read\/0001620581c091ea8cd3d\">Une conf\u00e9rence \u00abvie scolaire\u00bb<br \/>\n <\/a><a class=\"class3\" title=\"http:\/\/www.calameo.com\/read\/0001620588005221cbad4\" href=\"http:\/\/www.calameo.com\/read\/0001620588005221cbad4\">De l\u2019entre tous \u00e0 l\u2019entre lieux, la vie analytique du CPE<br \/>\n <\/a><span class=\"style_3\">\u00c9couter <\/span>: \u00ab <a class=\"class4\" title=\"Docs_Audios_Videos\/Entrees\/2010\/4\/1_Penser_la_pedagogie.html\" href=\"http:\/\/jacques-pain.fr\/jacques-pain\/Docs_Audios_Videos\/Entrees\/2010\/4\/1_Penser_la_pedagogie.html\"><span class=\"style_4\">Penser la p\u00e9dagogie<\/span><\/a>\u00bb<\/p>\n<p class=\"paragraph_style_3\"><strong>et d\u00e9crochag<\/strong>e :<\/p>\n<p class=\"paragraph_style_5\">D\u00e9crochage, d\u00e9crocheurs :\u00a0<br \/>\n <a class=\"class6\" title=\"Quoi_de_neuf\/Entrees\/2012\/4\/18_classes-relais__4_filmsdans_la_classe_de_Frederique_Landoeur.html\" href=\"http:\/\/www.jacques-pain.fr\/jpwp\/decrochage-et-relais\/\">classes-relais<br \/>\n <\/a><a class=\"class7\" title=\"http:\/\/www.calameo.com\/read\/00016205826d65b5503c1\" href=\"http:\/\/www.calameo.com\/read\/00016205826d65b5503c1\">D\u00e9scolariser le d\u00e9crochage<\/a><\/p>\n<p class=\"paragraph_style_3\"><strong>Intervention<\/strong> :<\/p>\n<p class=\"paragraph_style_4\"><a class=\"class8\" title=\"http:\/\/issuu.com\/pedagogie_institutionnelle\/docs\/jpain_la_pii_rai\/3?mode=a_p\" href=\"http:\/\/issuu.com\/pedagogie_institutionnelle\/docs\/jpain_la_pii_rai\/3?mode=a_p\">La p\u00e9dagogie institutionnelle d\u2019intervention<br \/>\n __________<br \/>\n <\/a><a class=\"class9\" title=\"Docs_Audios_Videos\/Entrees\/2011\/7\/27_Des_Reseaux_de_Savoirs.html\" href=\"http:\/\/www.jacques-pain.fr\/jpwp\/le-mrers-le-mouvement-des-reseaux-dechanges-reciproques-de-savoirs\/\">Les R\u00e9seaux d\u2019\u00c9change R\u00e9ciproque de Savoirs<br \/>\n __________<br \/>\n <\/a><a class=\"class10\" title=\"Docs_Audios_Videos\/Entrees\/2012\/12\/7_Situations_violentes__Se_former_a_lanalyse_et_a_lintervention.html\" href=\"http:\/\/www.jacques-pain.fr\/jpwp\/les-situations-violentes\/\">Situation violente: se former \u00e0 l\u2019analyse et \u00e0 l\u2019intervention<\/a><\/p>\n<\/div>\n<\/div>\n<\/td>\n<td><a href=\"http:\/\/www.jacques-pain.fr\/jpwp\/wp-content\/uploads\/2015\/08\/IMG_2561.jpg\"><img loading=\"lazy\" decoding=\"async\" class=\"alignnone size-medium wp-image-1393\" src=\"http:\/\/www.jacques-pain.fr\/jpwp\/wp-content\/uploads\/2015\/08\/IMG_2561-300x225.jpg\" alt=\"IMG_2561\" width=\"300\" height=\"225\" srcset=\"http:\/\/www.jacques-pain.fr\/jpwp\/wp-content\/uploads\/2015\/08\/IMG_2561-300x225.jpg 300w, http:\/\/www.jacques-pain.fr\/jpwp\/wp-content\/uploads\/2015\/08\/IMG_2561-1024x768.jpg 1024w\" sizes=\"(max-width: 300px) 100vw, 300px\" \/><\/a>\u00a0<\/td>\n<\/tr>\n<\/tbody>\n<\/table>\n<p>&nbsp;<\/p>\n","protected":false},"excerpt":{"rendered":"<p>Formations et interventions institutionnelles Nous prenons ici appui sur l\u2019organisation de nos cours \u00e0 Paris 10 &#8211; Nanterre, entre 1974 et 2008. Elle continue de structurer nos actuelles interventions et conf\u00e9rences. \u00a0\u00a0\u00a0 L\u2019Institutionnel \u00a0\u00a0\u00a0 La Violence \u00a0\u00a0\u00a0 La Formation et l\u2019Intervention Vie scolaire : De la vie scolaire \u00e0 la vie d\u2019\u00e9l\u00e8ve Une conf\u00e9rence \u00abvie [&hellip;]<\/p>\n","protected":false},"author":1,"featured_media":0,"parent":0,"menu_order":0,"comment_status":"closed","ping_status":"closed","template":"","meta":{"footnotes":""},"_links":{"self":[{"href":"http:\/\/www.jacques-pain.fr\/jpwp\/wp-json\/wp\/v2\/pages\/1391"}],"collection":[{"href":"http:\/\/www.jacques-pain.fr\/jpwp\/wp-json\/wp\/v2\/pages"}],"about":[{"href":"http:\/\/www.jacques-pain.fr\/jpwp\/wp-json\/wp\/v2\/types\/page"}],"author":[{"embeddable":true,"href":"http:\/\/www.jacques-pain.fr\/jpwp\/wp-json\/wp\/v2\/users\/1"}],"replies":[{"embeddable":true,"href":"http:\/\/www.jacques-pain.fr\/jpwp\/wp-json\/wp\/v2\/comments?post=1391"}],"version-history":[{"count":11,"href":"http:\/\/www.jacques-pain.fr\/jpwp\/wp-json\/wp\/v2\/pages\/1391\/revisions"}],"predecessor-version":[{"id":3421,"href":"http:\/\/www.jacques-pain.fr\/jpwp\/wp-json\/wp\/v2\/pages\/1391\/revisions\/3421"}],"wp:attachment":[{"href":"http:\/\/www.jacques-pain.fr\/jpwp\/wp-json\/wp\/v2\/media?parent=1391"}],"curies":[{"name":"wp","href":"https:\/\/api.w.org\/{rel}","templated":true}]}}