{"id":2123,"date":"2017-01-28T10:37:32","date_gmt":"2017-01-28T08:37:32","guid":{"rendered":"http:\/\/www.jacques-pain.fr\/jpwp\/?page_id=2123"},"modified":"2017-08-21T17:44:08","modified_gmt":"2017-08-21T15:44:08","slug":"sommaire-general-des-publications","status":"publish","type":"page","link":"http:\/\/www.jacques-pain.fr\/jpwp\/sommaire-general-des-publications\/","title":{"rendered":"Sommaire g\u00e9n\u00e9ral des publications"},"content":{"rendered":"<table style=\"height: 745px;\" width=\"718\">\n<tbody>\n<tr>\n<td style=\"width: 175.281px;\">\n<p><a href=\"http:\/\/www.jacques-pain.fr\/jpwp\/sommaire-general-des-publications\/ricardo_seville-3\/\" rel=\"attachment wp-att-2108\"><img loading=\"lazy\" decoding=\"async\" class=\"alignnone size-full wp-image-2108\" src=\"http:\/\/www.jacques-pain.fr\/jpwp\/wp-content\/uploads\/2017\/01\/Ricardo_Seville.jpg\" alt=\"\" width=\"133\" height=\"166\" \/><\/a><\/p>\n<p class=\"paragraph_style_16\">Articles <br \/>\n de <a class=\"class31\" title=\"Articles_de_JP_collab.html\" href=\"http:\/\/www.jacques-pain.fr\/jacques-pain\/Articles_de_JP_collab.html\">Jacques Pain<br \/>\n <\/a>de <a class=\"class32\" title=\"Articles_amis_et_invites.html\" href=\"http:\/\/www.jacques-pain.fr\/jacques-pain\/Articles_amis_et_invites.html\">nos amis et invit\u00e9s<\/a><\/p>\n<p class=\"paragraph_style_4\"><a class=\"class1\" title=\"Articles_de_JP_collab.html\" href=\"http:\/\/www.jacques-pain.fr\/jacques-pain\/Articles_de_JP_collab.html\"><span class=\"style_4\">Articles<\/span> <\/a>et publications.<br \/>\n <a class=\"class2\" title=\"Publications_classees.html\" href=\"http:\/\/www.jacques-pain.fr\/jacques-pain\/Publications_classees.html\">class\u00e9s <span class=\"style_5\">par cat\u00e9gories<br \/>\n <\/span><\/a><span class=\"Puce\">\u2022\u00a0<\/span>L\u2019Institutionnel<br \/>\n <span class=\"Puce\">\u2022\u00a0<\/span>La Violence<br \/>\n <span class=\"Puce\">\u2022\u00a0<\/span>La Formation et l\u2019Intervention<\/p>\n<p> Livres <a href=\"http:\/\/www.jacques-pain.fr\/jpwp\/les-livres-en-ligne-a-votre-disposition\/\">en ligne<\/a>,\u00a0<br \/>\n \u00e9ditions Matrice<\/p>\n<p> <strong><a href=\"http:\/\/www.jacques-pain.fr\/jacques-pain\/Recherches_et_evaluations.html\">Recherches<\/a><br \/>\n <\/strong><em>Recherches et pratiques de recherche<br \/>\n Une \u00e9cole publique diff\u00e9rente<br \/>\n Un dispositif \u00ab\u00a0d\u00e9crochage\u00a0\u00bb<br \/>\n La th\u00e9orie ancr\u00e9e<br \/>\n La prise de fonction<br \/>\n Violence \u00e0 l&rsquo;\u00e9cole<br \/>\n La sanction<br \/>\n P\u00e9dagogie Freinet et recherche<br \/>\n De l&rsquo;aventure au travail<br \/>\n Travailler avec les enfants des rues<\/em><\/p>\n<p class=\"paragraph_style_4\">\u00a0<\/p>\n<p class=\"paragraph_style_4\"><a href=\"http:\/\/www.jacques-pain.fr\/jacques-pain\/Theses__memoires.html\"><strong>Th\u00e8ses<br \/>\n <\/strong><\/a><em>Le bouquet des th\u00e8ses, HDR, m\u00e9moires<\/p>\n<p> L&rsquo;institutionnel, l&rsquo;autorit\u00e9, la violence, les experts, le d\u00e9crochage et l&rsquo;\u00e9chec, la r\u00e9ussite, les arts martiaux<\/em><\/p>\n<\/td>\n<td style=\"width: 176.281px;\">\n<p><a href=\"http:\/\/www.jacques-pain.fr\/jpwp\/recherches\/carrefour-des-concepts\/\"><strong>Carrefour des concepts<br \/>\n <\/strong><span style=\"font-size: 14pt;\"><em>Pratiques, enseignements, micro-cours<\/em><\/span><\/a><\/p>\n<p class=\"p1\"><span class=\"s1\"><b>Les conf\u00e9rences<\/b><\/span><\/p>\n<p class=\"p2\"><span class=\"s1\"><i><a href=\"http:\/\/www.jacques-pain.fr\/jpwp\/pratiquer-lautorite\/\"><span style=\"font-size: 14pt;\">Pratiques <\/span>de classe et autorit\u00e9<\/a>, <a href=\"http:\/\/www.jacques-pain.fr\/jacques-pain\/Docs_Audios_Videos\/Entrees\/2010\/3\/26_Approches_de_linstitutionnel___les_analyseurs_au_quotidien.html\">les analyseurs<\/a>, l<a href=\"http:\/\/www.jacques-pain.fr\/jacques-pain\/Docs_Audios_Videos\/Entrees\/2010\/3\/30_Une_autre_ecole_reste_a_faire.La_pedagogie_Freinet_une_pedagogie_institutionnelle_du_politique..html\">\u2019autre \u00e9cole<\/a>, <a href=\"http:\/\/www.jacques-pain.fr\/jacques-pain\/Docs_Audios_Videos\/Entrees\/2010\/4\/1_Penser_la_pedagogie.html\">penser la p\u00e9dagogie<\/a>, <a href=\"http:\/\/www.jacques-pain.fr\/jpwp\/perception-de-la-violence\/\">perception de la violence<\/a>, <a href=\"http:\/\/www.jacques-pain.fr\/jacques-pain\/Docs_Audios_Videos\/Entrees\/2010\/9\/26_Inconscient_et_education.html\">inconscient et \u00e9ducation<\/a>, <a href=\"http:\/\/www.jacques-pain.fr\/jpwp\/gerer-les-comportements-et-les-transgressions\/\">g\u00e9rer les comportements<\/a>, <a href=\"http:\/\/www.jacques-pain.fr\/jacques-pain\/Docs_Audios_Videos\/Entrees\/2011\/3\/25_Les_violences_institutionnellesdans_les_pays_du_Nord_et_du_Sud.html\">les violences institutionnelles<\/a>, <a href=\"http:\/\/www.jacques-pain.fr\/jpwp\/wp-content\/uploads\/2017\/08\/CONF-AVJP-GRENOBLE-MARS-2011.mp4\">espace public et autorit\u00e9,<\/a> <a href=\"http:\/\/www.jacques-pain.fr\/jpwp\/problematiser-la-crise-leducation-comme-terrain-sensible\/\">crise: l\u2019\u00e9ducation sensible<\/a>, <a href=\"http:\/\/www.jacques-pain.fr\/jacques-pain\/Docs_Audios_Videos\/Entrees\/2012\/4\/7_Actualite_-2012-_de_la_pedagogie_institutionnelle.html\">actualit\u00e9 de la p\u00e9dagogie institutionnelle<\/a>, <a href=\"http:\/\/www.jacques-pain.fr\/jpwp\/la-signification-des-comportements-violents-2\/\">signification des comportements violents<\/a>,<\/i><\/span><\/p>\n<p class=\"p2\"><span class=\"s1\"><i><a href=\"http:\/\/www.jacques-pain.fr\/jacques-pain\/Docs_Audios_Videos\/Entrees\/2012\/5\/19_A_propos_du_Seminaire_de_Sainte-Anne_de_Jean_Oury2_cours.html\">la psychoth\u00e9rapie institutionnelle ( Jean Oury \u00e0 St Anne)<\/a>, <a href=\"http:\/\/www.jacques-pain.fr\/jacques-pain\/Docs_Audios_Videos\/Entrees\/2011\/7\/11_Pedagogie_et_psychotherapie_institutionnelles.html\">p\u00e9dagogie et psychoth\u00e9rapie institutionnelles<\/a><\/i><\/span><\/p>\n<p>\u00a0D\u00e9finitions de base<br \/>\n <span class=\"Puce\">\u2022<\/span><a class=\"class33\" title=\"Definition_PI.html\" href=\"http:\/\/www.jacques-pain.fr\/jacques-pain\/Definition_PI.html\">P\u00e9dagogie institutionnelle<\/a><span class=\"style_7\"> (<\/span><span class=\"style_8\">nT)<br \/>\n <\/span><span class=\"Puce\">\u2022<\/span><a class=\"class34\" title=\"Definition_IP_anglais.html\" href=\"http:\/\/www.jacques-pain.fr\/jacques-pain\/Definition_IP_anglais.html\">Institutional Pedagogy<\/a> <span class=\"style_7\">(<\/span><span class=\"style_8\">nT)<\/span>\u00a0\u00a0<br \/>\n <span class=\"Puce\">\u2022<\/span><a class=\"class35\" title=\"Definition_PI__le_PIctionnaire.html\" href=\"http:\/\/www.jacques-pain.fr\/jacques-pain\/Definition_PI__le_PIctionnaire.html\">PI-ctionnaire\u00a0<br \/>\n <\/a><span class=\"Puce\">\u2022<\/span><a class=\"class36\" title=\"Definition_Pedagogie.html\" href=\"http:\/\/www.jacques-pain.fr\/jacques-pain\/Definition_Pedagogie.html\">P\u00e9dagogie<\/a> (nT)<br \/>\n <span class=\"Puce\">\u2022<\/span><a class=\"class37\" title=\"Few_elements.html\" href=\"http:\/\/www.jacques-pain.fr\/jacques-pain\/Few_elements.html\">Few elements of pedagogy\u00a0<\/a><a class=\"class38\" title=\"Few_elements.html\" href=\"http:\/\/www.jacques-pain.fr\/jacques-pain\/Few_elements.html\">and violence<\/a>\u00a0<span class=\"style_19\">(T)<br \/>\n <\/span><span class=\"Puce\">\u2022<\/span><a class=\"class39\" title=\"Definition_banlieues.html\" href=\"http:\/\/www.jacques-pain.fr\/jacques-pain\/Definition_banlieues.html\">Banlieues<\/a>\u00a0<span class=\"style_19\">(<\/span><span class=\"style_20\">T)<br \/>\n <\/span><span class=\"Puce\">\u2022<\/span><a class=\"class40\" title=\"Definition_Violence.html\" href=\"http:\/\/www.jacques-pain.fr\/jacques-pain\/Definition_Violence.html\">Violence<\/a> <span class=\"style_7\">(T)<\/span><\/p>\n<p>A<span class=\"style_12\">uteurs de r\u00e9f\u00e9rence<br \/>\n <\/span><span class=\"Puce\">\u2022<\/span><a class=\"class29\" title=\"Fernand_Oury_Encyclo.html\" href=\"http:\/\/www.jacques-pain.fr\/jacques-pain\/Fernand_Oury_Encyclo.html\"><span class=\"style_13\">Fernand <\/span><span class=\"style_14\">OURY<\/span><\/a> <span class=\"style_15\">(<\/span><span class=\"style_16\">nT)<br \/>\n <\/span><span class=\"Puce\">\u2022<\/span><a class=\"class30\" title=\"Auteur_C_Freinet.html\" href=\"http:\/\/www.jacques-pain.fr\/jacques-pain\/Auteur_C_Freinet.html\"><span class=\"style_13\">C\u00e9lestin <\/span><span class=\"style_14\">FREINE<\/span><span class=\"style_13\">T<\/span><\/a> <span class=\"style_15\">(<\/span><span class=\"style_16\">nT)<br \/>\n <\/span><span class=\"style_16\">\u2022<a href=\"http:\/\/www.jacques-pain.fr\/jpwp\/auteurs-biographies-bibliographies\/francois-tosquelles\/\">Fran\u00e7ois Tosquelles <\/a>(nT)<br \/>\n <\/span>\u2022<a href=\"http:\/\/www.jacques-pain.fr\/jpwp\/auteurs-biographies-bibliographies\/en-souvenir-de-felix-guattari\/\">F\u00e9lix Guattari<\/a> (nT)<\/p>\n<\/td>\n<td style=\"width: 178.281px;\">\n<p><a href=\"http:\/\/www.jacques-pain.fr\/jpwp\/sommaire-general-des-publications\/pessoa-version-2\/\" rel=\"attachment wp-att-2109\"><img loading=\"lazy\" decoding=\"async\" class=\"alignnone size-full wp-image-2109\" src=\"http:\/\/www.jacques-pain.fr\/jpwp\/wp-content\/uploads\/2017\/01\/Pessoa-Version-2.jpg\" alt=\"\" width=\"182\" height=\"278\" \/><\/a><\/p>\n<p class=\"paragraph_style_10\"><a class=\"class3\" title=\"Articles_amis_et_invites.html\" href=\"http:\/\/www.jacques-pain.fr\/jacques-pain\/Articles_amis_et_invites.html\">Articles<br \/>\n <\/a>de nos amis et invit\u00e9s<br \/>\n <a class=\"class4\" title=\"Art_Discrimination_Bresil.html\" href=\"http:\/\/www.jacques-pain.fr\/jacques-pain\/Art_Discrimination_Bresil.html\"><span class=\"style_9\">Miriam<\/span> Abramova\u00ef<\/a>, <br \/>\n <a class=\"class5\" title=\"Art_La_Neuville_institution.html\" href=\"http:\/\/www.jacques-pain.fr\/jacques-pain\/Art_La_Neuville_institution.html\"><span class=\"style_10\">Michel <\/span>Amram<\/a>, <br \/>\n <a class=\"class6\" title=\"Art_Les_filles_maghrebines.html\" href=\"http:\/\/www.jacques-pain.fr\/jacques-pain\/Art_Les_filles_maghrebines.html\"><span class=\"style_10\">Halima<\/span> Belhandouz<\/a>, <br \/>\n <a class=\"class7\" title=\"Art_Le_panepistemon.html\" href=\"http:\/\/www.jacques-pain.fr\/jacques-pain\/Art_Le_panepistemon.html\"><span class=\"style_10\">Philippe<\/span> Bernier<\/a>, <br \/>\n <a class=\"class8\" title=\"Art_Des_hommes_ordinaires.html\" href=\"http:\/\/www.jacques-pain.fr\/jacques-pain\/Art_Des_hommes_ordinaires.html\"><span class=\"style_10\">Claude<\/span> Brichle<\/a>r, <br \/>\n <a class=\"class9\" title=\"Art_La_PI_adaptee.html\" href=\"http:\/\/www.jacques-pain.fr\/jacques-pain\/Art_La_PI_adaptee.html\"><span class=\"style_10\">Sylvie<\/span> Canat<\/a>, <br \/>\n <span class=\"style_10\">Mireille<\/span> Cifali, 3 articles, <a class=\"class10\" title=\"Art_Education_et_psychanalyse.html\" href=\"http:\/\/www.jacques-pain.fr\/jacques-pain\/Art_Education_et_psychanalyse.html\">1<\/a>, <a class=\"class11\" title=\"Art_Au_bout_de_la_violence.html\" href=\"http:\/\/www.jacques-pain.fr\/jacques-pain\/Art_Au_bout_de_la_violence.html\">2<\/a>, <a class=\"class12\" title=\"Art_Tendresse_et_violence.html\" href=\"http:\/\/www.jacques-pain.fr\/jacques-pain\/Art_Tendresse_et_violence.html\">3<br \/>\n <\/a><span class=\"style_10\">Mireille <\/span>Cifali<span class=\"style_10\">, <\/span><a class=\"class13\" title=\"Docs_Audios_Videos\/Entrees\/2011\/4\/10_La_lecon_de_depart_a_la_retraitede_Mireille_CifaliGeneve._Sciences_de_lEducation_Aout_2010.html\" href=\"http:\/\/www.jacques-pain.fr\/jacques-pain\/Docs_Audios_Videos\/Entrees\/2011\/4\/10_La_lecon_de_depart_a_la_retraitede_Mireille_CifaliGeneve._Sciences_de_lEducation_Aout_2010.html\">la le\u00e7on de d\u00e9part<br \/>\n <\/a><span class=\"style_10\">Catherine <\/span>de Luca Bernier, <a class=\"class14\" title=\"Art_Lage_du_soin.html\" href=\"http:\/\/www.jacques-pain.fr\/jacques-pain\/Art_Lage_du_soin.html\">1<\/a>, <a class=\"class15\" title=\"Quoi_de_neuf\/Entrees\/2014\/8\/31_Parution_(39)___Catherine_de_Luca_Bernier.html\" href=\"http:\/\/www.jacques-pain.fr\/jacques-pain\/Quoi_de_neuf\/Entrees\/2014\/8\/31_Parution_%2839%29___Catherine_de_Luca_Bernier.html\">2<\/a><br \/>\n <a class=\"class16\" title=\"Art_Discrimination_Bresil.html\" href=\"http:\/\/www.jacques-pain.fr\/jacques-pain\/Art_Discrimination_Bresil.html\"><span class=\"style_9\">Anna <\/span>Lucia Cunha<\/a>, <br \/>\n <span class=\"style_10\">Mohammed<\/span> Darmame,<a class=\"class17\" title=\"Art_La_violence_a_lecole_dans_les_JT.html\" href=\"http:\/\/www.jacques-pain.fr\/jacques-pain\/Art_La_violence_a_lecole_dans_les_JT.html\">1<\/a> et <a class=\"class18\" title=\"Art_Le_spectacle_TV_des_banlieues.html\" href=\"http:\/\/www.jacques-pain.fr\/jacques-pain\/Art_Le_spectacle_TV_des_banlieues.html\">2<\/a><br \/>\n <a class=\"class19\" title=\"Art_cliniques_rapports_autorite.html\" href=\"http:\/\/www.jacques-pain.fr\/jacques-pain\/Art_cliniques_rapports_autorite.html\"><span class=\"style_10\">Bernard<\/span> Gaillard<\/a>, <br \/>\n <a class=\"class20\" title=\"Art_J.Hebert_groupes.html\" href=\"http:\/\/www.jacques-pain.fr\/jacques-pain\/Art_J.Hebert_groupes.html\"><span class=\"style_10\">Jacques <\/span>H\u00e9bert<\/a>, 5 articles group\u00e9s<br \/>\n <a class=\"class21\" title=\"Art_Fragilite_sociale.html\" href=\"http:\/\/www.jacques-pain.fr\/jacques-pain\/Art_Fragilite_sociale.html\"><span class=\"style_10\">Alain <\/span>Lenfant<\/a>, <br \/>\n <a class=\"class22\" title=\"Art_Genese_dun_modele.html\" href=\"http:\/\/www.jacques-pain.fr\/jacques-pain\/Art_Genese_dun_modele.html\"><span class=\"style_10\">Jean-Pierre<\/span> Nossent<\/a>, <br \/>\n <a class=\"class23\" title=\"Art_Une_critique_educative.html\" href=\"http:\/\/www.jacques-pain.fr\/jacques-pain\/Art_Une_critique_educative.html\"><span class=\"style_10\">Dominique <\/span>Lucas de Peslouan<\/a>, <br \/>\n <a class=\"class24\" title=\"Art_Parental_involvement_homework.html\" href=\"http:\/\/www.jacques-pain.fr\/jacques-pain\/Art_Parental_involvement_homework.html\"><span class=\"style_10\">Maria Eulina <\/span>Pessoa de Carvalho<\/a>,<br \/>\n <a class=\"class25\" title=\"Art_La_sanction_oui_mais_educative.html\" href=\"http:\/\/www.jacques-pain.fr\/jacques-pain\/Art_La_sanction_oui_mais_educative.html\"><span class=\"style_10\">Bruno<\/span> Robbes,<\/a><br \/>\n <a class=\"class26\" title=\"Art_Adolescence_et_insecurite.html\" href=\"http:\/\/www.jacques-pain.fr\/jacques-pain\/Art_Adolescence_et_insecurite.html\"><span class=\"style_10\">Didier<\/span> Robin<\/a>, <br \/>\n <span class=\"style_10\">Christine<\/span> Vander Borght <a class=\"class27\" title=\"Art_La_PI_dinternat.html\" href=\"http:\/\/www.jacques-pain.fr\/jacques-pain\/Art_La_PI_dinternat.html\">1<\/a>, <a class=\"class28\" title=\"Quoi_de_neuf\/Entrees\/2015\/2\/2_Parution_(40)__Christine_Vander_BorghtTravailler_ensemble_en_institution.html\" href=\"http:\/\/www.jacques-pain.fr\/jacques-pain\/Quoi_de_neuf\/Entrees\/2015\/2\/2_Parution_%2840%29__Christine_Vander_BorghtTravailler_ensemble_en_institution.html\">2<\/a><\/p>\n<p><a href=\"http:\/\/www.jacques-pain.fr\/jpwp\/sommaire-general-des-publications\/todaiji-nara_2\/\" rel=\"attachment wp-att-2110\"><img loading=\"lazy\" decoding=\"async\" class=\"alignnone size-full wp-image-2110\" src=\"http:\/\/www.jacques-pain.fr\/jpwp\/wp-content\/uploads\/2017\/01\/Todaiji-.-Nara_2.jpg\" alt=\"\" width=\"251\" height=\"189\" \/><\/a>\u00a0<\/p>\n<p>&nbsp;<\/p>\n<p>&nbsp;<\/p>\n<\/td>\n<\/tr>\n<\/tbody>\n<\/table>\n","protected":false},"excerpt":{"rendered":"<p>Articles de Jacques Pain de nos amis et invit\u00e9s Articles et publications. class\u00e9s par cat\u00e9gories \u2022\u00a0L\u2019Institutionnel \u2022\u00a0La Violence \u2022\u00a0La Formation et l\u2019Intervention Livres en ligne,\u00a0 \u00e9ditions Matrice Recherches Recherches et pratiques de recherche Une \u00e9cole publique diff\u00e9rente Un dispositif \u00ab\u00a0d\u00e9crochage\u00a0\u00bb La th\u00e9orie ancr\u00e9e La prise de fonction Violence \u00e0 l&rsquo;\u00e9cole La sanction P\u00e9dagogie Freinet et [&hellip;]<\/p>\n","protected":false},"author":1,"featured_media":0,"parent":0,"menu_order":0,"comment_status":"closed","ping_status":"closed","template":"","meta":{"footnotes":""},"_links":{"self":[{"href":"http:\/\/www.jacques-pain.fr\/jpwp\/wp-json\/wp\/v2\/pages\/2123"}],"collection":[{"href":"http:\/\/www.jacques-pain.fr\/jpwp\/wp-json\/wp\/v2\/pages"}],"about":[{"href":"http:\/\/www.jacques-pain.fr\/jpwp\/wp-json\/wp\/v2\/types\/page"}],"author":[{"embeddable":true,"href":"http:\/\/www.jacques-pain.fr\/jpwp\/wp-json\/wp\/v2\/users\/1"}],"replies":[{"embeddable":true,"href":"http:\/\/www.jacques-pain.fr\/jpwp\/wp-json\/wp\/v2\/comments?post=2123"}],"version-history":[{"count":11,"href":"http:\/\/www.jacques-pain.fr\/jpwp\/wp-json\/wp\/v2\/pages\/2123\/revisions"}],"predecessor-version":[{"id":2125,"href":"http:\/\/www.jacques-pain.fr\/jpwp\/wp-json\/wp\/v2\/pages\/2123\/revisions\/2125"}],"wp:attachment":[{"href":"http:\/\/www.jacques-pain.fr\/jpwp\/wp-json\/wp\/v2\/media?parent=2123"}],"curies":[{"name":"wp","href":"https:\/\/api.w.org\/{rel}","templated":true}]}}