{"id":4237,"date":"2020-12-27T19:22:33","date_gmt":"2020-12-27T17:22:33","guid":{"rendered":"http:\/\/www.jacques-pain.fr\/jpwp\/?page_id=4237"},"modified":"2021-01-13T11:37:22","modified_gmt":"2021-01-13T09:37:22","slug":"romans-et-nouvelles-jacques-pain","status":"publish","type":"page","link":"http:\/\/www.jacques-pain.fr\/jpwp\/romans-et-nouvelles-jacques-pain\/","title":{"rendered":"Romans et nouvelles, Jacques Pain"},"content":{"rendered":"<p style=\"text-align: center;\"><span style=\"font-size: 10pt;\"><strong>Copyright jacques Pain 2020. Tous droits r\u00e9serv\u00e9s.<br \/>\n<\/strong><\/span>&#8212;&#8212;&#8212;-<\/p>\n<p style=\"text-align: center;\"><strong>El Salvador <br \/>\n<span style=\"font-size: 36pt;\"><a href=\"https:\/\/issuu.com\/pedagogie_institutionnelle\/docs\/el_machete.docx\"><span style=\"color: #800000;\">\u00ab\u00a0<\/span><\/a><\/span><\/strong><span style=\"color: #800000; font-size: 18pt;\"><strong><span style=\"font-size: 36pt;\">El Machete\u00a0\u00bb<\/span><br \/>\n<\/strong><\/span><strong>1975<br \/>\nRoman politique <\/strong><\/p>\n<p><div data-url=\"https:\/\/issuu.com\/pedagogie_institutionnelle\/docs\/el_machete.docx_cc0a16a364e07b\" style=\"width: 600px; height: 425px;\" class=\"issuuembed\"><\/div>\n<p><script type=\"text\/javascript\" src=\"\/\/e.issuu.com\/embed.js\" async=\"true\"><\/script><\/p>\n<p style=\"text-align: center;\">&#8212;&#8212;&#8212;-<\/p>\n<p style=\"text-align: center;\"><span style=\"font-size: 24pt;\"><strong>Jacques Pain invit\u00e9 \u00e0 Radio Campus Lille.<\/strong><\/span><\/p>\n<h6 style=\"text-align: center;\">L&rsquo;\u00e9mission Ballade accueille Jacques Pain, le jeudi 15 octobre 2020 entre 13 h et 14 h.<br \/>\nInterview conduit dans le cadre des \u00e9changes avec les Universit\u00e9s du Salvador A.C. <br \/>\net ax\u00e9 sur la grande r\u00e9volte des paysans de 1932.<\/h6>\n<h1 style=\"text-align: center;\">Lecture du texte de Jacques Pain : <br \/>\n<strong><em><span style=\"font-family: georgia, palatino, serif; font-size: 14pt; color: #800000;\">\u00ab 1932, <br \/>\n<span style=\"font-family: comic sans ms, sans-serif;\"><span style=\"font-family: georgia, palatino, serif;\">Un peup<\/span>le entier debout \u00bb,<\/span><\/span><\/em><\/strong><\/h1>\n<h1 style=\"text-align: center;\">\nillustr\u00e9 de chants et de musique.<\/h1>\n<h6 style=\"text-align: center;\"><strong>Par<\/strong> Marc Maille<\/h6>\n<div style=\"width: 600px;\" class=\"wp-video\"><!--[if lt IE 9]><script>document.createElement('video');<\/script><![endif]-->\n<video class=\"wp-video-shortcode\" id=\"video-4237-1\" width=\"600\" height=\"338\" poster=\"http:\/\/www.jacques-pain.fr\/jpwp\/wp-content\/uploads\/2020\/11\/Capture-de\u0301cran-2020-11-08-a\u0300-11.54.23.png\" preload=\"metadata\" controls=\"controls\"><source type=\"video\/mp4\" src=\"http:\/\/www.jacques-pain.fr\/jpwp\/wp-content\/uploads\/2020\/11\/RC-JPder-MAgazine-1932-10-9-20-copie-1.m4v?_=1\" \/><a href=\"http:\/\/www.jacques-pain.fr\/jpwp\/wp-content\/uploads\/2020\/11\/RC-JPder-MAgazine-1932-10-9-20-copie-1.m4v\">http:\/\/www.jacques-pain.fr\/jpwp\/wp-content\/uploads\/2020\/11\/RC-JPder-MAgazine-1932-10-9-20-copie-1.m4v<\/a><\/video><\/div>\n<p>&nbsp;<\/p>\n<table style=\"width: 112.419%;\">\n<tbody>\n<tr>\n<td style=\"width: 50.9981%;\">\n<p><strong><a href=\"http:\/\/www.jacques-pain.fr\/jpwp\/jacques-pain-a-radio-campus-lille-le-15-10-2020-1932-poeme-insurrectionnel\/images-2\/\" rel=\"attachment wp-att-4181\"><img loading=\"lazy\" decoding=\"async\" class=\"alignnone  wp-image-4181\" src=\"http:\/\/www.jacques-pain.fr\/jpwp\/wp-content\/uploads\/2020\/11\/images-150x150.jpg\" alt=\"\" width=\"199\" height=\"199\" \/><\/a><\/strong><\/p>\n<p><strong>El Salvador.<\/strong><\/p>\n<p><strong>Le 22 janvier 1932<\/strong> devant la famine et un coup d&rsquo;\u00e9tat militaire contre les premi\u00e8res \u00e9lections d\u00e9mocratiques, une insurrection initi\u00e9e au nord ouest du pays de la population indig\u00e8ne Pipile (nahuatl) se d\u00e9clenche. Elle sera assum\u00e9e et dirig\u00e9e par le parti communiste du Salvador.<\/p>\n<\/td>\n<td style=\"width: 57.9928%;\">\n<p>La r\u00e9pression les visera avant tout, une quasi extermination, on parle de 25 000 morts, voire 40 000.<br \/>\nLe chef d\u2019une d\u00e9l\u00e9gation am\u00e9ricaine \u00e9crivait dans un rapport\u00a0en 1932 : \u00ab\u00a0\u2026 les animaux de ferme valent plus que les travailleurs\u00a0\u00bb, leur \u00ab\u00a0paye\u00a0\u00bb consistait en 2 tortillas et deux cuill\u00e8res de haricots, matin et soir.<\/p>\n<p><strong>En 1972,<\/strong> lorsque j&rsquo;arrive au Salvador, 90% des terres appartenaient \u00e0 20 familles<strong><em>, \u00ab les 20 \u00bb. <\/em><\/strong><em>La guerilla du Front Farabundo Marti (re)commen\u00e7ait.<\/em><strong><em><\/p>\n<p><\/em><em>Le front finira par remporter les \u00e9lections, et la pr\u00e9sidence, apr\u00e8s des dizaines d&rsquo;ann\u00e9es de lutte et des milliers de morts.<\/em><em><br \/>\n<\/em><\/strong><\/p>\n<p style=\"text-align: right;\">Jacques Pain<\/p>\n<p>&nbsp;<\/p>\n<\/td>\n<\/tr>\n<\/tbody>\n<\/table>\n<p style=\"text-align: center;\">\u00a0<\/p>\n<p>___________________________________________________________<\/p>\n<p>&nbsp;<\/p>\n<p>&nbsp;<\/p>\n<h3 style=\"text-align: center;\"><span style=\"font-family: georgia, palatino, serif; font-size: 36pt;\"><strong><span style=\"color: #993300;\">DESPERADO<\/span><\/strong><\/span><\/h3>\n<p><div data-url=\"https:\/\/issuu.com\/pedagogie_institutionnelle\/docs\/desperado\" style=\"width: 600px; height: 240px;\" class=\"issuuembed\"><\/div>\n<p><script type=\"text\/javascript\" src=\"\/\/e.issuu.com\/embed.js\" async=\"true\"><\/script><\/p>\n<p>&nbsp;<\/p>\n<p>Romain Marcus est enseignant \u00e0 l&rsquo;universit\u00e9 de Nanterre, en litt\u00e9rature politique. Bourlingueur fervent des Arts Martiaux, il a \u00e9t\u00e9 guerillero sandiniste, avant de revenir en France, en pleine euphorie rose et ascension de l&rsquo;extr\u00eame droite.<\/p>\n<p>___________________________________________________________<\/p>\n<p style=\"text-align: center;\">\u00a0<\/p>\n<h3 style=\"text-align: center;\"><span style=\"font-size: 18pt;\"><strong><span style=\"color: #800000;\"><span style=\"font-family: georgia, palatino, serif; font-size: 36pt;\">AMSTERDAM OU AILLEURS <\/span><\/span><\/strong><\/span><\/h3>\n<h3 style=\"text-align: center;\"><span style=\"font-size: 18pt;\"><strong><span style=\"color: #800000;\"><br \/>\n1969<\/span><\/strong><\/span><\/h3>\n<p><div data-url=\"https:\/\/issuu.com\/pedagogie_institutionnelle\/docs\/amsterdam_ou_ailleurs_\" style=\"width: 600px; height: 208px;\" class=\"issuuembed\"><\/div>\n<p><script type=\"text\/javascript\" src=\"\/\/e.issuu.com\/embed.js\" async=\"true\"><\/script><\/p>\n<p style=\"text-align: center;\">\u00a0<\/p>\n<div>\n<p style=\"text-align: left;\">&#8211; Crois-tu qu\u2019il s\u2019en tirera ? <br \/>\n&#8211; Lui ? \u00a0Oui&#8230;\u00a0 Ce sera long, mais il s\u2019en tirera. H\u00e9las, le d\u00e9placement du cerveau est \u00e0 craindre.<br \/>\n&#8211; Je me demande ce qu&rsquo;ils fichaient pr\u00e8s de cette carri\u00e8re, \u00a0par une pareille nuit !<br \/>\n&#8211; Les jeunes, ils ne savent plus quoi inventer. <br \/>\n&#8211; Il y eu de la chance celui-l\u00e0, d&rsquo;\u00eatre \u00e9ject\u00e9 ! <br \/>\n&#8211; Bah ! Moi, il y a des jours o\u00f9 je me demande si ce que je fais est utile. <br \/>\nOn dirait qu&rsquo;ils mettent tous un acharnement terrible \u00e0 se tuer&#8230;\u00a0 <br \/>\n&#8211; Ne cherche pas \u00e0 comprendre. \u00c7a donne le vertige, \u00a0de comprendre ! <br \/>\nLe monde est blanc. Une forme bandelett\u00e9e de blanc est enfouie dans le lit blanc. S\u00e9rum&#8230; Blanc&#8230; Mais le mort du lit semble remuer, se lever, et&#8230; il rit&#8230;\u00a0 Il rit&#8230;<br \/>\nOh non, illusion, la forme blanche est inertement blanche. <br \/>\nAlors ?<\/p>\n<p style=\"text-align: left; padding-left: 40px;\">\n\u00ab\u00a0Wovon man nicht sprechen kann, dar\u00fcber mu\u00df man schweigen\u00a0\u00bb<br \/>\nVon Wittgenstein.<\/p>\n<p>\u00ab\u00a0<em>Ce dont on ne peut parler, il faut se taire<\/em>\u00ab\u00a0<\/p>\n<\/div>\n<div>\u00a0<\/div>\n<div>___________________________________________________________<\/div>\n<div>\u00a0<\/div>\n<div>\u00a0<\/div>\n","protected":false},"excerpt":{"rendered":"<p>Copyright jacques Pain 2020. Tous droits r\u00e9serv\u00e9s. &#8212;&#8212;&#8212;- El Salvador \u00ab\u00a0El Machete\u00a0\u00bb 1975 Roman politique &#8212;&#8212;&#8212;- Jacques Pain invit\u00e9 \u00e0 Radio Campus Lille. L&rsquo;\u00e9mission Ballade accueille Jacques Pain, le jeudi 15 octobre 2020 entre 13 h et 14 h. Interview conduit dans le cadre des \u00e9changes avec les Universit\u00e9s du Salvador A.C. et ax\u00e9 sur [&hellip;]<\/p>\n","protected":false},"author":1,"featured_media":0,"parent":0,"menu_order":0,"comment_status":"closed","ping_status":"closed","template":"","meta":{"footnotes":""},"_links":{"self":[{"href":"http:\/\/www.jacques-pain.fr\/jpwp\/wp-json\/wp\/v2\/pages\/4237"}],"collection":[{"href":"http:\/\/www.jacques-pain.fr\/jpwp\/wp-json\/wp\/v2\/pages"}],"about":[{"href":"http:\/\/www.jacques-pain.fr\/jpwp\/wp-json\/wp\/v2\/types\/page"}],"author":[{"embeddable":true,"href":"http:\/\/www.jacques-pain.fr\/jpwp\/wp-json\/wp\/v2\/users\/1"}],"replies":[{"embeddable":true,"href":"http:\/\/www.jacques-pain.fr\/jpwp\/wp-json\/wp\/v2\/comments?post=4237"}],"version-history":[{"count":33,"href":"http:\/\/www.jacques-pain.fr\/jpwp\/wp-json\/wp\/v2\/pages\/4237\/revisions"}],"predecessor-version":[{"id":4340,"href":"http:\/\/www.jacques-pain.fr\/jpwp\/wp-json\/wp\/v2\/pages\/4237\/revisions\/4340"}],"wp:attachment":[{"href":"http:\/\/www.jacques-pain.fr\/jpwp\/wp-json\/wp\/v2\/media?parent=4237"}],"curies":[{"name":"wp","href":"https:\/\/api.w.org\/{rel}","templated":true}]}}