{"id":428,"date":"2014-05-30T14:54:53","date_gmt":"2014-05-30T13:54:53","guid":{"rendered":"http:\/\/www.jacques-pain.fr\/jpwp\/?page_id=428"},"modified":"2018-02-27T18:30:14","modified_gmt":"2018-02-27T16:30:14","slug":"archives-des-conferences-et-videos","status":"publish","type":"page","link":"http:\/\/www.jacques-pain.fr\/jpwp\/archives-des-conferences-et-videos\/","title":{"rendered":"Archives des conf\u00e9rences et vid\u00e9os"},"content":{"rendered":"<h2><span style=\"color: #1284ba;\">Conf\u00e9rences &#8211; Documents &#8211; Interviews<\/span><\/h2>\n<figure id=\"attachment_453\" class=\"wp-caption alignleft\" style=\"max-width: 135px\"><a href=\"http:\/\/www.jacques-pain.fr\/jpwp\/wp-content\/uploads\/2014\/05\/Samourai-de-Kyoto.png\"><img loading=\"lazy\" decoding=\"async\" class=\"wp-image-453 size-full\" src=\"http:\/\/www.jacques-pain.fr\/jpwp\/wp-content\/uploads\/2014\/05\/Samourai-de-Kyoto.png\" alt=\"Statue du samourai de Kyoto\" width=\"135\" height=\"163\" \/><\/a><figcaption class=\"wp-caption-text\">Le samoura\u00ef de Kyoto<\/figcaption><\/figure>\n<p class=\"paragraph_style_2\" style=\"color: #205892; text-align: right;\">\u00abTraces de Faires \u00bb et\u00a0 palimpsestes\u00a0des pratiques et de la p\u00e9dagogie\u00a0<\/p>\n<p style=\"font-style: italic; color: #205892; text-align: right;\">Une politique du sujet\u00a0passe par la P\u00e9dagogie<\/p>\n<p style=\"color: #205892;\">\u00c0 partir d&rsquo;ici vous avez acc\u00e8s aux<strong> archives <\/strong>des \u00ab\u00a0conf\u00e9rences et documents audio-visuels\u00a0\u00bb<strong> de\u00a0novembre 2011 \u00e0 mars 2014.<\/strong><\/p>\n<p style=\"color: #205892;\"><span style=\"color: #000000;\">Les derni\u00e8res\u00a0informations sont accessibles par le menu : \u00ab\u00a0<a href=\"http:\/\/www.jacques-pain.fr\/jpwp\/category\/docs-audios-videos\/\">Doc audios et vid\u00e9os<\/a>\u00ab\u00a0<\/span><\/p>\n<hr \/>\n<p style=\"text-align: center;\"><em>cliquez sur le titre pour lire la suite de chaque annonce<\/em><\/p>\n<hr \/>\n<p>26 mai 2013<br \/>\n <a href=\"\/jacques-pain\/Docs_Audios_Videos\/Entrees\/2013\/5\/26_Hommage_a_Jean_Houssaye.html\" target=\"_blank\" rel=\"noopener\">Hommage \u00e0 Jean Houssaye<br \/>\n <\/a>\u00ab P\u00e9dagogues et p\u00e9dagogie : regards sur les travaux de Jean HOUSSAYE \u00bb\u00a0<br \/>\n <span style=\"line-height: 1.5;\">avec D. Hameline, M. Fabre, P. Meirieu, J. Pain, J.P. Pourtois, I. Barbosa de Oliveira.<\/span><\/p>\n<hr \/>\n<p>26 mai 2013<a href=\"\/jacques-pain\/Docs_Audios_Videos\/Entrees\/2013\/5\/26_A_propos_de_LInstitutionnel_et_de_la_pratique_de_lInstitutionnel.html\" target=\"_blank\" rel=\"noopener\"><br \/>\n A propos de \u00abL\u2019Institutionnel\u00bb et de la pratique de l\u2019Institutionnel<br \/>\n <\/a>A l\u2019invitation de Jean-Fran\u00e7ois REY, et de l\u2019Association \u00abArri\u00e8re pays\u00bb, \u00e0 Lille, s\u2019est tenue une conf\u00e9rence sur la Pratique de l\u2019Institutionnel et la transversalit\u00e9 de l\u2019Institutionnel.\u00a0<\/p>\n<hr \/>\n<p>16 avril 2013<a href=\"\/jacques-pain\/Docs_Audios_Videos\/Entrees\/2013\/4\/16_Violence_et_institution__construire_la_parole.html\" target=\"_blank\" rel=\"noopener\"><br \/>\n Violence et institution: construire la parole<\/a><span style=\"line-height: 1.5;\"><br \/>\n 2 documents audios, d&rsquo;une trentaines de minutes, de la conf\u00e9rence :<\/span><\/p>\n<p style=\"padding-left: 30px;\">1- Que dire de \u00ab\u00a0la violence\u00a0\u00bb et des \u00ab\u00a0violences institutionnelles\u00a0\u00bb\u00a0?<br \/>\n <em>D\u00e9finir, rep\u00e9rer, comprendre.<\/em>\u00a0<br \/>\n 2- L\u2019Institution dans tous ses \u00e9tats. <br \/>\n <em>L\u2019institution reste \u00e0 vivre, \u00e0 habiter, \u00e0 rendre humaine. \u00a0<\/em><br \/>\n 3- Eduquer \u00e0 la violence\u00a0:<br \/>\n <span style=\"line-height: 1.5;\"><em>une violence\u00a0 symbolique \u00ab\u00a0dirig\u00e9e\u00a0\u00bb\u00a0?<\/em> \u00a0 \u00a0 \u00a0 \u00a0 \u00a0 \u00a0 \u00a0 \u00a0 \u00a0 \u00a0 \u00a0 \u00a0 \u00a0 \u00a0 \u00a0 \u00a0 \u00a0 \u00a0 \u00a0 \u00a0 \u00a0 \u00a0 \u00a0 \u00a0 \u00a0 \u00a0 \u00a0 \u00a0 \u00a0 \u00a0 \u00a0\u00a0<\/span><\/p>\n<hr \/>\n<p>14 avril 2013\u00a0<br \/>\n <a href=\"http:\/\/www.jacques-pain.fr\/jacques-pain\/Docs_Audios_Videos\/Entrees\/2013\/4\/14_Individu%2C_collectif_et_institution.html\" target=\"_blank\" rel=\"noopener\">Individu, collectif et institution\u00a0\u00abJe est un autre\u00bb<br \/>\n <\/a>Conf\u00e9rence en 3 documents audios :<\/p>\n<p style=\"padding-left: 30px;\">1- De quoi l\u2019individu est-il le sujet?<br \/>\n 2- Actualit\u00e9 du collectif<br \/>\n 3- Travail social, \u00e9ducation, enseignement: \u00a0l\u2019institution est le p\u00e9dagogue.<\/p>\n<hr \/>\n<p>15 f\u00e9vrier 2013\u00a0<br \/>\n <a href=\"http:\/\/www.jacques-pain.fr\/jacques-pain\/Docs_Audios_Videos\/Entrees\/2013\/2\/15_Psychotherapie_institutionnelle_Jean_OURY_a_lassemblee_nationale.html\" target=\"_blank\" rel=\"noopener\">Psychoth\u00e9rapie institutionnelle: Jean OURY \u00e0 l\u2019assembl\u00e9e nationale<br \/>\n <\/a>Mission sur la sant\u00e9 mentale et la psychiatrie &#8211;\u00a0Audition du 31 janvier 2013<br \/>\n <span style=\"color: #205892;\"><span style=\"color: #000000;\">Jean Oury a \u00e9t\u00e9 entendu par le rapporteur de la mission avenir de la psychiatrie.<\/span>\u00a0<br \/>\n <\/span>\u00c0 \u00e9couter en 5 documents audios<\/p>\n<hr \/>\n<p>27 janvier 2013\u00a0<br \/>\n <a href=\"http:\/\/www.jacques-pain.fr\/jpwp\/apprendre-et-enseigner-ou-apprendre-a-enseigner-2\/\" target=\"_blank\" rel=\"noopener\">Apprendre et enseigner, ou apprendre \u00e0 enseigner ? Ne rien dire que nous n\u2019ayons fait.<\/a>\u00a0<br \/>\n Conf\u00e9rence illustr\u00e9e ici en diaporama<\/p>\n<p style=\"padding-left: 30px;\">1- Le \u00ab\u00a0mal\u00a0\u00bb d\u2019\u00e9cole fran\u00e7ais.<br \/>\n <em>D\u00e9crochage et burn out\u00a0: les spirales post-modernes d\u2019une institution<\/em>\u00a0<br \/>\n 2- Qu\u2019est-ce qu\u2019enseigner\u00a0?<br \/>\n <em>La mort du p\u00e9dagogue, ou son refoulement\u00a0?<\/em><br \/>\n 3- Enseigner c\u2019est un \u00ab\u00a0grand m\u00e9tier\u00a0\u00bb (Fernand Oury)<br \/>\n <em>Une professionnalisation des comp\u00e9tences, et \u00ab\u00a0de surcroit\u00a0\u00bb du d\u00e9sir\u00a0?<\/em><\/p>\n<p>&nbsp;<\/p>\n<hr \/>\n<p>7 d\u00e9cembre 2012<br \/>\n \u00a0<a href=\"http:\/\/www.jacques-pain.fr\/jacques-pain\/Docs_Audios_Videos\/Entrees\/2012\/12\/7_Situations_violentes__Se_former_a_lanalyse_et_a_lintervention.html\" target=\"_blank\" rel=\"noopener\">Situations violentes: Se former \u00e0 l\u2019analyse et \u00e0 l\u2019intervention<\/a>\u00a0<br \/>\n UQUAM Montr\u00e9al:\u00a0une journ\u00e9e avec Jacques H\u00e9bert\u00a0et Jacques Pain<\/p>\n<p>Ce montage de diapos r\u00e9alis\u00e9 pour le Qu\u00e9bec est repris et explicit\u00e9 dans la page \u00abViolence et p\u00e9dagogie institutionnelle\u00bb (une intervention \u00e0 Bayonne). On consultera directement cette page apr\u00e8s avoir regard\u00e9 et \u00e9cout\u00e9 les commentaires de celle-ci.<\/p>\n<p>Pour une information compl\u00e8te et comment\u00e9e,<br \/>\n <a class=\"class1\" style=\"color: #1284ba;\" title=\"..\/11\/28_Violence_et_pedagogie_institutionnelle.Les_reponses_aux_situations_violentes..html\" href=\"http:\/\/www.jacques-pain.fr\/jacques-pain\/Docs_Audios_Videos\/Entrees\/2012\/11\/28_Les_reponses_aux_situations_violentes.html\" target=\"_blank\" rel=\"noopener\">Voir \u00abViolence et p\u00e9dagogie institutionnelle\u00bb<\/a>:\u00a0les r\u00e9ponses aux situations violentes<\/p>\n<hr \/>\n<p>28 novembre 2012<br \/>\n <a href=\"http:\/\/www.jacques-pain.fr\/jacques-pain\/Docs_Audios_Videos\/Entrees\/2012\/11\/28_Les_reponses_aux_situations_violentes.html\" target=\"_blank\" rel=\"noopener\"><span style=\"color: #205892;\">Violence et p\u00e9dagogie institutionnelle.<\/span><span style=\"color: #205892;\">\u00a0<\/span><\/a><span style=\"color: #205892;\">Les r\u00e9ponses aux situations violentes.<br \/>\n <\/span>Regarder le diaporama; puis voir les diapos une par une en \u00e9coutant les pr\u00e9sentations audios orange 1, 2, 3, 4, 5, 6 et 7 ensemble, 8, 9, 10 une par une.\u00a0<\/p>\n<p>Elles ne durent que quelques minutes.<br \/>\n Puis lisez les\u00a0textes et d\u00e9finitions, articles, propos\u00e9s<br \/>\n Eventuellement, \u00e9coutez la conf\u00e9rence ESEN \u00abSignification des comportements violents\u00bb<\/p>\n<hr \/>\n<p>28 septembre 2012\u00a0<br \/>\n <a href=\"http:\/\/www.jacques-pain.fr\/jacques-pain\/Docs_Audios_Videos\/Entrees\/2012\/9\/28_Revue_Diversite___decrochage_scolaire_(HS14%2C_septembre_2012).html\">Revue Diversit\u00e9 : d\u00e9crochage scolaire (HS14, septembre 2012)<br \/>\n <\/a>Annonce la publication du num\u00e9ro hors-s\u00e9rie de Diversit\u00e9, consacr\u00e9 au d\u00e9crochage scolaire. Il s\u2019agit d\u2019un num\u00e9ro en ligne <span style=\"color: #000000;\">et gratuit, r\u00e9alis\u00e9 \u00e0 l\u2019occasion de la Journ\u00e9e du Refus de l\u2019\u00c9chec Scolaire organis\u00e9e par l\u2019AFEV et consacr\u00e9e cette ann\u00e9e au d\u00e9crochage scolaire.<\/span><\/p>\n<hr \/>\n<p>28 septembre 2012\u00a0<br \/>\n <a href=\"http:\/\/www.jacques-pain.fr\/jacques-pain\/Docs_Audios_Videos\/Entrees\/2012\/9\/28_Appel_des_appels___Que_deviennent_nos_metiers_Comment_et_a_qui_en_rendre_compte.html\">Appel des appels : Que deviennent nos m\u00e9tiers ? Comment et \u00e0 qui en rendre compte <br \/>\n <\/a>3e journ\u00e9e organis\u00e9e\u00a0par l&rsquo;Appel des appels<\/p>\n<hr \/>\n<p>5 ao\u00fbt 2012\u00a0<br \/>\n <a href=\"http:\/\/www.jacques-pain.fr\/jacques-pain\/Docs_Audios_Videos\/Entrees\/2012\/8\/5_Le_colloque_dAGDE_de_lInstitut_Cooperatif_de_lEcole_Moderne_de_lHerault_et_de_lassociation_Parcours_Individualise_et_Differencie_des_Apprentissages_et_Pedagogie_Institutionnelle_(31_Mars-_2_Avril_2012).html\">Le colloque d\u2019AGDE de l\u2019Institut coop\u00e9ratif de l\u2019\u00e9cole moderne de l\u2019H\u00e9rault et de l\u2019association \u00abParcours individualis\u00e9 et diff\u00e9renci\u00e9 des apprentissages et p\u00e9dagogie institutionnelle\u00bb (31 Mars- 2 Avril 2012)<br \/>\n <span style=\"color: #000000;\">Conf\u00e9rences et comptes rendus du colloque<br \/>\n <\/span><\/a>\u00abApprendre avec les p\u00e9dagogies coop\u00e9ratives\u00bb\u00a0Lire\u00a0<a style=\"line-height: 1.5;\" href=\"http:\/\/www.jacques-pain.fr\/jacques-pain\/Quoi_de_neuf\/Entrees\/2011\/11\/22_Parution_%2819%29__Apprendre_avec_les_pedagogies_cooperatives.html\" target=\"_blank\" rel=\"noopener\">Sylvain Connac<\/a><\/p>\n<hr \/>\n<p>20 juin 2012\u00a0<br \/>\n <a href=\"http:\/\/www.jacques-pain.fr\/jacques-pain\/Docs_Audios_Videos\/Entrees\/2012\/6\/20_La_relation_educative__une_rencontre_a_risque.html\">La relation \u00e9ducative: une rencontre \u00e0 risque ?<br \/>\n <\/a>Une conf\u00e9rence de Jacques Pain, en trois parties, \u00e0 Nancy, PTF\/PJJ Grand Est,<br \/>\n <span style=\"line-height: 1.5;\">le 14 juin 2012, en ouverture de la journ\u00e9e d\u2019\u00e9tudes sur \u00abLe risque en \u00e9ducation\u00bb<\/span><\/p>\n<hr \/>\n<p>11 juin 2012\u00a0<br \/>\n <a href=\"http:\/\/www.jacques-pain.fr\/jacques-pain\/Docs_Audios_Videos\/Entrees\/2012\/6\/11_Lannee_derniere_jetais_mortCatherine_Pochet_et_Fernand_Oury_avec_la_TV_italienne.html\">L\u2019ann\u00e9e derni\u00e8re j\u2019\u00e9tais mort Catherine Pochet et Fernand Oury avec la TV italienne<br \/>\n <span style=\"color: #000000;\">Vid\u00e9o avec commentaire en italien<\/span><\/a><\/p>\n<hr \/>\n<p>29 mai 2012\u00a0<br \/>\n <a href=\"http:\/\/www.jacques-pain.fr\/jacques-pain\/Docs_Audios_Videos\/Entrees\/2012\/5\/29_La_signification_des_comportements_violents%2Cet_la_gestion_des_interactions_dans_une_classe_ou_dans_letablissement.html\">La signification des comportements violents, et la gestion des interactions dans une classe ou dans l\u2019\u00e9tablissement<br \/>\n <\/a>Conf\u00e9rence (1h15)\u00a0\u00e0 l\u2019\u00c9cole sup\u00e9rieure de l\u2019\u00e9ducation nationale (ESEN), Chasseneuil du Poitou<br \/>\n De la violence \u00ab\u00a0fondamentale\u00a0\u00bb.<\/p>\n<p style=\"padding-left: 30px;\">1-Violence et violences, comportements violents,\u00a0<br \/>\n s<em>ituer la probl\u00e9matique actuelle\u00a0: rep\u00e9rages des violences rapport\u00e9es aux terrains et place de l\u2019institution dans le proc\u00e8s acteur.<\/em><br \/>\n 2-Signification et construction de la situation violente,<br \/>\n <em>du contexte au r\u00e9actionnel\u00a0: la subjectivit\u00e9 en perte d\u2019institution, et\u00a0la r\u00e8gle victimaire.<\/em><br \/>\n 3-Violences dans la classe, violence de classe\u00a0: <br \/>\n <em>un psychodrame concentr\u00e9 d\u2019histoires de vie scolaires.<\/em><br \/>\n 4-Violences d\u2019\u00e9tablissement\u00a0: un sociogramme de vie et d\u2019histoires de quartier.<br \/>\n <em>M\u00e9taboliser la violence\u00a0?<\/em><\/p>\n<hr \/>\n<p>19 mai 2012\u00a0<br \/>\n <a href=\"http:\/\/www.jacques-pain.fr\/jacques-pain\/Docs_Audios_Videos\/Entrees\/2012\/5\/19_La_signification_des_comportements_violents%2Cet_la_gestion_des_interactionsdans_une_classe_ou_dans_letablissement.html\">A propos du \u00ab S\u00e9minaire de Sainte-Anne \u00bb de Jean Oury 2 cours<\/a>\u00a0(docs audio France culture)<\/p>\n<p>COLLEGE INTERNATIONAL DE PHILOSOPHIE<br \/>\n <a style=\"color: #1284ba;\" title=\"http:\/\/www.franceculture.fr\/\u00ab-seminaire-de-sainte-anne-\u00bb-de-jean-oury-1ere-partie\" href=\"http:\/\/www.franceculture.fr\/%C2%AB-seminaire-de-sainte-anne-%C2%BB-de-jean-oury-1ere-partie\">\u00ab S\u00e9minaire de Sainte-Anne \u00bb de Jean Oury (1\u00e8re partie)\u00a0<br \/>\n <\/a>S\u00e9minaire 1:32 h<br \/>\n <a href=\"http:\/\/www.franceculture.fr\/%C2%AB-seminaire-de-sainte-anne-%C2%BB-de-jean-oury-2eme-partie\">\u00ab S\u00e9minaire de Sainte-Anne \u00bb de Jean Oury (2e partie)<\/a>\u00a0<br \/>\n <span style=\"line-height: 1.5;\">S\u00e9minaire 1<\/span><span style=\"line-height: 1.5;\">:<\/span><span style=\"line-height: 1.5;\">57 h<\/span><\/p>\n<p><span style=\"color: #000000;\">Le psychiatre Jean Oury, fondateur de la psychoth\u00e9rapie institutionnelle, \u00ab plus grand connaisseur vivant de la psychose \u00bb (P. Delion), tient depuis 1980 un s\u00e9minaire \u00e0 Sainte-Anne. Nous pr\u00e9senterons l\u2019ethos, la parole, et l\u2019histoire de ce lieu crucial pour l\u2019actualit\u00e9 et l\u2019histoire de la psychiatrie et de la psychanalyse. Notre approche n\u2019est pas clinique, mais une analyse&#8230;<\/span><\/p>\n<hr \/>\n<p>7 avril 2012<br \/>\n <a href=\"http:\/\/www.jacques-pain.fr\/jacques-pain\/Docs_Audios_Videos\/Entrees\/2012\/4\/7_Actualite_-2012-_de_la_pedagogie_institutionnelle.html\" target=\"_blank\" rel=\"noopener\">Actualit\u00e9 -2012- de la p\u00e9dagogie institutionnelle<br \/>\n <\/a>Conf\u00e9rence de Jacques Pain, \u00e0 Charleroi, au Centre de ressources p\u00e9dagogiques (CRIAC), pour le Centre de recherche \u00e9ducative pour l\u2019action sociale (CREAS-UMH, Mons), en 3 documents audios.\u00a0<\/p>\n<hr \/>\n<p>27 novembre 2011<br \/>\n <a title=\"conf\u00e9rence de Jacques Pain\" href=\"http:\/\/www.jacques-pain.fr\/jacques-pain\/Docs_Audios_Videos\/Entrees\/2011\/11\/27_Problematiser_la_crise__leducation_comme_terrain_sensible.html\" target=\"_blank\" rel=\"noopener\">De la crise :\u00a0<\/a><span style=\"color: #000000;\"><a title=\"conf\u00e9rence de Jacques Pain\" href=\"http:\/\/www.jacques-pain.fr\/jacques-pain\/Docs_Audios_Videos\/Entrees\/2011\/11\/27_Problematiser_la_crise__leducation_comme_terrain_sensible.html\" target=\"_blank\" rel=\"noopener\">Probl\u00e9matiser la crise : l\u2019\u00e9ducation comme terrain sensible<\/a><br \/>\n conf\u00e9rences de Jacques Pain au<\/span>\u00a0colloque AECSE des 28 et 29 Octobre 2011\u00a0\u00abCrise et \/ en \u00e9ducation. \u00c9preuves, controverses et enjeux nouveaux\u00bb<\/p>\n<p>&nbsp;<\/p>\n","protected":false},"excerpt":{"rendered":"<p>Conf\u00e9rences &#8211; Documents &#8211; Interviews \u00abTraces de Faires \u00bb et\u00a0 palimpsestes\u00a0des pratiques et de la p\u00e9dagogie\u00a0 Une politique du sujet\u00a0passe par la P\u00e9dagogie \u00c0 partir d&rsquo;ici vous avez acc\u00e8s aux archives des \u00ab\u00a0conf\u00e9rences et documents audio-visuels\u00a0\u00bb de\u00a0novembre 2011 \u00e0 mars 2014. Les derni\u00e8res\u00a0informations sont accessibles par le menu : \u00ab\u00a0Doc audios et vid\u00e9os\u00ab\u00a0 cliquez sur [&hellip;]<\/p>\n","protected":false},"author":2,"featured_media":0,"parent":0,"menu_order":0,"comment_status":"closed","ping_status":"closed","template":"","meta":{"footnotes":""},"_links":{"self":[{"href":"http:\/\/www.jacques-pain.fr\/jpwp\/wp-json\/wp\/v2\/pages\/428"}],"collection":[{"href":"http:\/\/www.jacques-pain.fr\/jpwp\/wp-json\/wp\/v2\/pages"}],"about":[{"href":"http:\/\/www.jacques-pain.fr\/jpwp\/wp-json\/wp\/v2\/types\/page"}],"author":[{"embeddable":true,"href":"http:\/\/www.jacques-pain.fr\/jpwp\/wp-json\/wp\/v2\/users\/2"}],"replies":[{"embeddable":true,"href":"http:\/\/www.jacques-pain.fr\/jpwp\/wp-json\/wp\/v2\/comments?post=428"}],"version-history":[{"count":34,"href":"http:\/\/www.jacques-pain.fr\/jpwp\/wp-json\/wp\/v2\/pages\/428\/revisions"}],"predecessor-version":[{"id":3614,"href":"http:\/\/www.jacques-pain.fr\/jpwp\/wp-json\/wp\/v2\/pages\/428\/revisions\/3614"}],"wp:attachment":[{"href":"http:\/\/www.jacques-pain.fr\/jpwp\/wp-json\/wp\/v2\/media?parent=428"}],"curies":[{"name":"wp","href":"https:\/\/api.w.org\/{rel}","templated":true}]}}