{"id":4379,"date":"2023-05-16T16:49:20","date_gmt":"2023-05-16T14:49:20","guid":{"rendered":"http:\/\/www.jacques-pain.fr\/jpwp\/?page_id=4379"},"modified":"2023-05-16T17:56:55","modified_gmt":"2023-05-16T15:56:55","slug":"livre-dor","status":"publish","type":"page","link":"http:\/\/www.jacques-pain.fr\/jpwp\/articles-de-jacques-pain\/html-essais-2\/livre-dor\/","title":{"rendered":"Livre d&rsquo;Or"},"content":{"rendered":"<p style=\"text-align: center;\"><span style=\"font-size: 14pt;\">Contenu du Livre d&rsquo;Or<\/span><\/p>\n<h2>Journ\u00e9e d\u2019hommage \u00e0 Jacques Pain, du 19 novembre 2023<\/h2>\n<p style=\"padding-left: 40px;\">Pr\u00e9sentation de la journ\u00e9e<br \/>\nProgramme de la journ\u00e9e<br \/>\nComit\u00e9 scienti\ufb01que<br \/>\nComit\u00e9 d&rsquo;organisation<br \/>\nPartenaires<br \/>\nOuverture de la journ\u00e9e : Genevi\u00e8ve Bergonnier-Dupuy<br \/>\nL\u2019activit\u00e9 \u00e9ditoriale de Jacques au sein de Matrice : Sylvie Canat<br \/>\nTrois p\u00f4les qui concernent nos relations avec Jacques : R\u00e9seau, institutions, personnes : Claire H\u00e9ber-Su\ufb00rin<br \/>\nUn homme de style : Mireille Cifali.<br \/>\nJacques Pain : Jean Houssaye.<br \/>\nVers une \u00e9pist\u00e9mologie de l\u2019amiti\u00e9 : Philippe Meirieu<\/p>\n<h1>Le Livre d\u2019Or pour Jacques Pain<\/h1>\n<p style=\"padding-left: 40px;\">Il y avait dans la vie de Jacques une ligne tenace : Christine Pain-Vander Borght<br \/>\n\u00ab Mes chers amis\u2026 \u00bb : Miriam Abramovay<br \/>\n\u00ab Bonjour ou bonsoir, Jacques\u2026 \u00bb : Jean-Pierre Bagur<br \/>\nSoigner le milieu. Retour des journ\u00e9es de Nanterre et de Gen\u00e8ve : Marguerite Bialas<br \/>\n\u00ab Pouss\u00e9s par l\u2019aimable invitation\u2026 \u00bb : Claude Brichler<br \/>\n\u00ab Jacques, tu nous as aid\u00e9 \u00e0 nous \u00e9lever \u00bb : R\u00e9mi Casanova<br \/>\n\u00ab Durant plusieurs ann\u00e9es\u2026 \u00bb : Muriel et Philippe Casteran, H\u00f4tel de Lorraine, Contrexeville<br \/>\n\u00ab En marge ! Un compagnonnage amical et intellectuel avec Jacques Pain \u00bb : Didier Favre<br \/>\n\u00ab Jacques \u00e9tait mon beau-fr\u00e8re bien aim\u00e9\u2026 \u00bb : Yves Gillerot<br \/>\nEn m\u00e9moire de Jacques Pain : Alain Lenfant<br \/>\nMon Cher Jacques\u2026 Tiago, mon ami, mon fr\u00e8re, mon camarade\u2026 : Jean-Claude R\u00e9gnier<br \/>\n\u00ab Je voudrais rendre hommage\u2026 \u00bb : Jo\u00eblle Sevestre<br \/>\n\u00ab Une amiti\u00e9 \ufb01d\u00e8le et un compagnonnage f\u00e9cond\u2026 \u00bb : Jean Le Gal<br \/>\n\u00ab Jacques m\u00e9rite bien que lui soit rendu un hommage\u2026 \u00bb : Maurice Marteau<br \/>\n\u00ab Ma fa\u00e7on de rendre mes hommages \u00e0 Jacques Pain\u2026 : Fernando Andrade<\/p>\n<p>D&rsquo;autres t\u00e9moignages manuscrits dans le Livre d&rsquo;Or, le 19 novembre 2022 (pp. 36-38)<br \/>\nSommaire du num\u00e9ro sp\u00e9cial\u00a0HS de\u00a0<i>Sp\u00e9cificit\u00e9s<\/i> \u00ab\u00a0Pour Jacques Pain\u00a0\u00bb en ligne sur Cairn (p. 39)<br \/>\n<a href=\"https:\/\/www.cairn.info\/revue-specificites-2022-HS1.htm\" target=\"_blank\" rel=\"noopener\" data-saferedirecturl=\"https:\/\/www.google.com\/url?q=https:\/\/www.cairn.info\/revue-specificites-2022-HS1.htm&amp;source=gmail&amp;ust=1684306146684000&amp;usg=AOvVaw2rRU50QoOzfcyyewj_pTKs\">https:\/\/www.cairn.info\/<wbr \/>revue-specificites-2022-HS1.<wbr \/>htm<\/a><br \/>\nPhotos de la journ\u00e9e<br \/>\nJacques Pain, \u00e0 Nanterre et ailleurs\u2026<\/p>\n<p style=\"text-align: center;\"><strong><span style=\"font-size: 18pt;\">Lire le <a href=\"https:\/\/www.calameo.com\/read\/0013142786e2a6af947b2\">Livre d&rsquo;Or int\u00e9gral en \u00ab\u00a0pleine page\u00a0\u00bb<\/a>\u00a0<\/span><\/strong><\/p>\n","protected":false},"excerpt":{"rendered":"<p>Contenu du Livre d&rsquo;Or Journ\u00e9e d\u2019hommage \u00e0 Jacques Pain, du 19 novembre 2023 Pr\u00e9sentation de la journ\u00e9e Programme de la journ\u00e9e Comit\u00e9 scienti\ufb01que Comit\u00e9 d&rsquo;organisation Partenaires Ouverture de la journ\u00e9e : Genevi\u00e8ve Bergonnier-Dupuy L\u2019activit\u00e9 \u00e9ditoriale de Jacques au sein de Matrice : Sylvie Canat Trois p\u00f4les qui concernent nos relations avec Jacques : R\u00e9seau, institutions, [&hellip;]<\/p>\n","protected":false},"author":2,"featured_media":0,"parent":116,"menu_order":1,"comment_status":"closed","ping_status":"closed","template":"","meta":{"footnotes":""},"_links":{"self":[{"href":"http:\/\/www.jacques-pain.fr\/jpwp\/wp-json\/wp\/v2\/pages\/4379"}],"collection":[{"href":"http:\/\/www.jacques-pain.fr\/jpwp\/wp-json\/wp\/v2\/pages"}],"about":[{"href":"http:\/\/www.jacques-pain.fr\/jpwp\/wp-json\/wp\/v2\/types\/page"}],"author":[{"embeddable":true,"href":"http:\/\/www.jacques-pain.fr\/jpwp\/wp-json\/wp\/v2\/users\/2"}],"replies":[{"embeddable":true,"href":"http:\/\/www.jacques-pain.fr\/jpwp\/wp-json\/wp\/v2\/comments?post=4379"}],"version-history":[{"count":8,"href":"http:\/\/www.jacques-pain.fr\/jpwp\/wp-json\/wp\/v2\/pages\/4379\/revisions"}],"predecessor-version":[{"id":4394,"href":"http:\/\/www.jacques-pain.fr\/jpwp\/wp-json\/wp\/v2\/pages\/4379\/revisions\/4394"}],"up":[{"embeddable":true,"href":"http:\/\/www.jacques-pain.fr\/jpwp\/wp-json\/wp\/v2\/pages\/116"}],"wp:attachment":[{"href":"http:\/\/www.jacques-pain.fr\/jpwp\/wp-json\/wp\/v2\/media?parent=4379"}],"curies":[{"name":"wp","href":"https:\/\/api.w.org\/{rel}","templated":true}]}}