{"id":4396,"date":"2023-12-06T10:52:24","date_gmt":"2023-12-06T08:52:24","guid":{"rendered":"http:\/\/www.jacques-pain.fr\/jpwp\/?page_id=4396"},"modified":"2023-12-11T16:29:46","modified_gmt":"2023-12-11T14:29:46","slug":"fonds-jacques-pain","status":"publish","type":"page","link":"http:\/\/www.jacques-pain.fr\/jpwp\/fonds-jacques-pain\/","title":{"rendered":"Fonds Jacques Pain"},"content":{"rendered":"<p><span style=\"font-size: 18pt;\">La Fondation Archives Institut Jean-Jacques Rousseau (1) de l\u2019universit\u00e9 de Gen\u00e8ve (Section des sciences de l\u2019\u00e9ducation) <\/span><a href=\"http:\/\/www.jacques-pain.fr\/jpwp\/wp-content\/uploads\/2023\/12\/logo-archive-Univ-Geneve.jpg\"><img loading=\"lazy\" decoding=\"async\" class=\"aligncenter  wp-image-4404 aligncenter\" src=\"http:\/\/www.jacques-pain.fr\/jpwp\/wp-content\/uploads\/2023\/12\/logo-archive-Univ-Geneve.jpg\" alt=\"\" width=\"177\" height=\"108\" \/><\/a><\/p>\n<p><span style=\"font-size: 18pt;\">a constitu\u00e9 un Fonds Jacques Pain (1943-2021), gr\u00e2ce \u00e0 son archiviste <strong>Elph\u00e8ge Gobet, <\/strong><\/span><span style=\"color: #333333; font-family: Helvetica, sans serif; font-size: x-large;\">dont l\u2019<span style=\"text-decoration: underline;\">inventaire<\/span> peut \u00eatre consult\u00e9 en ligne.<\/span><\/p>\n<p><span style=\"color: #333333; font-family: Helvetica, sans serif; font-size: x-large;\">Pour l&rsquo;instant, les documents sont consultables en prenant rendez-vous avec l\u2019alchiviste <\/span><span style=\"color: #333333; font-family: Helvetica, sans serif; font-size: x-large;\">Elph\u00e8ge Gobet<span style=\"font-size: x-large;\"><span style=\"color: #333333; font-family: Helvetica, sans serif;\">\u00a0<\/span><span style=\"font-family: Helvetica;\"><span style=\"color: #333333;\">(<\/span><a href=\"mailto:elphege.gobet@unige.ch\" target=\"_blank\" rel=\"noopener\">elphege.gobet@unige.ch<\/a>)<\/span><\/span> qui, suivant les demandes, peut num\u00e9riser certains documents souhait\u00e9s s\u2019ils ne sont pas trop volumineux.<\/span><\/p>\n<p><span style=\"font-size: 14pt;\">Ce fonds illustre les activit\u00e9s d&rsquo;enseignement, de recherche et de services \u00e0 la cit\u00e9, de Jacques Pain en tant que professeur en Sciences de l&rsquo;\u00e9ducation et offre l&rsquo;acc\u00e8s \u00e0 des documents in\u00e9dits.<\/span><\/p>\n<p><span style=\"font-size: 18pt;\">l&rsquo;inventaire est consultable en ligne \u00e0 :<br \/>\n<a href=\"https:\/\/archives.unige.ch\/descriptions\/view\/58097\" target=\"_blank\" rel=\"noopener\"><img loading=\"lazy\" decoding=\"async\" class=\"alignnone wp-image-4397 size-full aligncenter\" src=\"http:\/\/www.jacques-pain.fr\/jpwp\/wp-content\/uploads\/2023\/12\/Univ-Geneve-logo.png\" alt=\"\" width=\"449\" height=\"72\" srcset=\"http:\/\/www.jacques-pain.fr\/jpwp\/wp-content\/uploads\/2023\/12\/Univ-Geneve-logo.png 449w, http:\/\/www.jacques-pain.fr\/jpwp\/wp-content\/uploads\/2023\/12\/Univ-Geneve-logo-300x48.png 300w\" sizes=\"(max-width: 449px) 100vw, 449px\" \/><\/a><br \/>\n<a href=\"https:\/\/archives.unige.ch\/descriptions\/view\/58097\" target=\"_blank\" rel=\"noopener\">https:\/\/archives.unige.ch\/descriptions\/view\/58097<\/a><\/span><\/p>\n<p>&#8212;-<\/p>\n<p><b>(1) L\u2019Institut Jean-Jacques Rousseau<\/b><sup id=\"cite_ref-1\" class=\"reference\"><\/sup>\u00a0\u2014\u00a0ou \u00c9cole des sciences de l\u2019\u00e9ducation\u2014\u00a0ou plus famili\u00e8rement\u00a0<i>\u00c9cole de Gen\u00e8ve<\/i>\u00a0\u2014 est cr\u00e9\u00e9 \u00e0\u00a0Gen\u00e8ve\u00a0en 1912, \u00e0 l&rsquo;initiative du m\u00e9decin psychologue\u00a0\u00c9douard Clapar\u00e8de. Rattach\u00e9 \u00e0 l&rsquo;Universit\u00e9 de Gen\u00e8ve\u00a0en\u00a0<time>1929<\/time>, il est devenu la Facult\u00e9 de psychologie et des sciences de l&rsquo;\u00e9ducation (FPSE) en\u00a0<time>1975<\/time>. Il est fr\u00e9quemment d\u00e9nomm\u00e9 \u00ab\u00a0Institut Rousseau\u00a0\u00bb durant la premi\u00e8re moiti\u00e9 du\u00a0<abbr class=\"abbr\" title=\"20\u1d49 si\u00e8cle\"><span class=\"romain\">xx<\/span><sup>e<\/sup><\/abbr>\u00a0si\u00e8cle<\/p>\n<p>Fondation :\u00a0<a href=\"https:\/\/www.unige.ch\/archives\/aijjr\/\" target=\"_blank\" rel=\"noopener\" data-saferedirecturl=\"https:\/\/www.google.com\/url?q=https:\/\/www.unige.ch\/archives\/aijjr\/&amp;source=gmail&amp;ust=1702024597350000&amp;usg=AOvVaw09C2qaGZ6gpAScYdWBzF80\">https:\/\/www.unige.ch\/<wbr \/>archives\/aijjr\/<\/a><\/p>\n","protected":false},"excerpt":{"rendered":"<p>La Fondation Archives Institut Jean-Jacques Rousseau (1) de l\u2019universit\u00e9 de Gen\u00e8ve (Section des sciences de l\u2019\u00e9ducation) a constitu\u00e9 un Fonds Jacques Pain (1943-2021), gr\u00e2ce \u00e0 son archiviste Elph\u00e8ge Gobet, dont l\u2019inventaire peut \u00eatre consult\u00e9 en ligne. Pour l&rsquo;instant, les documents sont consultables en prenant rendez-vous avec l\u2019alchiviste Elph\u00e8ge Gobet\u00a0(elphege.gobet@unige.ch) qui, suivant les demandes, peut num\u00e9riser [&hellip;]<\/p>\n","protected":false},"author":2,"featured_media":0,"parent":0,"menu_order":0,"comment_status":"closed","ping_status":"closed","template":"","meta":{"footnotes":""},"_links":{"self":[{"href":"http:\/\/www.jacques-pain.fr\/jpwp\/wp-json\/wp\/v2\/pages\/4396"}],"collection":[{"href":"http:\/\/www.jacques-pain.fr\/jpwp\/wp-json\/wp\/v2\/pages"}],"about":[{"href":"http:\/\/www.jacques-pain.fr\/jpwp\/wp-json\/wp\/v2\/types\/page"}],"author":[{"embeddable":true,"href":"http:\/\/www.jacques-pain.fr\/jpwp\/wp-json\/wp\/v2\/users\/2"}],"replies":[{"embeddable":true,"href":"http:\/\/www.jacques-pain.fr\/jpwp\/wp-json\/wp\/v2\/comments?post=4396"}],"version-history":[{"count":14,"href":"http:\/\/www.jacques-pain.fr\/jpwp\/wp-json\/wp\/v2\/pages\/4396\/revisions"}],"predecessor-version":[{"id":4416,"href":"http:\/\/www.jacques-pain.fr\/jpwp\/wp-json\/wp\/v2\/pages\/4396\/revisions\/4416"}],"wp:attachment":[{"href":"http:\/\/www.jacques-pain.fr\/jpwp\/wp-json\/wp\/v2\/media?parent=4396"}],"curies":[{"name":"wp","href":"https:\/\/api.w.org\/{rel}","templated":true}]}}