{"id":634,"date":"2015-04-28T18:03:38","date_gmt":"2015-04-28T17:03:38","guid":{"rendered":"http:\/\/www.jacques-pain.fr\/jpwp\/?page_id=634"},"modified":"2018-02-21T17:27:49","modified_gmt":"2018-02-21T15:27:49","slug":"satires-education","status":"publish","type":"page","link":"http:\/\/www.jacques-pain.fr\/jpwp\/satires-education\/","title":{"rendered":"Satires \u00ab\u00a0\u00c9ducation\u00a0\u00bb"},"content":{"rendered":"<hr \/>\n<h3>\u00a0Hitler face \u00e0 la d\u00e9scolarisation de la soci\u00e9t\u00e9<\/h3>\n<div style=\"width: 422px;\" class=\"wp-video\"><!--[if lt IE 9]><script>document.createElement('video');<\/script><![endif]-->\n<video class=\"wp-video-shortcode\" id=\"video-634-1\" width=\"422\" height=\"236\" preload=\"metadata\" controls=\"controls\"><source type=\"video\/mp4\" src=\"http:\/\/www.jacques-pain.fr\/jpwp\/wp-content\/uploads\/2018\/02\/Hitler-face-a\u0300-la-descolarisation.mp4?_=1\" \/><a href=\"http:\/\/www.jacques-pain.fr\/jpwp\/wp-content\/uploads\/2018\/02\/Hitler-face-a\u0300-la-descolarisation.mp4\">http:\/\/www.jacques-pain.fr\/jpwp\/wp-content\/uploads\/2018\/02\/Hitler-face-a\u0300-la-descolarisation.mp4<\/a><\/video><\/div>\n<hr \/>\n<h3>\u00a0\u00abMouseland\u00bb. Hommage \u00e0 Fernand Oury<\/h3>\n<div id=\"id5\" class=\"style_SkipStroke_5 shape-with-text\">\n<div class=\"text-content graphic_textbox_layout_style_default_External_687_127\">\n<div class=\"graphic_textbox_layout_style_default\">\n<p class=\"paragraph_style_2\"><span class=\"style_2\">Le pays des souris<br \/>\n <\/span><\/p>\n<p class=\"paragraph_style_3\"><span class=\"style_2\">Fernand Oury parlait beaucoup par m\u00e9taphores et m\u00e9tonymies. Il ironisait souvent sur le monde des souris, qui \u00abcouinent\u00bb quand on leur marche sur la queue. Mais qui, sinon, ne voient rien ni n\u2019entendent rien d\u2019autre que leur univers de souris. Il aurait aim\u00e9 cette vid\u00e9o.<\/span><\/p>\n<\/div>\n<div style=\"width: 600px;\" class=\"wp-video\"><video class=\"wp-video-shortcode\" id=\"video-634-2\" width=\"600\" height=\"338\" preload=\"metadata\" controls=\"controls\"><source type=\"video\/mp4\" src=\"http:\/\/www.jacques-pain.fr\/jpwp\/wp-content\/uploads\/2018\/02\/Mouseland2.mp4?_=2\" \/><a href=\"http:\/\/www.jacques-pain.fr\/jpwp\/wp-content\/uploads\/2018\/02\/Mouseland2.mp4\">http:\/\/www.jacques-pain.fr\/jpwp\/wp-content\/uploads\/2018\/02\/Mouseland2.mp4<\/a><\/video><\/div>\n<\/div>\n<\/div>\n","protected":false},"excerpt":{"rendered":"<p>\u00a0Hitler face \u00e0 la d\u00e9scolarisation de la soci\u00e9t\u00e9 \u00a0\u00abMouseland\u00bb. Hommage \u00e0 Fernand Oury Le pays des souris Fernand Oury parlait beaucoup par m\u00e9taphores et m\u00e9tonymies. Il ironisait souvent sur le monde des souris, qui \u00abcouinent\u00bb quand on leur marche sur la queue. Mais qui, sinon, ne voient rien ni n\u2019entendent rien d\u2019autre que leur univers [&hellip;]<\/p>\n","protected":false},"author":1,"featured_media":0,"parent":0,"menu_order":0,"comment_status":"closed","ping_status":"closed","template":"","meta":{"footnotes":""},"_links":{"self":[{"href":"http:\/\/www.jacques-pain.fr\/jpwp\/wp-json\/wp\/v2\/pages\/634"}],"collection":[{"href":"http:\/\/www.jacques-pain.fr\/jpwp\/wp-json\/wp\/v2\/pages"}],"about":[{"href":"http:\/\/www.jacques-pain.fr\/jpwp\/wp-json\/wp\/v2\/types\/page"}],"author":[{"embeddable":true,"href":"http:\/\/www.jacques-pain.fr\/jpwp\/wp-json\/wp\/v2\/users\/1"}],"replies":[{"embeddable":true,"href":"http:\/\/www.jacques-pain.fr\/jpwp\/wp-json\/wp\/v2\/comments?post=634"}],"version-history":[{"count":28,"href":"http:\/\/www.jacques-pain.fr\/jpwp\/wp-json\/wp\/v2\/pages\/634\/revisions"}],"predecessor-version":[{"id":3554,"href":"http:\/\/www.jacques-pain.fr\/jpwp\/wp-json\/wp\/v2\/pages\/634\/revisions\/3554"}],"wp:attachment":[{"href":"http:\/\/www.jacques-pain.fr\/jpwp\/wp-json\/wp\/v2\/media?parent=634"}],"curies":[{"name":"wp","href":"https:\/\/api.w.org\/{rel}","templated":true}]}}