{"id":976,"date":"2015-06-04T08:04:25","date_gmt":"2015-06-04T07:04:25","guid":{"rendered":"http:\/\/www.jacques-pain.fr\/jpwp\/?page_id=976"},"modified":"2015-10-14T10:55:28","modified_gmt":"2015-10-14T08:55:28","slug":"articles-des-amis-et-invites","status":"publish","type":"page","link":"http:\/\/www.jacques-pain.fr\/jpwp\/articles-des-amis-et-invites\/","title":{"rendered":"Articles des amis et invit\u00e9s"},"content":{"rendered":"<p class=\"paragraph_style_6\">\u00a0Ces articles\u00a0<strong>sont \u00e0 votre disposition<\/strong> selon la convention suivante :<\/p>\n<p><span style=\"color: #993300;\">Deux cas<img loading=\"lazy\" decoding=\"async\" class=\"alignleft size-full wp-image-504\" src=\"http:\/\/www.jacques-pain.fr\/jpwp\/wp-content\/uploads\/2014\/06\/livre-ouvert.jpg\" alt=\"livre ouvert\" width=\"138\" height=\"79\" \/> de figure\u00a0:<\/span><\/p>\n<p><span style=\"color: #993300;\">(<strong>T<\/strong>)\u00a0= \u00ab\u00a0<em>T\u00e9l\u00e9chargeable<\/em>\u00a0\u00bb :\u00a0vous pouvez reproduire, diffuser, librement.\u00a0<\/span><br \/> <span style=\"color: #993300;\">(<strong>nT<\/strong>)\u00a0= \u00ab\u00a0non-<em>T\u00e9l\u00e9chargeable<\/em>\u00a0\u00bb mais vous pouvez, lire, citer.<\/span><\/p>\n<p><span style=\"color: #993300;\">Dans les deux cas, il est n\u00e9cessaire d\u2019indiquer la r\u00e9f\u00e9rence bibliographique.<br \/> <\/span><\/p>\n<table>\n<tbody>\n<tr valign=\"top\">\n<td width=\"8%\"><img loading=\"lazy\" decoding=\"async\" class=\"size-full wp-image-983 aligncenter\" src=\"http:\/\/www.jacques-pain.fr\/jpwp\/wp-content\/uploads\/2015\/06\/Flag_of_Belgium.png\" alt=\"Flag_of_Belgium\" width=\"25\" height=\"21\" \/><\/td>\n<td>\n<ul>\n<li><span class=\"style_6\"><a class=\"class1\" title=\"Prat_Latelier_des_gros_mots.html\" href=\"http:\/\/www.jacques-pain.fr\/jacques-pain\/Prat_Latelier_des_gros_mots.html\" target=\"_blank\">L\u2019atelier des gros mots<\/a>\u00a0(T) &#8211;\u00a0<\/span><span class=\"style_7\">Jean-Luc <\/span><span class=\"style_8\">Tilman<\/span>\u00a0<\/li>\n<li><a class=\"class2\" title=\"Art_Genese_dun_modele.html\" href=\"http:\/\/www.jacques-pain.fr\/jacques-pain\/Art_Genese_dun_modele.html\" target=\"_blank\"><span class=\"style_9\">Une p\u00e9dagogie \u00e9mancipatrice <\/span><\/a><span class=\"style_10\">(T) &#8211;\u00a0<\/span>\u00a0Jean-Pierre <span class=\"style_11\">Nossent\u00a0<\/span><\/li>\n<li><a class=\"class5\" title=\"Art_Adolescence_et_insecurite.html\" href=\"http:\/\/www.jacques-pain.fr\/jacques-pain\/Art_Adolescence_et_insecurite.html\" target=\"_blank\"><span class=\"style_9\">Adolescence et ins\u00e9curit\u00e9 <\/span><\/a><span class=\"style_10\">(T) &#8211;\u00a0<\/span>Didier <span class=\"style_11\">Robin\u00a0<\/span><\/li>\n<\/ul>\n<\/td>\n<\/tr>\n<tr valign=\"top\">\n<td><img loading=\"lazy\" decoding=\"async\" class=\"size-full wp-image-984 alignnone\" src=\"http:\/\/www.jacques-pain.fr\/jpwp\/wp-content\/uploads\/2015\/06\/Flag_of_Brazil.jpg\" alt=\"Flag_of_Brazil\" width=\"28\" height=\"19\" \/><\/td>\n<td>\n<ul>\n<li><a class=\"class12\" title=\"Art_Discrimination_Bresil.html\" href=\"http:\/\/www.jacques-pain.fr\/jacques-pain\/Art_Discrimination_Bresil.html\" target=\"_blank\"><span class=\"style_9\">Discrimina\u00e7ao: uma face da viol\u00eancia nas escola <\/span><\/a><span class=\"style_9\">(<\/span><span class=\"style_10\">T) &#8211;\u00a0<\/span>Miriam <span class=\"style_11\">Abramova\u00ef<\/span>&#8211; Anna Lucia <span class=\"style_11\">Cunha\u00a0<\/span><\/li>\n<li><a class=\"class16\" title=\"Art_Parental_involvement_homework.html\" href=\"http:\/\/www.jacques-pain.fr\/jacques-pain\/Art_Parental_involvement_homework.html\" target=\"_blank\"><span class=\"style_12\">Parental involvement and homework policies : a discussion of gender and class implications <\/span><\/a><span class=\"style_9\">(<\/span><span class=\"style_10\">T) &#8211;\u00a0<\/span><span class=\"style_23\">Maria Eulina <\/span><span class=\"style_24\">Pessoa de Carvalho<\/span><\/li>\n<\/ul>\n<\/td>\n<\/tr>\n<tr valign=\"top\">\n<td>\u00a0<img loading=\"lazy\" decoding=\"async\" class=\"alignnone size-full wp-image-985\" src=\"http:\/\/www.jacques-pain.fr\/jpwp\/wp-content\/uploads\/2015\/06\/flag-suisse.jpg\" alt=\"flag suisse\" width=\"29\" height=\"27\" \/><\/td>\n<td>\n<ul>\n<li><a class=\"class17\" title=\"Art_Education_et_psychanalyse.html\" href=\"http:\/\/www.jacques-pain.fr\/jacques-pain\/Art_Education_et_psychanalyse.html\" target=\"_blank\">\u00c9ducation et psychanalyse : quelles cons\u00e9quences \u00e9thiques et cliniques ?\u00a0<\/a>(non publi\u00e9) &#8211;\u00a0<span class=\"style_25\">Mireille\u00a0<\/span><span class=\"style_26\">Cifali\u00a0<\/span><\/li>\n<li><a class=\"class19\" title=\"Art_Au_bout_de_la_violence.html\" href=\"http:\/\/www.jacques-pain.fr\/jacques-pain\/Art_Au_bout_de_la_violence.html\" target=\"_blank\">Au bout de la violence. Des professionnels et de la violence \u00e0 l\u2019\u00e9cole<\/a>\u00a0(non publi\u00e9) &#8211;\u00a0Mireille\u00a0<span class=\"style_27\">Cifali\u00a0<\/span><\/li>\n<li><span class=\"style_28\"><a class=\"class21\" title=\"Art_Tendresse_et_violence.html\" href=\"http:\/\/www.jacques-pain.fr\/jacques-pain\/Art_Tendresse_et_violence.html\" target=\"_blank\">Tendresse et violence<\/a>\u00a0(<\/span>non publi\u00e9) &#8211;\u00a0Mireille\u00a0<span class=\"style_27\">Cifali<\/span><\/li>\n<\/ul>\n<\/td>\n<\/tr>\n<tr valign=\"top\">\n<td>\u00a0<img loading=\"lazy\" decoding=\"async\" class=\"alignnone wp-image-991\" src=\"http:\/\/www.jacques-pain.fr\/jpwp\/wp-content\/uploads\/2015\/06\/France.gif\" alt=\"France\" width=\"29\" height=\"19\" \/><\/td>\n<td>\n<ul>\n<li><a class=\"class3\" title=\"Art_Une_critique_educative.html\" href=\"http:\/\/www.jacques-pain.fr\/jacques-pain\/Art_Une_critique_educative.html\" target=\"_blank\"><span class=\"style_9\">Une critique \u00e9ducative du lib\u00e9ralisme<\/span><\/a> <span class=\"style_10\">(T) &#8211;\u00a0<\/span>Dominique Lucas <span class=\"style_11\">de Peslouan<\/span><\/li>\n<li><a class=\"class4\" title=\"Art_Les_filles_maghrebines.html\" href=\"http:\/\/www.jacques-pain.fr\/jacques-pain\/Art_Les_filles_maghrebines.html\" target=\"_blank\"><span class=\"style_12\">La question de la socialisation des filles maghr\u00e9bines en France<\/span><\/a> <span class=\"style_10\">(T) &#8211;\u00a0<\/span>Halima <span class=\"style_11\">Belhandouz<\/span><\/li>\n<li><a class=\"class5\" title=\"Art_Adolescence_et_insecurite.html\" href=\"http:\/\/www.jacques-pain.fr\/jacques-pain\/Art_Adolescence_et_insecurite.html\" target=\"_blank\"><span class=\"style_9\">Adolescence et ins\u00e9curit\u00e9 <\/span><\/a><span class=\"style_10\">(T) &#8211;\u00a0<\/span>Didier <span class=\"style_11\">Robin\u00a0<\/span><\/li>\n<li><a class=\"class6\" title=\"Art_La_Neuville_institution.html\" href=\"http:\/\/www.jacques-pain.fr\/jacques-pain\/Art_La_Neuville_institution.html\" target=\"_blank\"><span class=\"style_9\">La Neuville pour institution <\/span><\/a><span class=\"style_10\">(T) &#8211;\u00a0<\/span>Fabienne <span class=\"style_11\">d\u2019Ortoli<\/span>, Michel Amram<\/li>\n<li><a class=\"class7\" title=\"Art_La_PI_dinternat.html\" href=\"http:\/\/www.jacques-pain.fr\/jacques-pain\/Art_La_PI_dinternat.html\"><span class=\"style_9\">La p\u00e9dagogie institutionnelle en internat <\/span><\/a><span class=\"style_10\">(T) &#8211;\u00a0<\/span>Christine <span class=\"style_11\">Vander Borght<\/span><\/li>\n<li><a class=\"class8\" title=\"Art_Des_hommes_ordinaires.html\" href=\"http:\/\/www.jacques-pain.fr\/jacques-pain\/Art_Des_hommes_ordinaires.html\" target=\"_blank\">Ils \u00e9taient pourtant des hommes ordinaires<\/a> (<span class=\"style_13\">T) &#8211;\u00a0<\/span><span class=\"style_14\">Claude <\/span><span class=\"style_15\">Brichler<\/span><\/li>\n<li><a class=\"class9\" title=\"Art_La_relation_pedagogique.html\" href=\"http:\/\/www.jacques-pain.fr\/jacques-pain\/Art_La_relation_pedagogique.html\" target=\"_blank\">Relation p\u00e9dagogique et compl\u00e9mentarit\u00e9<\/a> <span class=\"style_13\">(T) &#8211;\u00a0<\/span><span class=\"style_14\">Claude <\/span><span class=\"style_15\">Brichler<\/span><\/li>\n<li><a class=\"class10\" title=\"Art_Le_panepistemon.html\" href=\"http:\/\/www.jacques-pain.fr\/jacques-pain\/Art_Le_panepistemon.html\" target=\"_blank\">Actualit\u00e9 du Panopticon : le Pan\u00e9pist\u00e9mon<\/a> <span class=\"style_13\">(T) &#8211;\u00a0<\/span><span class=\"style_14\">Philippe <\/span><span class=\"style_15\">Bernier<\/span><\/li>\n<li><a class=\"class11\" title=\"Art_La_PI_adaptee.html\" href=\"http:\/\/www.jacques-pain.fr\/jacques-pain\/Art_La_PI_adaptee.html\" target=\"_blank\">La p\u00e9dagogie institutionnelle adapt\u00e9e<\/a> (<span class=\"style_13\">T) &#8211;\u00a0<\/span>\u00a0 Sylvie <span class=\"style_11\">Canat<\/span><\/li>\n<li><a class=\"class13\" title=\"Art_Fragilite_sociale.html\" href=\"http:\/\/www.jacques-pain.fr\/jacques-pain\/Art_Fragilite_sociale.html\" target=\"_blank\"><span class=\"style_9\">De la fragilit\u00e9 de l\u2019enfant \u00e0 la fragilit\u00e9 sociale<\/span><\/a><span class=\"style_9\"> (<\/span><span class=\"style_10\">T) &#8211;\u00a0<\/span><span class=\"style_17\">Alain <\/span><span class=\"style_18\">Lenfant<\/span><\/li>\n<li><span class=\"style_12\"><a class=\"class14\" title=\"Art_cursus_Francais_Etrangers.html\" href=\"http:\/\/www.jacques-pain.fr\/jacques-pain\/Art_cursus_Francais_Etrangers.html\" target=\"_blank\">Les cursus de \u00abfran\u00e7ais pour \u00e9trangers\u00bb: du culturel au fonctionnel ?<\/a>\u00a0<\/span><span class=\"style_9\">(<\/span><span class=\"style_10\">T) &#8211;\u00a0<\/span><span class=\"style_17\">Alain <\/span><span class=\"style_18\">Lenfant<\/span><\/li>\n<li><a class=\"class15\" title=\"Art_cliniques_rapports_autorite.html\" href=\"http:\/\/www.jacques-pain.fr\/jacques-pain\/Art_cliniques_rapports_autorite.html\" target=\"_blank\"><span class=\"style_21\">Clinique des rapports \u00e0 l\u2019aut<\/span><span class=\"style_12\">orit\u00e9<\/span><\/a><span class=\"style_22\"> (<\/span><span class=\"style_10\">T) &#8211;\u00a0<\/span>Bernard <span class=\"style_11\">Gaillard<\/span><\/li>\n<li><span class=\"style_28\"><a class=\"class22\" title=\"Art_La_violence_a_lecole_dans_les_JT.html\" href=\"http:\/\/www.jacques-pain.fr\/jacques-pain\/Art_La_violence_a_lecole_dans_les_JT.html\" target=\"_blank\">La violence \u00e0 l\u2019\u00e9cole dans les journaux t\u00e9l\u00e9vis\u00e9s de France 1 et de France 2 entre 1995 et 2005<\/a>\u00a0&#8211;\u00a0<\/span>Mohammed <span class=\"style_27\">Darmame<\/span><\/li>\n<li><span class=\"style_28\"><a class=\"class23\" title=\"Art_Le_spectacle_TV_des_banlieues.html\" href=\"http:\/\/www.jacques-pain.fr\/jacques-pain\/Art_Le_spectacle_TV_des_banlieues.html\" target=\"_blank\">Le spectacle t\u00e9l\u00e9visuel de la jeunesse de banlieue : repr\u00e9sentations et mise en sc\u00e8ne &#8211;\u00a0<\/a><\/span>Mohammed <span class=\"style_27\">Darmame<\/span><\/li>\n<li><span class=\"style_28\"><a class=\"class24\" title=\"Art_La_sanction_oui_mais_educative.html\" href=\"http:\/\/www.jacques-pain.fr\/jacques-pain\/Art_La_sanction_oui_mais_educative.html\" target=\"_blank\">Pratiquer la sanction \u00e9ducative. Des perspectives ouvertes et des ambigu\u00eft\u00e9s de la circulaire n\u00b0 2011-111 du 1\u00e8 ao\u00fbt 2011<\/a>\u00a0&#8211;\u00a0<\/span>Bruno<span class=\"style_27\"> Robbes<\/span><\/li>\n<li><a class=\"class25\" title=\"http:\/\/www.calameo.com\/read\/0001620586981d5263142\" href=\"http:\/\/www.calameo.com\/read\/0001620586981d5263142\" target=\"_blank\"><span class=\"style_28\">P\u00e9dagogie Freinet et recherche<\/span><\/a><span class=\"style_28\">\u00a0&amp;\u00a0<\/span><span class=\"style_28\"><a href=\"http:\/\/www.jacques-pain.fr\/jacques-pain\/HDR_OF.html\" target=\"_blank\">Extrait de l\u2019HDR 2011, Tome 1<\/a>\u00a0&#8211;\u00a0<\/span>Olivier <span class=\"style_27\">Francomme<\/span><\/li>\n<li><span class=\"style_28\"><a title=\"Art_Lecole_de_la_nature.html\" href=\"http:\/\/www.jacques-pain.fr\/jacques-pain\/Art_Lecole_de_la_nature.html\" target=\"_blank\">De l\u2019\u00e9cole de la nature&#8230; \u00e0 la nature de l\u2019\u00e9cole<\/a>\u00a0&#8211;\u00a0<\/span>Olivier <span class=\"style_27\">Sigaut<\/span><\/li>\n<li><a title=\"Art_Lage_du_soin.html\" href=\"http:\/\/www.jacques-pain.fr\/jacques-pain\/Art_Lage_du_soin.html\" target=\"_blank\">L\u2019\u00e2ge du soin<\/a>\u00a0 &#8211; Catherine <span class=\"style_29\">de Luca-Bernier<\/span><\/li>\n<li><span class=\"style_30\"><a class=\"class27\" title=\"Art_J.Hebert_groupes.html\" href=\"http:\/\/www.jacques-pain.fr\/jacques-pain\/Art_J.Hebert_groupes.html\" target=\"_blank\">Violence interpersonnelle, violence institutionnelle, arts martiaux<\/a>\u00a0&#8211;\u00a0<\/span><span class=\"style_31\">Des contributions de<\/span> Jacques H\u00e9bert<\/li>\n<\/ul>\n<\/td>\n<\/tr>\n<\/tbody>\n<\/table>\n<p>&nbsp;<\/p>\n","protected":false},"excerpt":{"rendered":"<p>\u00a0Ces articles\u00a0sont \u00e0 votre disposition selon la convention suivante : Deux cas de figure\u00a0: (T)\u00a0= \u00ab\u00a0T\u00e9l\u00e9chargeable\u00a0\u00bb :\u00a0vous pouvez reproduire, diffuser, librement.\u00a0 (nT)\u00a0= \u00ab\u00a0non-T\u00e9l\u00e9chargeable\u00a0\u00bb mais vous pouvez, lire, citer. Dans les deux cas, il est n\u00e9cessaire d\u2019indiquer la r\u00e9f\u00e9rence bibliographique. L\u2019atelier des gros mots\u00a0(T) &#8211;\u00a0Jean-Luc Tilman\u00a0 Une p\u00e9dagogie \u00e9mancipatrice (T) &#8211;\u00a0\u00a0Jean-Pierre Nossent\u00a0 Adolescence et ins\u00e9curit\u00e9 (T) [&hellip;]<\/p>\n","protected":false},"author":1,"featured_media":0,"parent":0,"menu_order":0,"comment_status":"closed","ping_status":"closed","template":"","meta":{"footnotes":""},"_links":{"self":[{"href":"http:\/\/www.jacques-pain.fr\/jpwp\/wp-json\/wp\/v2\/pages\/976"}],"collection":[{"href":"http:\/\/www.jacques-pain.fr\/jpwp\/wp-json\/wp\/v2\/pages"}],"about":[{"href":"http:\/\/www.jacques-pain.fr\/jpwp\/wp-json\/wp\/v2\/types\/page"}],"author":[{"embeddable":true,"href":"http:\/\/www.jacques-pain.fr\/jpwp\/wp-json\/wp\/v2\/users\/1"}],"replies":[{"embeddable":true,"href":"http:\/\/www.jacques-pain.fr\/jpwp\/wp-json\/wp\/v2\/comments?post=976"}],"version-history":[{"count":19,"href":"http:\/\/www.jacques-pain.fr\/jpwp\/wp-json\/wp\/v2\/pages\/976\/revisions"}],"predecessor-version":[{"id":1478,"href":"http:\/\/www.jacques-pain.fr\/jpwp\/wp-json\/wp\/v2\/pages\/976\/revisions\/1478"}],"wp:attachment":[{"href":"http:\/\/www.jacques-pain.fr\/jpwp\/wp-json\/wp\/v2\/media?parent=976"}],"curies":[{"name":"wp","href":"https:\/\/api.w.org\/{rel}","templated":true}]}}